{"id":9483,"date":"2018-06-20T13:05:55","date_gmt":"2018-06-20T18:05:55","guid":{"rendered":"https:\/\/vieux.ivado.ca\/?page_id=9483"},"modified":"2020-03-04T16:25:30","modified_gmt":"2020-03-04T21:25:30","slug":"entrepreneur-postdoc-fellowships-2018","status":"publish","type":"page","link":"https:\/\/vieux.ivado.ca\/en\/ivado-scholarships\/entrepreneur-postdoc-fellowships-2018\/","title":{"rendered":"Entrepreneur &#8211; Postdoc Program 2019"},"content":{"rendered":"<h3><strong><img loading=\"lazy\" decoding=\"async\" class=\"aligncenter size-full wp-image-9485\" src=\"https:\/\/vieux.ivado.ca\/wp-content\/uploads\/2018\/06\/EntrepreneurPostdocFellowships.png\" alt=\"\" width=\"2174\" height=\"437\" srcset=\"https:\/\/vieux.ivado.ca\/wp-content\/uploads\/2018\/06\/EntrepreneurPostdocFellowships.png 2174w, https:\/\/vieux.ivado.ca\/wp-content\/uploads\/2018\/06\/EntrepreneurPostdocFellowships-300x60.png 300w, https:\/\/vieux.ivado.ca\/wp-content\/uploads\/2018\/06\/EntrepreneurPostdocFellowships-768x154.png 768w, https:\/\/vieux.ivado.ca\/wp-content\/uploads\/2018\/06\/EntrepreneurPostdocFellowships-1024x206.png 1024w\" sizes=\"(max-width: 2174px) 100vw, 2174px\" \/><\/strong><\/h3>\n<h3>Entrepreneur-Postdoc Program<\/h3>\n<div class=\"gdlr-shortcode-wrapper\"><div class=\"gdlr-item gdlr-tab-item horizontal\" ><div class=\"tab-title-wrapper\" ><h4 class=\"tab-title active\" ><span>General information<\/span><\/h4><h4 class=\"tab-title\" ><span>Program deadlines<\/span><\/h4><h4 class=\"tab-title\" ><span>Eligibility, review and funding<\/span><\/h4><h4 class=\"tab-title\" ><span>FAQ<\/span><\/h4><h4 class=\"tab-title\" ><span>Results - 2018 Contest<\/span><\/h4><h4 class=\"tab-title\" ><span>Results - 2019 Contest<\/span><\/h4><\/div><div class=\"tab-content-wrapper\" ><div class=\"tab-content active\" ><h3 class=\"gdlr-heading-shortcode \"  style=\"color: #000000;font-size: 16px;font-weight: bold;\" >Program description<\/h3>\n<ul>\n<li><strong>Program type<\/strong>: Postdoctoral fellowships to support research and development activities conducted to create a business enterprise based on the applicant\u2019s doctoral or prior postdoctoral research<\/li>\n<li><strong>Target areas<\/strong>: Data science, machine learning, artificial intelligence, operations research, data-driven innovation<\/li>\n<li><strong>Responsibilities<\/strong>: Next AI, an accelerator or incubator in the IVADO network shall oversee the entrepreneurship component. The academic supervisor shall oversee the scientific component.<\/li>\n<\/ul>\n<h3 class=\"gdlr-heading-shortcode \"  style=\"color: #000000;font-size: 16px;font-weight: bold;\" >Program objectives<\/h3>\n<p>The entrepreneur-postdoctoral fellowships program aims to:<\/p>\n<ul>\n<li>Enable the fellowship recipient to complete a marketable prototype of his\/her research and proof of concept and follow entrepreneurship training. At least one mentor from the business sector will work with the recipient to draft the business plan, find partners and secure initial funding. The business proposal must be in the data science sector, ideally in one of IVADO\u2019s areas of excellence: operations research, machine learning or decision science.<\/li>\n<li>Encourage new researchers to invest locally to develop new businesses based on scientific advances.<\/li>\n<\/ul>\n<h3 class=\"gdlr-heading-shortcode \"  style=\"color: #000000;font-size: 16px;font-weight: bold;\" >Supported Areas<\/h3>\n<p>The IVADO funding program for entrepreneur-postdoctoral fellowships will support business projects in the data science sector in the broad sense. Priority will be given to innovative product and service development initiatives based on potentially disruptive scientific advances with significant commercialization potential. Applications combining machine learning and operations research will have an advantage during the selection process.<\/p>\n<h3 class=\"gdlr-heading-shortcode \"  style=\"color: #000000;font-size: 16px;font-weight: bold;\" >Amount and term of the fellowship<\/h3>\n<ul>\n<li>Each fellowship totals&nbsp;$70k\/year, including benefits and taxes, for a period of up to 18 months fully funded by IVADO. The funding agreement will set out project milestones and the fellowship recipient\u2019s progress will be assessed periodically. The fellowship will initially be awarded for a period of 12 months and may be extended by 6 months, for an additional&nbsp;$35k, based on the recipient\u2019s progress.<\/li>\n<li>A maximal amount of&nbsp;$30k, as required, will be awarded to the recipient to fund the expenses incurred to attain the project objectives.<\/li>\n<\/ul>\n<p>Two fellowships may be granted as part of the fall 2019 edition of the competition. The fellowships are not renewable.<\/p>\n<\/div><div class=\"tab-content\" ><h3 class=\"gdlr-heading-shortcode \"  style=\"color: #000000;font-size: 16px;font-weight: bold;\" >Program deadlines<\/h3>\n<div dir=\"ltr\">\n<table>\n<tbody>\n<tr>\n<td style=\"text-align: left;\"><strong>Step<\/strong><\/td>\n<td>\n<div style=\"text-align: left;\"><strong>Date<\/strong><\/div>\n<\/td>\n<\/tr>\n<tr>\n<td>\n<div style=\"text-align: left;\">Deadline to submit the documents<\/div>\n<\/td>\n<td style=\"text-align: left;\">October 27th 2019, 23h59<\/td>\n<\/tr>\n<tr>\n<td style=\"text-align: left;\">Notification of the selection for review<\/td>\n<td style=\"text-align: left;\">November 15th 2019<\/td>\n<\/tr>\n<tr>\n<td style=\"text-align: left;\">Selected applicants interviews<\/td>\n<td style=\"text-align: left;\">Week of November 25th 2019<\/td>\n<\/tr>\n<tr>\n<td style=\"text-align: left;\">Notification of award<\/td>\n<td style=\"text-align: left;\">December 2nd 2019<\/td>\n<\/tr>\n<tr>\n<td style=\"text-align: left;\">Funding start date<\/td>\n<td style=\"text-align: left;\">Between January 1<sup style=\"text-transform:none;\">st<\/sup> 2020 and July 1<sup style=\"text-transform:none;\">st<\/sup> 2020<\/td>\n<\/tr>\n<\/tbody>\n<\/table>\n<\/div>\n<p>&nbsp;<\/p>\n<\/div><div class=\"tab-content\" ><h3 class=\"gdlr-heading-shortcode \"  style=\"color: #000000;font-size: 16px;font-weight: bold;\" >Eligibility<\/h3>\n<p><u>Entrepreneur-postdoctoral fellows must<\/u>:<\/p>\n<ul>\n<li>have earned a doctorate or completed postdoctoral training at least two years prior to the submission of the application or expect to earn a doctorate or complete postdoctoral training in the six months following the announcement of the competition results.\n<ul>\n<li>IVADO will give consideration to applicants who justify their career interruptions and\/or particular circumstances.<\/li>\n<\/ul>\n<\/li>\n<li>Own a significant part of the company funded or co-funded by the applicant<\/li>\n<\/ul>\n<p><u>Supervisors must<\/u>:<\/p>\n<ul>\n<li>have a faculty position (professorship) in one of the University of Montr\u00e9al Campus institutions: HEC Montr\u00e9al, Polytechnique Montr\u00e9al and\/or Universit\u00e9 de Montr\u00e9al.<\/li>\n<li>McGill University professors who seek to supervise a fellow must be members of an IVADO research group (MILA, CIRRELT, GERAD, CERC-data science, CRM and\/or Tech3Lab).<\/li>\n<li>If the above requirements are met, PhD candidate supervisors and co-supervisors are also eligible.<\/li>\n<\/ul>\n<h3 class=\"gdlr-heading-shortcode \"  style=\"color: #00000;font-size: 16px;font-weight: bold;\" >Funding start date<\/h3>\n<ol>\n<li>The applicant must have submitted his or her doctorate thesis by the funding start date.<\/li>\n<li>An intellectual property agreement must be signed before the funding start date (see annex for information on the key principles that will apply).<\/li>\n<\/ol>\n<h3 class=\"gdlr-heading-shortcode \"  style=\"color: #000000;font-size: 16px;font-weight: bold;\" >Assessment criteria<\/h3>\n<ol>\n<li>Quality of project (50%)\n<ol>\n<li>Originality and anticipated commercial impacts of the project<\/li>\n<li>Feasibility of the prototype and relevance of the host laboratory and supervisor<\/li>\n<li>Alignment of the project and Canada Research Excellence program objectives<\/li>\n<\/ol>\n<\/li>\n<\/ol>\n<ol start=\"2\">\n<li>Applicant\u2019s file (40%)\n<ol>\n<li>Quality of the doctoral thesis and academic excellence<\/li>\n<li>Applicant\u2019s entrepreneurial qualities, motivation to develop a business, extent and scope of his\/her experience (multidisciplinary, professional, extracurricular, etc.) and knowledge of the project\u2019s business area<\/li>\n<\/ol>\n<\/li>\n<\/ol>\n<ol start=\"3\">\n<li>Alignment of the project and the IVADO and Canada First Research Excellence Fund programs (10%)\n<ol>\n<li>Promotion of multidisciplinary collaborations<\/li>\n<li>Contribution to diversity<\/li>\n<\/ol>\n<\/li>\n<\/ol>\n<p>Applications will be assessed by a review committee made up of at least (1) one representative from entrepreneurship organisation (e.g., accelerator, incubator, etc.), (2) one representative from the community of investors in business start-up and (3) one member of the academic community. IVADO\u2019s entrepreneurship research advisor will serve as the chair of the review committee.<\/p>\n<h3 class=\"gdlr-heading-shortcode \"  style=\"color: #000000;font-size: 16px;font-weight: bold;\" >Application<\/h3>\n<ul>\n<li>A letter of application of a maximal length of 3 pages, written with single-line spaced used the Century Gothic Font with a size of 10. The letter should contain the following elements:\n<ul>\n<li>Description of the product to be developed as part of the fellowship (including its innovative aspects). The applicant must explain the work that was\/will be undertaken as part of his\/her doctorate and the work that will be undertaken during the fellowship period to release a functional prototype to be tested by the client. The applicant must provide a draft working plan that demonstrates how the prototype will be produced in the 18-month fellowship period.<\/li>\n<li>Explanation of the product\u2019s target market, the needs the project addresses, the interest expressed by future clients (if any; include the individuals\u2019 contact information) and the product\u2019s disruptive impact.<\/li>\n<li>Explanation of the reasons that motivate the applicant to become an entrepreneur and any relevant experience he\/she possesses.<\/li>\n<li>Any additional information deemed relevant to the application.<\/li>\n<\/ul>\n<\/li>\n<li>A r\u00e9sum\u00e9 detailing the applicant\u2019s academic and extracurricular activities<\/li>\n<li>A letter of support from the professor who will supervise the applicant\u2019s postdoctoral training<\/li>\n<\/ul>\n<p><strong>Complete applications will be submitted on our dedicated platform&nbsp;: <a href=\"https:\/\/ivado.smapply.io\/\" target=\"_blank\" rel=\"noopener noreferrer\">https:\/\/ivado.smapply.io\/<\/a><\/strong><\/p>\n<h3 class=\"gdlr-heading-shortcode \"  style=\"color: #000000;font-size: 16px;font-weight: bold;\" >Annex: Note\u00a0on intellectual property<\/h3>\n<p>Note on the basic intellectual property principles that will apply to the work undertaken as part of an entrepreneur-postdoctoral fellowship. This policy was approved by HEC Montr\u00e9al, Polytechnique Montr\u00e9al and Universit\u00e9 de Montr\u00e9al.<\/p>\n<p>The basic principles are as follows.<\/p>\n<ol>\n<li>The objective is to create a business enterprise based on the results of the project led by the postdoctoral fellow, which constitutes an applied research initiative. The results and intellectual property (IP) stemming from the project may be fully owned by the business enterprise once it is created (i.e. when the project\u2019s technological outcomes and the fellow\u2019s entrepreneurial qualities are sufficiently realized to support the business plan). This means that the Institution shall retain the IP rights until the business enterprise is created. Doing so prevents the need to implement a rights transfer process should the results not support the start-up process. In such cases, the Institution has no counterpart in the assignment of the IP rights. Should the IP rights not be assigned, they shall be jointly retained according to the institutional policies in effect for future marketing purposes.<\/li>\n<li>Should the postdoctoral project be based on pre-existing IP, the new business enterprise must obtain the rights to develop the pre-existing IP according to the standard technology transfer process. Doing so will ensure fair returns for those who contributed to the pre-existing IP with regard to the IP that the fellow will develop. In most cases, the more generic and cross-cutting findings will remain the property of the Institution in order to enable the pursuit of research in the academic context. These findings may be published and, if useful, the business enterprise may be granted a free license agreement.<\/li>\n<li>Any other major contributions to the fellow\u2019s project (e.g. by the supervisor, other students, other research funding programs, etc.) may be subject to specific agreements prior to the start of the project.<\/li>\n<\/ol>\n<\/div><div class=\"tab-content\" ><h3 class=\"gdlr-heading-shortcode \"  style=\"color: #00000;font-size: 16px;font-weight: bold;\" >FAQ<\/h3>\n<ul>\n<li><strong>What if my application exceeds the page limit?<\/strong>\n<ul>\n<li>Applications that exceed the page limit are automatically disqualified.<\/li>\n<\/ul>\n<\/li>\n<\/ul>\n<p>Other questions? Please submit them to:\u00a0<a href=\"mailto:jfconnolly@ivado.ca\">jfconnolly@ivado.ca<\/a><\/p>\n<\/div><div class=\"tab-content\" ><h3 class=\"gdlr-heading-shortcode \"  style=\"color: #00000;font-size: 16px;font-weight: bold;\" >R\u00e9sultats<\/h3>\n<div>\n<p>Le comit\u00e9 de s\u00e9lection du programme postdoctoral entrepreneur, compos\u00e9 de Fran\u00e7ois Bellavance, Isabelle Deschamps et Karl Theard, a proc\u00e9d\u00e9 \u00e0 l\u2019\u00e9valuation et au classement des candidatures. Les 2 bourses disponibles d\u2019un montant de 70k&nbsp;$ par ann\u00e9e, pour un maximum de dix-huit mois, seront attribu\u00e9es aux gagnants afin que ceux-ci puissent compl\u00e9ter la r\u00e9alisation d\u2019un prototype commercialisable issue de leur recherche et accompagn\u00e9es d\u2019un support en entrepreneuriat. Les gagnants et projets sont&nbsp;:<\/p>\n<p><b>Asad Lesani<\/b><\/p>\n<p>Le but de ce projet est de cr\u00e9er un prototype capable de g\u00e9n\u00e9rer des m\u00e9triques importantes pour les syst\u00e8mes de transport intelligents. La solution propos\u00e9e utilisera la technologie 3D LiDAR pour mesurer la distance des objets (stationnaire et mobile), les compter, mesurer leur vitesse et identifier leur classe en temps r\u00e9el. Ces donn\u00e9es seront disponibles localement ou via une plate-forme infonuagique. Ces m\u00e9triques pourront \u00eatre utilis\u00e9es pour l&#8217;optimisation des feux de signalisation en temps r\u00e9el, faire des analyses de s\u00e9curit\u00e9 et permettre une meilleure gestion et planification du r\u00e9seau de transport.<\/p>\n<p><b>Superviseur&nbsp;:<\/b> Luis Miranda-Moreno, Ph.D., professeur agr\u00e9g\u00e9 \u00e0 l\u2019universit\u00e9 McGill<\/p>\n<p><b>Marc-Andr\u00e9 Renaud<\/b><\/p>\n<p>L&#8217;objectif de ce projet est d&#8217;ajouter des fonctionnalit\u00e9s et d&#8217;am\u00e9liorer les performances des mod\u00e8les d&#8217;optimisation actuels de la plateforme Gray. Mise au point durant la th\u00e8se, la plateforme Gray att\u00e9nue la barri\u00e8re d\u2019entr\u00e9e pour la r\u00e9alisation de recherche, m\u00eame de base, sur la planification du traitement contre le cancer. L&#8217;objectif est d&#8217;offrir un produit comp\u00e9titif sur le march\u00e9 qui tirera parti de l&#8217;apprentissage profond pour aider \u00e0 une planification de traitement de radioth\u00e9rapie adaptative.<\/p>\n<\/div>\n<div>\n<p><b>Superviseur&nbsp;:<\/b> Louis-Martin Rousseau, Ph.D.,\u00a0 professeur titulaire \u00e0 l\u2019\u00c9cole polytechnique de Montr\u00e9al<\/p>\n<\/div>\n<div>\n<p>Nous leur souhaitons la bienvenue au sein la communaut\u00e9 IVADO et nos meilleurs v\u0153ux de succ\u00e8s.<\/p>\n<\/div>\n<\/div><div class=\"tab-content\" ><h3 class=\"gdlr-heading-shortcode \"  style=\"color: #00000;font-size: 16px;font-weight: bold;\" >R\u00e9sultats<\/h3>\n<div>\n<p>The selection committee for the 2019 Postdoctoral Entrepreneur Program, composed of Simon Dandavino, Jean-Marc Rousseau and Nada Zogheib, evaluated and ranked the applications. The two scholarships available in the amount of&nbsp;$70k per year, for a maximum of eighteen months, will be awarded to the winners so that they can complete the realization of a marketable prototype resulting from their research and accompanied by entrepreneurial support. The winners and projects are&nbsp;:<\/p>\n<p><strong>Sel\u00e7uk G\u00fcven<\/strong><\/p>\n<p><strong>Screening and Diagnosis Of Speech and Language Disorders in Children Using the AI<\/strong><\/p>\n<p>The goal of this project is to create a web platform where clinicians will be guided in<br \/>\nthe differentiation of childhood speech and language disorders by simply asking a<br \/>\nfew background questions and analyzing children\u2019s speech samples for speech and<br \/>\nlanguage errors. The proposed solution will use a speech recognition that is<br \/>\nsufficiently accurate in &#8220;disordered speech&#8221; which is going to be developed during the<br \/>\nproject and then an algorithm will be deployed for detailed error analysis. Part of this<br \/>\nproject was the fellow\u2019s postdoctoral project. The long-term goals of this project<br \/>\nincludes making this tool accessible by the parents too.<\/p>\n<p>Supervisor: Philippe Langlais, Ph.D., Full Professor at the University of Montr\u00e9al<\/p>\n<p><strong>Muhammad Sohail<\/strong><\/p>\n<p><strong>Development of machine learning-based tools to support therapeutic modulation of alternative splicing<\/strong><\/p>\n<p>Human genes are composed of protein coding sequences interrupted by non-coding sequences. The coding sequences are joined in different combinations during a key processing step called alternative splicing (AS). AS is often deregulated in diseases but its functional impact and strategies to correct it remain largely unknown because of its complexity and lack of computational tools to analyze large AS data sets. We will develop a set of computational tools using machine learning algorithms that will allow us to understand the role of deregulated AS in pathogenesis and to support the development of strategies for its therapeutic modulation.<\/p>\n<p><strong>Supervisor<\/strong>: S\u00e9bastien Lemieux, Ph.D., Associate Professor at the University of Montr\u00e9al<\/p>\n<\/div>\n<\/div><\/div><div class=\"clear\"><\/div><\/div><\/div>\n","protected":false},"excerpt":{"rendered":"<p>Entrepreneur-Postdoc Program<\/p>\n","protected":false},"author":14,"featured_media":0,"parent":9026,"menu_order":0,"comment_status":"closed","ping_status":"closed","template":"","meta":{"footnotes":""},"acf":[],"yoast_head":"<!-- This site is optimized with the Yoast SEO plugin v22.7 - https:\/\/yoast.com\/wordpress\/plugins\/seo\/ -->\n<title>Entrepreneur - Postdoc Program 2019 - IVADO<\/title>\n<meta name=\"robots\" content=\"noindex, follow, max-snippet:-1, max-image-preview:large, max-video-preview:-1\" \/>\n<meta property=\"og:locale\" content=\"en_US\" \/>\n<meta property=\"og:type\" content=\"article\" \/>\n<meta property=\"og:title\" content=\"Entrepreneur - Postdoc Program 2019 - IVADO\" \/>\n<meta property=\"og:description\" content=\"Entrepreneur-Postdoc Program\" \/>\n<meta property=\"og:url\" content=\"https:\/\/vieux.ivado.ca\/en\/ivado-scholarships\/entrepreneur-postdoc-fellowships-2018\/\" \/>\n<meta property=\"og:site_name\" content=\"IVADO\" \/>\n<meta property=\"article:modified_time\" content=\"2020-03-04T21:25:30+00:00\" \/>\n<meta property=\"og:image\" content=\"https:\/\/vieux.ivado.ca\/wp-content\/uploads\/2018\/06\/EntrepreneurPostdocFellowships.png\" \/>\n<meta name=\"twitter:card\" content=\"summary_large_image\" \/>\n<meta name=\"twitter:label1\" content=\"Est. reading time\" \/>\n\t<meta name=\"twitter:data1\" content=\"11 minutes\" \/>\n<script type=\"application\/ld+json\" class=\"yoast-schema-graph\">{\"@context\":\"https:\/\/schema.org\",\"@graph\":[{\"@type\":\"WebPage\",\"@id\":\"https:\/\/vieux.ivado.ca\/en\/ivado-scholarships\/entrepreneur-postdoc-fellowships-2018\/\",\"url\":\"https:\/\/vieux.ivado.ca\/en\/ivado-scholarships\/entrepreneur-postdoc-fellowships-2018\/\",\"name\":\"Entrepreneur - Postdoc Program 2019 - IVADO\",\"isPartOf\":{\"@id\":\"https:\/\/vieux.ivado.ca\/#website\"},\"primaryImageOfPage\":{\"@id\":\"https:\/\/vieux.ivado.ca\/en\/ivado-scholarships\/entrepreneur-postdoc-fellowships-2018\/#primaryimage\"},\"image\":{\"@id\":\"https:\/\/vieux.ivado.ca\/en\/ivado-scholarships\/entrepreneur-postdoc-fellowships-2018\/#primaryimage\"},\"thumbnailUrl\":\"https:\/\/vieux.ivado.ca\/wp-content\/uploads\/2018\/06\/EntrepreneurPostdocFellowships.png\",\"datePublished\":\"2018-06-20T18:05:55+00:00\",\"dateModified\":\"2020-03-04T21:25:30+00:00\",\"breadcrumb\":{\"@id\":\"https:\/\/vieux.ivado.ca\/en\/ivado-scholarships\/entrepreneur-postdoc-fellowships-2018\/#breadcrumb\"},\"inLanguage\":\"en-US\",\"potentialAction\":[{\"@type\":\"ReadAction\",\"target\":[\"https:\/\/vieux.ivado.ca\/en\/ivado-scholarships\/entrepreneur-postdoc-fellowships-2018\/\"]}]},{\"@type\":\"ImageObject\",\"inLanguage\":\"en-US\",\"@id\":\"https:\/\/vieux.ivado.ca\/en\/ivado-scholarships\/entrepreneur-postdoc-fellowships-2018\/#primaryimage\",\"url\":\"https:\/\/vieux.ivado.ca\/wp-content\/uploads\/2018\/06\/EntrepreneurPostdocFellowships.png\",\"contentUrl\":\"https:\/\/vieux.ivado.ca\/wp-content\/uploads\/2018\/06\/EntrepreneurPostdocFellowships.png\"},{\"@type\":\"BreadcrumbList\",\"@id\":\"https:\/\/vieux.ivado.ca\/en\/ivado-scholarships\/entrepreneur-postdoc-fellowships-2018\/#breadcrumb\",\"itemListElement\":[{\"@type\":\"ListItem\",\"position\":1,\"name\":\"Accueil\",\"item\":\"https:\/\/vieux.ivado.ca\/en\/\"},{\"@type\":\"ListItem\",\"position\":2,\"name\":\"IVADO scholarships\",\"item\":\"https:\/\/vieux.ivado.ca\/en\/ivado-scholarships\/\"},{\"@type\":\"ListItem\",\"position\":3,\"name\":\"Entrepreneur &#8211; Postdoc Program 2019\"}]},{\"@type\":\"WebSite\",\"@id\":\"https:\/\/vieux.ivado.ca\/#website\",\"url\":\"https:\/\/vieux.ivado.ca\/\",\"name\":\"IVADO\",\"description\":\"Institut de valorisation des donn\u00e9es\",\"potentialAction\":[{\"@type\":\"SearchAction\",\"target\":{\"@type\":\"EntryPoint\",\"urlTemplate\":\"https:\/\/vieux.ivado.ca\/?s={search_term_string}\"},\"query-input\":\"required name=search_term_string\"}],\"inLanguage\":\"en-US\"}]}<\/script>\n<!-- \/ Yoast SEO plugin. -->","yoast_head_json":{"title":"Entrepreneur - Postdoc Program 2019 - IVADO","robots":{"index":"noindex","follow":"follow","max-snippet":"max-snippet:-1","max-image-preview":"max-image-preview:large","max-video-preview":"max-video-preview:-1"},"og_locale":"en_US","og_type":"article","og_title":"Entrepreneur - Postdoc Program 2019 - IVADO","og_description":"Entrepreneur-Postdoc Program","og_url":"https:\/\/vieux.ivado.ca\/en\/ivado-scholarships\/entrepreneur-postdoc-fellowships-2018\/","og_site_name":"IVADO","article_modified_time":"2020-03-04T21:25:30+00:00","og_image":[{"url":"https:\/\/vieux.ivado.ca\/wp-content\/uploads\/2018\/06\/EntrepreneurPostdocFellowships.png"}],"twitter_card":"summary_large_image","twitter_misc":{"Est. reading time":"11 minutes"},"schema":{"@context":"https:\/\/schema.org","@graph":[{"@type":"WebPage","@id":"https:\/\/vieux.ivado.ca\/en\/ivado-scholarships\/entrepreneur-postdoc-fellowships-2018\/","url":"https:\/\/vieux.ivado.ca\/en\/ivado-scholarships\/entrepreneur-postdoc-fellowships-2018\/","name":"Entrepreneur - Postdoc Program 2019 - IVADO","isPartOf":{"@id":"https:\/\/vieux.ivado.ca\/#website"},"primaryImageOfPage":{"@id":"https:\/\/vieux.ivado.ca\/en\/ivado-scholarships\/entrepreneur-postdoc-fellowships-2018\/#primaryimage"},"image":{"@id":"https:\/\/vieux.ivado.ca\/en\/ivado-scholarships\/entrepreneur-postdoc-fellowships-2018\/#primaryimage"},"thumbnailUrl":"https:\/\/vieux.ivado.ca\/wp-content\/uploads\/2018\/06\/EntrepreneurPostdocFellowships.png","datePublished":"2018-06-20T18:05:55+00:00","dateModified":"2020-03-04T21:25:30+00:00","breadcrumb":{"@id":"https:\/\/vieux.ivado.ca\/en\/ivado-scholarships\/entrepreneur-postdoc-fellowships-2018\/#breadcrumb"},"inLanguage":"en-US","potentialAction":[{"@type":"ReadAction","target":["https:\/\/vieux.ivado.ca\/en\/ivado-scholarships\/entrepreneur-postdoc-fellowships-2018\/"]}]},{"@type":"ImageObject","inLanguage":"en-US","@id":"https:\/\/vieux.ivado.ca\/en\/ivado-scholarships\/entrepreneur-postdoc-fellowships-2018\/#primaryimage","url":"https:\/\/vieux.ivado.ca\/wp-content\/uploads\/2018\/06\/EntrepreneurPostdocFellowships.png","contentUrl":"https:\/\/vieux.ivado.ca\/wp-content\/uploads\/2018\/06\/EntrepreneurPostdocFellowships.png"},{"@type":"BreadcrumbList","@id":"https:\/\/vieux.ivado.ca\/en\/ivado-scholarships\/entrepreneur-postdoc-fellowships-2018\/#breadcrumb","itemListElement":[{"@type":"ListItem","position":1,"name":"Accueil","item":"https:\/\/vieux.ivado.ca\/en\/"},{"@type":"ListItem","position":2,"name":"IVADO scholarships","item":"https:\/\/vieux.ivado.ca\/en\/ivado-scholarships\/"},{"@type":"ListItem","position":3,"name":"Entrepreneur &#8211; Postdoc Program 2019"}]},{"@type":"WebSite","@id":"https:\/\/vieux.ivado.ca\/#website","url":"https:\/\/vieux.ivado.ca\/","name":"IVADO","description":"Institut de valorisation des donn\u00e9es","potentialAction":[{"@type":"SearchAction","target":{"@type":"EntryPoint","urlTemplate":"https:\/\/vieux.ivado.ca\/?s={search_term_string}"},"query-input":"required name=search_term_string"}],"inLanguage":"en-US"}]}},"_links":{"self":[{"href":"https:\/\/vieux.ivado.ca\/en\/wp-json\/wp\/v2\/pages\/9483\/"}],"collection":[{"href":"https:\/\/vieux.ivado.ca\/en\/wp-json\/wp\/v2\/pages\/"}],"about":[{"href":"https:\/\/vieux.ivado.ca\/en\/wp-json\/wp\/v2\/types\/page\/"}],"author":[{"embeddable":true,"href":"https:\/\/vieux.ivado.ca\/en\/wp-json\/wp\/v2\/users\/14\/"}],"replies":[{"embeddable":true,"href":"https:\/\/vieux.ivado.ca\/en\/wp-json\/wp\/v2\/comments\/?post=9483"}],"version-history":[{"count":0,"href":"https:\/\/vieux.ivado.ca\/en\/wp-json\/wp\/v2\/pages\/9483\/revisions\/"}],"up":[{"embeddable":true,"href":"https:\/\/vieux.ivado.ca\/en\/wp-json\/wp\/v2\/pages\/9026\/"}],"wp:attachment":[{"href":"https:\/\/vieux.ivado.ca\/en\/wp-json\/wp\/v2\/media\/?parent=9483"}],"curies":[{"name":"wp","href":"https:\/\/api.w.org\/{rel}","templated":true}]}}