{"id":6693,"date":"2016-11-21T16:58:32","date_gmt":"2016-11-21T21:58:32","guid":{"rendered":"https:\/\/vieux.ivado.ca\/?page_id=6693\/"},"modified":"2020-09-01T14:38:46","modified_gmt":"2020-09-01T18:38:46","slug":"jobs-and-internships","status":"publish","type":"page","link":"https:\/\/vieux.ivado.ca\/en\/jobs-and-internships\/","title":{"rendered":"Join our team"},"content":{"rendered":"<p>[vc_row][vc_column][vc_column_text]<\/p>\n<h3>Chez IVADO<\/h3>\n<p>[\/vc_column_text][\/vc_column][\/vc_row][vc_row disable_element=&#8221;yes&#8221;][vc_column][vc_column_text]Nous n&#8217;avons aucun poste disponible actuellement.[\/vc_column_text][\/vc_column][\/vc_row][vc_row disable_element=&#8221;yes&#8221;][vc_column][vc_column_text]IVADO est \u00e0 la recherche d&#8217;un\u00b7e <a href=\"https:\/\/vieux.ivado.ca\/en\/news\/conseiller-conseillere-en-developpement-de-contenu-en-intelligence-numerique\/\">Expert.e en intelligence num\u00e9rique &#8211; Formation professionnelle<\/a>. Sous la supervision du directeur des programmes scientifiques, vous contribuerez au d\u00e9veloppement du programme de formation en intelligence num\u00e9rique \u201cDe la donn\u00e9e \u00e0 la d\u00e9cision\u201d qui s\u2019inscrit dans le cadre d\u2019un partenariat entre l\u2019Institut de valorisation des donn\u00e9es (IVADO), le Centre de p\u00e9dagogie universitaire (CPU) et la Facult\u00e9 de l\u2019\u00e9ducation permanente (FEP) et financ\u00e9 par le Centre des Comp\u00e9tences du futur.<\/p>\n<p>La personne titulaire sera responsable, en collaboration avec la FEP, du d\u00e9veloppement d\u2019une certification professionnelle de calibre international en intelligence num\u00e9rique. En collaboration \u00e9troite avec la responsable du programme de formation, elle s&#8217;assurera en plus de la coh\u00e9sion, de la pertinence ainsi que de l\u2019excellence du contenu d\u00e9velopp\u00e9 et propos\u00e9 par IVADO dans son offre de formation en pr\u00e9sentiel et en ligne, disponible \u00e0 l\u2019international sur <em>edX<\/em>.[\/vc_column_text][\/vc_column][\/vc_row][vc_row][vc_column][vc_column_text]IVADO est \u00e0 la recherche d&#8217;un\u00b7e <a href=\"https:\/\/vieux.ivado.ca\/actualites\/directeur-directrice-talents-en-intelligence-numerique\/\">Directeur.trice &#8211; Talents en intelligence num\u00e9rique<\/a>. Sous la direction de la Directrice g\u00e9n\u00e9rale adjointe, et en \u00e9troite collaboration avec Scale AI, le titulaire a pour mandat de soutenir la mise en place du nouveau programme de Scale AI de formation continue pour le d\u00e9veloppement de talents en intelligence num\u00e9rique au Canada. Il agit \u00e0 titre d\u2019expert acad\u00e9mique et propose un plan d&#8217;actions qui tient compte de la planification strat\u00e9gique de ses bailleurs de fonds. Il met en place une organisation du travail permettant de maximiser l&#8217;efficacit\u00e9 et l&#8217;efficience des services sous sa responsabilit\u00e9.[\/vc_column_text][\/vc_column][\/vc_row][vc_row disable_element=&#8221;yes&#8221;][vc_column][vc_column_text]IVADO est \u00e0 la recherche d&#8217;un\u00b7e <a href=\"https:\/\/vieux.ivado.ca\/actualites\/conseiller-conseillere-a-lequite-la-diversite-et-linclusion-edi\/\">Conseiller \/ Conseill\u00e8re \u00e0 l\u2019\u00e9quit\u00e9, la diversit\u00e9 et l\u2019inclusion (EDI)<\/a>. Relevant de la Directrice g\u00e9n\u00e9rale adjointe d\u2019IVADO, le conseiller ou la conseill\u00e8re \u00e0 l\u2019\u00e9quit\u00e9, la diversit\u00e9 et l\u2019inclusion (EDI) joue un r\u00f4le-conseil dans l\u2019\u00e9laboration et la mise en \u0153uvre d\u2019orientations, de strat\u00e9gies et de pratiques en EDI afin de faire d\u2019IVADO un milieu de recherche plus \u00e9quitable, diversifi\u00e9 et inclusif. La personne titulaire du poste initie, soutient et\/ou coordonne des projets et programmes en lien avec son portfolio et produit des documents de communication et de reddition de comptes.<\/p>\n<p>Le conseiller ou la conseill\u00e8re est \u00e9galement appel\u00e9\u00b7e \u00e0 travailler de concert avec diff\u00e9rents acteurs, organismes et instances tant internes qu\u2019externes et \u00e0 exercer un r\u00f4le de repr\u00e9sentation pour le rayonnement d\u2019IVADO.[\/vc_column_text][\/vc_column][\/vc_row][vc_row disable_element=&#8221;yes&#8221;][vc_column][vc_column_text]IVADO est \u00e0 la recherche d&#8217;un\u00b7e <a href=\"https:\/\/vieux.ivado.ca\/actualites\/conseiller%c2%b7ere-en-gestion-financiere\/\" target=\"_blank\" rel=\"noopener noreferrer\">Conseiller\u00b7\u00e8re en gestion financi\u00e8re<\/a>. Sous la direction de la Chef de section \u2013 Administration d\u2019IVADO, vous aurez comme principal mandat d\u2019assurer la coordination des activit\u00e9s li\u00e9es aux op\u00e9rations budg\u00e9taires et \u00e0 la gestion administrative. Vous agirez comme personne ressource aupr\u00e8s de diff\u00e9rents groupes pour le bon fonctionnement administratif et financier d\u2019IVADO.[\/vc_column_text][\/vc_column][\/vc_row][vc_row disable_element=&#8221;yes&#8221;][vc_column][vc_column_text]IVADO est \u00e0 la recherche d&#8217;un\u00b7e <a href=\"https:\/\/vieux.ivado.ca\/actualites\/coordonnateur-coordonnatrice-a-la-formation-en-ligne\/\" target=\"_blank\" rel=\"noopener noreferrer\">Coordonnateur \/ Coordonnatrice \u00e0 la formation en ligne<\/a>. Sous la direction du Directeur des Programmes scientifiques, la personne titulaire du poste assumera la gestion et la coordination des cours en ligne (MOOC) que IVADO compte d\u00e9velopper dans un contexte d\u2019apprentissage continu (Lifelong Learning) et dans le cadre du nouveau partenariat entre l\u2019UdeM et la plateforme internationale edx. La personne titulaire accompagnera IVADO afin d\u2019offrir \u00e0 sa client\u00e8le diverses options d\u2019apprentissage en ligne dans les domaines de l\u2019intelligence num\u00e9rique, en plus des formations en pr\u00e9sentiel. Elle aura l\u2019opportunit\u00e9 de participer au processus de cr\u00e9ation des MOOC d\u00e9velopp\u00e9s par IVADO et ses partenaires, et pourra profiter elle-m\u00eame d\u2019une occasion d\u2019apprentissage des divers contenus.[\/vc_column_text][\/vc_column][\/vc_row][vc_row disable_element=&#8221;yes&#8221;][vc_column][vc_column_text]IVADO est \u00e0 la recherche d&#8217;un\u00b7e <a href=\"https:\/\/vieux.ivado.ca\/actualites\/coordonnateur-coordonnatrice-talents-en-intelligence-numerique\/\" target=\"_blank\" rel=\"noopener noreferrer\">Coordonnateur \/ Coordonnatrice &#8211; Programmes de formation continue en intelligence num\u00e9rique<\/a>. Sous la direction du directeur des programmes scientifiques et en collaboration avec celui-ci, le coordonnateur ou la coordonnatrice aux activit\u00e9s \u00e9tudiantes et scientifiques contribue directement \u00e0 la planification, la supervision, la r\u00e9alisation, la promotion et le suivi des activit\u00e9s li\u00e9es \u00e0 l\u2019animation de la communaut\u00e9 \u00e9tudiante. Il ou elle met en place, coordonne et anime la communaut\u00e9 de recherche li\u00e9e \u00e0 IVADO (\u00e9tudiants, chercheurs, associations \u00e9tudiantes, etc.).[\/vc_column_text][\/vc_column][\/vc_row][vc_row disable_element=&#8221;yes&#8221;][vc_column][vc_column_text]<\/p>\n<h3>Chez Consortium Sant\u00e9 Num\u00e9rique<\/h3>\n<p>[\/vc_column_text][\/vc_column][\/vc_row][vc_row disable_element=&#8221;yes&#8221;][vc_column][vc_column_text]Le <a href=\"https:\/\/santenumerique.umontreal.ca\/accueil\/\" target=\"_blank\" rel=\"noopener noreferrer\">Consortium Sant\u00e9 Num\u00e9rique<\/a> est \u00e0 la recherche de quatre <a href=\"https:\/\/vieux.ivado.ca\/actualites\/specialiste-de-donnees-bio-informaticien-ingenieur-ou-scientifique-de-donnees\/\" target=\"_blank\" rel=\"noopener noreferrer\">Sp\u00e9cialistes de donn\u00e9es (bio-informaticien, ing\u00e9nieur ou scientifique de donn\u00e9es)<\/a>. Sous l&#8217;autorit\u00e9 du directeur du Consortium Sant\u00e9 Num\u00e9rique, le titulaire ou la titulaire de ce poste fait partie d&#8217;une \u00e9quipe de professionnels hautement qualifi\u00e9s, d\u00e9ploy\u00e9s au sein du r\u00e9seau de l&#8217;Universit\u00e9 de Montr\u00e9al. En collaboration avec les autres membres de l&#8217;\u00e9quipe, cette personne soutient le d\u00e9veloppement et la mise en \u0153uvre de projets structurants et f\u00e9d\u00e9rateurs utilisant des donn\u00e9es massives dans le domaine de la sant\u00e9. Elle voit aussi au partage des m\u00e9thodologies et savoir-faire entre les diff\u00e9rentes composantes du Consortium Sant\u00e9 Num\u00e9rique.[\/vc_column_text][\/vc_column][\/vc_row]<\/p>\n","protected":false},"excerpt":{"rendered":"<p>[vc_row][vc_column][vc_column_text] Chez IVADO [\/vc_column_text][\/vc_column][\/vc_row][vc_row disable_element=&#8221;yes&#8221;][vc_column][vc_column_text]Nous n&#8217;avons aucun poste disponible actuellement.[\/vc_column_text][\/vc_column][\/vc_row][vc_row disable_element=&#8221;yes&#8221;][vc_column][vc_column_text]IVADO est \u00e0 la recherche d&#8217;un\u00b7e Expert.e en intelligence num\u00e9rique &#8211; Formation professionnelle. Sous la supervision du directeur des programmes&#8230; <\/p>\n<div class=\"clear\"><\/div>\n<p><a href=\"https:\/\/vieux.ivado.ca\/en\/jobs-and-internships\/\" class=\"gdlr-button with-border excerpt-read-more\">Read More<\/a><\/p>\n","protected":false},"author":14,"featured_media":0,"parent":0,"menu_order":0,"comment_status":"closed","ping_status":"closed","template":"","meta":{"footnotes":""},"acf":[],"yoast_head":"<!-- This site is optimized with the Yoast SEO plugin v22.7 - https:\/\/yoast.com\/wordpress\/plugins\/seo\/ -->\n<title>Join our team - IVADO<\/title>\n<meta name=\"robots\" content=\"noindex, follow, max-snippet:-1, max-image-preview:large, max-video-preview:-1\" \/>\n<meta property=\"og:locale\" content=\"en_US\" \/>\n<meta property=\"og:type\" content=\"article\" \/>\n<meta property=\"og:title\" content=\"Join our team - IVADO\" \/>\n<meta property=\"og:description\" content=\"[vc_row][vc_column][vc_column_text] Chez IVADO [\/vc_column_text][\/vc_column][\/vc_row][vc_row disable_element=&#8221;yes&#8221;][vc_column][vc_column_text]Nous n&#8217;avons aucun poste disponible actuellement.[\/vc_column_text][\/vc_column][\/vc_row][vc_row disable_element=&#8221;yes&#8221;][vc_column][vc_column_text]IVADO est \u00e0 la recherche d&#8217;un\u00b7e Expert.e en intelligence num\u00e9rique &#8211; Formation professionnelle. Sous la supervision du directeur des programmes... Read More\" \/>\n<meta property=\"og:url\" content=\"https:\/\/vieux.ivado.ca\/en\/jobs-and-internships\/\" \/>\n<meta property=\"og:site_name\" content=\"IVADO\" \/>\n<meta property=\"article:modified_time\" content=\"2020-09-01T18:38:46+00:00\" \/>\n<meta name=\"twitter:card\" content=\"summary_large_image\" \/>\n<meta name=\"twitter:label1\" content=\"Est. reading time\" \/>\n\t<meta name=\"twitter:data1\" content=\"5 minutes\" \/>\n<script type=\"application\/ld+json\" class=\"yoast-schema-graph\">{\"@context\":\"https:\/\/schema.org\",\"@graph\":[{\"@type\":\"WebPage\",\"@id\":\"https:\/\/vieux.ivado.ca\/en\/jobs-and-internships\/\",\"url\":\"https:\/\/vieux.ivado.ca\/en\/jobs-and-internships\/\",\"name\":\"Join our team - IVADO\",\"isPartOf\":{\"@id\":\"https:\/\/vieux.ivado.ca\/#website\"},\"datePublished\":\"2016-11-21T21:58:32+00:00\",\"dateModified\":\"2020-09-01T18:38:46+00:00\",\"breadcrumb\":{\"@id\":\"https:\/\/vieux.ivado.ca\/en\/jobs-and-internships\/#breadcrumb\"},\"inLanguage\":\"en-US\",\"potentialAction\":[{\"@type\":\"ReadAction\",\"target\":[\"https:\/\/vieux.ivado.ca\/en\/jobs-and-internships\/\"]}]},{\"@type\":\"BreadcrumbList\",\"@id\":\"https:\/\/vieux.ivado.ca\/en\/jobs-and-internships\/#breadcrumb\",\"itemListElement\":[{\"@type\":\"ListItem\",\"position\":1,\"name\":\"Accueil\",\"item\":\"https:\/\/vieux.ivado.ca\/en\/\"},{\"@type\":\"ListItem\",\"position\":2,\"name\":\"Join our team\"}]},{\"@type\":\"WebSite\",\"@id\":\"https:\/\/vieux.ivado.ca\/#website\",\"url\":\"https:\/\/vieux.ivado.ca\/\",\"name\":\"IVADO\",\"description\":\"Institut de valorisation des donn\u00e9es\",\"potentialAction\":[{\"@type\":\"SearchAction\",\"target\":{\"@type\":\"EntryPoint\",\"urlTemplate\":\"https:\/\/vieux.ivado.ca\/?s={search_term_string}\"},\"query-input\":\"required name=search_term_string\"}],\"inLanguage\":\"en-US\"}]}<\/script>\n<!-- \/ Yoast SEO plugin. -->","yoast_head_json":{"title":"Join our team - IVADO","robots":{"index":"noindex","follow":"follow","max-snippet":"max-snippet:-1","max-image-preview":"max-image-preview:large","max-video-preview":"max-video-preview:-1"},"og_locale":"en_US","og_type":"article","og_title":"Join our team - IVADO","og_description":"[vc_row][vc_column][vc_column_text] Chez IVADO [\/vc_column_text][\/vc_column][\/vc_row][vc_row disable_element=&#8221;yes&#8221;][vc_column][vc_column_text]Nous n&#8217;avons aucun poste disponible actuellement.[\/vc_column_text][\/vc_column][\/vc_row][vc_row disable_element=&#8221;yes&#8221;][vc_column][vc_column_text]IVADO est \u00e0 la recherche d&#8217;un\u00b7e Expert.e en intelligence num\u00e9rique &#8211; Formation professionnelle. Sous la supervision du directeur des programmes... Read More","og_url":"https:\/\/vieux.ivado.ca\/en\/jobs-and-internships\/","og_site_name":"IVADO","article_modified_time":"2020-09-01T18:38:46+00:00","twitter_card":"summary_large_image","twitter_misc":{"Est. reading time":"5 minutes"},"schema":{"@context":"https:\/\/schema.org","@graph":[{"@type":"WebPage","@id":"https:\/\/vieux.ivado.ca\/en\/jobs-and-internships\/","url":"https:\/\/vieux.ivado.ca\/en\/jobs-and-internships\/","name":"Join our team - IVADO","isPartOf":{"@id":"https:\/\/vieux.ivado.ca\/#website"},"datePublished":"2016-11-21T21:58:32+00:00","dateModified":"2020-09-01T18:38:46+00:00","breadcrumb":{"@id":"https:\/\/vieux.ivado.ca\/en\/jobs-and-internships\/#breadcrumb"},"inLanguage":"en-US","potentialAction":[{"@type":"ReadAction","target":["https:\/\/vieux.ivado.ca\/en\/jobs-and-internships\/"]}]},{"@type":"BreadcrumbList","@id":"https:\/\/vieux.ivado.ca\/en\/jobs-and-internships\/#breadcrumb","itemListElement":[{"@type":"ListItem","position":1,"name":"Accueil","item":"https:\/\/vieux.ivado.ca\/en\/"},{"@type":"ListItem","position":2,"name":"Join our team"}]},{"@type":"WebSite","@id":"https:\/\/vieux.ivado.ca\/#website","url":"https:\/\/vieux.ivado.ca\/","name":"IVADO","description":"Institut de valorisation des donn\u00e9es","potentialAction":[{"@type":"SearchAction","target":{"@type":"EntryPoint","urlTemplate":"https:\/\/vieux.ivado.ca\/?s={search_term_string}"},"query-input":"required name=search_term_string"}],"inLanguage":"en-US"}]}},"_links":{"self":[{"href":"https:\/\/vieux.ivado.ca\/en\/wp-json\/wp\/v2\/pages\/6693\/"}],"collection":[{"href":"https:\/\/vieux.ivado.ca\/en\/wp-json\/wp\/v2\/pages\/"}],"about":[{"href":"https:\/\/vieux.ivado.ca\/en\/wp-json\/wp\/v2\/types\/page\/"}],"author":[{"embeddable":true,"href":"https:\/\/vieux.ivado.ca\/en\/wp-json\/wp\/v2\/users\/14\/"}],"replies":[{"embeddable":true,"href":"https:\/\/vieux.ivado.ca\/en\/wp-json\/wp\/v2\/comments\/?post=6693"}],"version-history":[{"count":0,"href":"https:\/\/vieux.ivado.ca\/en\/wp-json\/wp\/v2\/pages\/6693\/revisions\/"}],"wp:attachment":[{"href":"https:\/\/vieux.ivado.ca\/en\/wp-json\/wp\/v2\/media\/?parent=6693"}],"curies":[{"name":"wp","href":"https:\/\/api.w.org\/{rel}","templated":true}]}}