{"id":21502,"date":"2020-05-19T15:41:01","date_gmt":"2020-05-19T19:41:01","guid":{"rendered":"https:\/\/vieux.ivado.ca\/webinaire-formation-vulgarisation-scientifique-et-intelligence-numerique\/"},"modified":"2020-05-22T12:14:14","modified_gmt":"2020-05-22T16:14:14","slug":"webinaire-formation-vulgarisation-scientifique-et-intelligence-numerique","status":"publish","type":"page","link":"https:\/\/vieux.ivado.ca\/en\/webinaire-formation-vulgarisation-scientifique-et-intelligence-numerique\/","title":{"rendered":"Formation IVADO"},"content":{"rendered":"<p>[vc_row][vc_column][vc_column_text]<img loading=\"lazy\" decoding=\"async\" class=\"alignnone size-full wp-image-21510\" src=\"https:\/\/vieux.ivado.ca\/wp-content\/uploads\/2020\/05\/IVADO_Vulgarisation-scientifique_646X220_LinkedIn.jpg\" alt=\"\" width=\"1347\" height=\"460\" srcset=\"https:\/\/vieux.ivado.ca\/wp-content\/uploads\/2020\/05\/IVADO_Vulgarisation-scientifique_646X220_LinkedIn.jpg 1347w, https:\/\/vieux.ivado.ca\/wp-content\/uploads\/2020\/05\/IVADO_Vulgarisation-scientifique_646X220_LinkedIn-300x102.jpg 300w, https:\/\/vieux.ivado.ca\/wp-content\/uploads\/2020\/05\/IVADO_Vulgarisation-scientifique_646X220_LinkedIn-1024x350.jpg 1024w, https:\/\/vieux.ivado.ca\/wp-content\/uploads\/2020\/05\/IVADO_Vulgarisation-scientifique_646X220_LinkedIn-768x262.jpg 768w, https:\/\/vieux.ivado.ca\/wp-content\/uploads\/2020\/05\/IVADO_Vulgarisation-scientifique_646X220_LinkedIn-400x137.jpg 400w, https:\/\/vieux.ivado.ca\/wp-content\/uploads\/2020\/05\/IVADO_Vulgarisation-scientifique_646X220_LinkedIn-700x239.jpg 700w, https:\/\/vieux.ivado.ca\/wp-content\/uploads\/2020\/05\/IVADO_Vulgarisation-scientifique_646X220_LinkedIn-120x41.jpg 120w\" sizes=\"(max-width: 1347px) 100vw, 1347px\" \/>[\/vc_column_text][\/vc_column][\/vc_row][vc_row][vc_column width=&#8221;2\/3&#8243;][vc_empty_space height=&#8221;10px&#8221;][vc_column_text]<\/p>\n<h3><strong><span style=\"color: #0071ba;\">4 juin 2020 &#8211; 10 h 00 \u00e0 12 h 00<\/span><\/strong><\/h3>\n<p>[\/vc_column_text][vc_empty_space][\/vc_column][vc_column width=&#8221;1\/3&#8243;][\/vc_column][\/vc_row][vc_row equal_height=&#8221;yes&#8221; el_class=&#8221;naked clearboth&#8221; css=&#8221;.vc_custom_1554726987628{margin-top: -40px !important;}&#8221;][vc_column][vc_tta_tabs][vc_tta_section i_type=&#8221;openiconic&#8221; i_icon_openiconic=&#8221;vc-oi vc-oi-mic&#8221; add_icon=&#8221;true&#8221; title=&#8221;\u00c0 propos&#8221; tab_id=&#8221;A-propos&#8221;][vc_empty_space height=&#8221;30px&#8221;][vc_icon type=&#8221;openiconic&#8221; icon_openiconic=&#8221;vc-oi vc-oi-mic&#8221; color=&#8221;custom&#8221; size=&#8221;lg&#8221; align=&#8221;center&#8221; css_animation=&#8221;none&#8221; custom_color=&#8221;#ff671f&#8221; css=&#8221;.vc_custom_1554316743716{margin-bottom: 0px !important;padding-bottom: 0px !important;}&#8221;][vc_column_text el_class=&#8221;h3-souligne&#8221;]<\/p>\n<h3 style=\"text-align: center;\"><strong>\u00c0 propos<\/strong><\/h3>\n<p>[\/vc_column_text][vc_empty_space height=&#8221;15px&#8221;][vc_row_inner][vc_column_inner width=&#8221;1\/2&#8243;][vc_column_text css_animation=&#8221;fadeInLeft&#8221;]<\/p>\n<h3>Contexte<\/h3>\n<p>Afin de faciliter le rayonnement de la recherche \u00e9tudiante en intelligence num\u00e9rique et en marge de la premi\u00e8re \u00e9dition de notre programme <a href=\"https:\/\/vieux.ivado.ca\/en\/my-research-project-in-800-words\/\">Mon projet de recherche en 800 mots<\/a>, cette formation explorera les bonnes pratiques et les questions principales \u00e0 se poser pour bien vulgariser vos projets de recherche. Cette formation se penchera principalement sur la vulgarisation \u00e0 l\u2019\u00e9crit, mais explorera \u00e9galement les distinctions et les d\u00e9fis associ\u00e9s aux diff\u00e9rentes plateformes m\u00e9diatiques (magazine, radio, t\u00e9l\u00e9vision, etc.).[\/vc_column_text][vc_column_text css_animation=&#8221;fadeInLeft&#8221;]<\/p>\n<h3>Objectifs<\/h3>\n<ul>\n<li>Acqu\u00e9rir des bases afin d\u2019\u00eatre en mesure de bien vulgariser vos projets de recherche en intelligence num\u00e9rique.<\/li>\n<li>Comprendre la structure et les \u00e9l\u00e9ments importants d\u2019un texte classique de vulgarisation scientifique<\/li>\n<li>D\u00e9couvrir les principales questions \u00e0 se poser pour bien choisir et d\u00e9finir son sujet, son titre, son angle et son public cible<\/li>\n<li>Comprendre les particularit\u00e9s des diff\u00e9rentes plateformes de diffusion d\u2019information et la r\u00e9alit\u00e9 des journalistes et des communicateurs scientifiques professionnels<\/li>\n<li>Explorer des outils pratiques afin d\u2019am\u00e9liorer l\u2019impact de la vulgarisation de son projet de recherche<\/li>\n<li>D\u00e9couvrir les diff\u00e9rentes plateformes et occasions de vulgarisation de son projet de recherche au quotidien.<\/li>\n<\/ul>\n<p>[\/vc_column_text][vc_column_text css_animation=&#8221;fadeInLeft&#8221;]<\/p>\n<h3>Public cible<\/h3>\n<p>\u00c9tudiantes et \u00e9tudiants de tous horizons et de tous les cycles d\u2019\u00e9tudes int\u00e9ress\u00e9\u00b7e\u00b7s ou travaillant sur des th\u00e9matiques li\u00e9es \u00e0 sciences des donn\u00e9es et\/ou \u00e0 l\u2019intelligence num\u00e9rique.[\/vc_column_text][\/vc_column_inner][vc_column_inner width=&#8221;1\/2&#8243;][vc_column_text css_animation=&#8221;fadeInRight&#8221;]<\/p>\n<h3>Langue<\/h3>\n<p>Formation en fran\u00e7ais avec diapositives en anglais et p\u00e9riode de questions bilingue.[\/vc_column_text][vc_column_text css_animation=&#8221;fadeInRight&#8221;]<\/p>\n<h3>Organisateur<\/h3>\n<p><a href=\"https:\/\/vieux.ivado.ca\/personne\/alexandre-guertin-pasquier\/\">Alexandre Guertin-Pasquier<\/a>, coordonnateur activit\u00e9s \u00e9tudiantes et scientifiques (IVADO)<\/p>\n<p><a href=\"https:\/\/vieux.ivado.ca\/evenement\/webinaire-formation-vulgarisation-scientifique-et-intelligence-numerique\/\">Click here to see event<\/a>[\/vc_column_text]<div class=\" ubtn-ctn-center \"><a class=\"ubtn-link ult-adjust-bottom-margin ubtn-center ubtn-normal \" href=\"https:\/\/zoom.us\/webinar\/register\/WN_CbldU2ueRqG-KXnRenrvzw\" target=\"_blank\" rel=\"noopener\" ><button type=\"button\" id=\"ubtn-1295\"  class=\"ubtn ult-adjust-bottom-margin ult-responsive ubtn-normal ubtn-no-hover-bg  none  ubtn-sep-icon ubtn-sep-icon-left-push  ubtn-center   tooltip-69dc6a1d186f1\"  data-hover=\"\" data-border-color=\"\" data-bg=\"#ff8139\" data-hover-bg=\"\" data-border-hover=\"\" data-shadow-hover=\"\" data-shadow-click=\"none\" data-shadow=\"\" data-shd-shadow=\"\"  data-ultimate-target='#ubtn-1295'  data-responsive-json-new='{\"font-size\":\"desktop:24px;\",\"line-height\":\"\"}'  style=\"font-weight:bold;border:none;background: #ff8139;color: #ffffff;\"><span class=\"ubtn-data ubtn-icon\"><i class=\"Defaults-edit pencil-square-o\" style=\"font-size:32px;color:#ffffff;\"><\/i><\/span><span class=\"ubtn-hover\" style=\"background-color:\"><\/span><span class=\"ubtn-data ubtn-text \" >Inscription<\/span><\/button><\/a><\/div>[\/vc_column_inner][\/vc_row_inner][\/vc_tta_section][vc_tta_section i_type=&#8221;entypo&#8221; i_icon_entypo=&#8221;entypo-icon entypo-icon-users&#8221; add_icon=&#8221;true&#8221; title=&#8221;Animateurs&#8221; tab_id=&#8221;Animateurs&#8221; el_class=&#8221;speakers&#8221;][vc_empty_space height=&#8221;30px&#8221;][vc_icon type=&#8221;entypo&#8221; icon_entypo=&#8221;entypo-icon entypo-icon-users&#8221; color=&#8221;custom&#8221; size=&#8221;lg&#8221; align=&#8221;center&#8221; css_animation=&#8221;none&#8221; custom_color=&#8221;#ff671f&#8221; css=&#8221;.vc_custom_1554299243581{margin-bottom: 0px !important;padding-bottom: 0px !important;}&#8221;][vc_column_text el_class=&#8221;h3-souligne&#8221;]<\/p>\n<h3 style=\"text-align: center;\"><strong>Conf\u00e9rencier\u00b7\u00e8re\u00b7s<\/strong><\/h3>\n<p>[\/vc_column_text][vc_empty_space height=&#8221;15px&#8221;][vc_row_inner][vc_column_inner width=&#8221;1\/6&#8243;][\/vc_column_inner][vc_column_inner width=&#8221;1\/3&#8243;][vc_empty_space height=&#8221;0px&#8221; el_class=&#8221;padding-120&#8243; css=&#8221;.vc_custom_1589917145112{background-image: url(https:\/\/vieux.ivado.ca\/wp-content\/uploads\/2020\/05\/Damien-Grapton.jpg?id=21496) !important;}&#8221;][vc_empty_space height=&#8221;10 px&#8221;][vc_column_text]<\/p>\n<p style=\"text-align: center;\"><a href=\"https:\/\/www.linkedin.com\/in\/damiengrapton\/?locale=fr_FR\" target=\"_blank\" rel=\"noopener noreferrer\">Damien Grapton<\/a><br \/>\nSoci\u00e9t\u00e9 Radio-Canada<br \/>\nJournaliste<\/p>\n<p>[\/vc_column_text][\/vc_column_inner][vc_column_inner width=&#8221;1\/3&#8243;][vc_empty_space height=&#8221;0px&#8221; el_class=&#8221;padding-120&#8243; css=&#8221;.vc_custom_1589917179406{background-image: url(https:\/\/vieux.ivado.ca\/wp-content\/uploads\/2020\/01\/CORPO-IVADO-Alexandre.jpg?id=17593) !important;}&#8221;][vc_empty_space height=&#8221;10 px&#8221;][vc_column_text]<\/p>\n<p style=\"text-align: center;\"><a href=\"https:\/\/vieux.ivado.ca\/personne\/alexandre-guertin-pasquier\/\">Alexandre Guertin-Pasquier<\/a><br \/>\nIVADO<br \/>\nCoordonnateur activit\u00e9s \u00e9tudiantes et scientifiques<\/p>\n<p>[\/vc_column_text][\/vc_column_inner][vc_column_inner width=&#8221;1\/6&#8243;][\/vc_column_inner][\/vc_row_inner][\/vc_tta_section][\/vc_tta_tabs][\/vc_column][\/vc_row]<\/p>\n","protected":false},"excerpt":{"rendered":"<p>[vc_row][vc_column][vc_column_text][\/vc_column_text][\/vc_column][\/vc_row][vc_row][vc_column width=&#8221;2\/3&#8243;][vc_empty_space height=&#8221;10px&#8221;][vc_column_text] 4 juin 2020 &#8211; 10 h 00 \u00e0 12 h 00 [\/vc_column_text][vc_empty_space][\/vc_column][vc_column width=&#8221;1\/3&#8243;][\/vc_column][\/vc_row][vc_row equal_height=&#8221;yes&#8221; el_class=&#8221;naked clearboth&#8221; css=&#8221;.vc_custom_1554726987628{margin-top: -40px !important;}&#8221;][vc_column][vc_tta_tabs][vc_tta_section i_type=&#8221;openiconic&#8221; i_icon_openiconic=&#8221;vc-oi vc-oi-mic&#8221; add_icon=&#8221;true&#8221; title=&#8221;\u00c0 propos&#8221; tab_id=&#8221;A-propos&#8221;][vc_empty_space height=&#8221;30px&#8221;][vc_icon&#8230; <\/p>\n<div class=\"clear\"><\/div>\n<p><a href=\"https:\/\/vieux.ivado.ca\/en\/webinaire-formation-vulgarisation-scientifique-et-intelligence-numerique\/\" class=\"gdlr-button with-border excerpt-read-more\">Read More<\/a><\/p>\n","protected":false},"author":33,"featured_media":0,"parent":0,"menu_order":0,"comment_status":"closed","ping_status":"closed","template":"","meta":{"footnotes":""},"acf":[],"yoast_head":"<!-- This site is optimized with the Yoast SEO plugin v22.7 - https:\/\/yoast.com\/wordpress\/plugins\/seo\/ -->\n<title>Formation IVADO - IVADO<\/title>\n<meta name=\"robots\" content=\"noindex, follow, max-snippet:-1, max-image-preview:large, max-video-preview:-1\" \/>\n<meta property=\"og:locale\" content=\"en_US\" \/>\n<meta property=\"og:type\" content=\"article\" \/>\n<meta property=\"og:title\" content=\"Formation IVADO - IVADO\" \/>\n<meta property=\"og:description\" content=\"[vc_row][vc_column][vc_column_text][\/vc_column_text][\/vc_column][\/vc_row][vc_row][vc_column width=&#8221;2\/3&#8243;][vc_empty_space height=&#8221;10px&#8221;][vc_column_text] 4 juin 2020 &#8211; 10 h 00 \u00e0 12 h 00 [\/vc_column_text][vc_empty_space][\/vc_column][vc_column width=&#8221;1\/3&#8243;][\/vc_column][\/vc_row][vc_row equal_height=&#8221;yes&#8221; el_class=&#8221;naked clearboth&#8221; css=&#8221;.vc_custom_1554726987628{margin-top: -40px !important;}&#8221;][vc_column][vc_tta_tabs][vc_tta_section i_type=&#8221;openiconic&#8221; i_icon_openiconic=&#8221;vc-oi vc-oi-mic&#8221; add_icon=&#8221;true&#8221; title=&#8221;\u00c0 propos&#8221; tab_id=&#8221;A-propos&#8221;][vc_empty_space height=&#8221;30px&#8221;][vc_icon... Read More\" \/>\n<meta property=\"og:url\" content=\"https:\/\/vieux.ivado.ca\/en\/webinaire-formation-vulgarisation-scientifique-et-intelligence-numerique\/\" \/>\n<meta property=\"og:site_name\" content=\"IVADO\" \/>\n<meta property=\"article:modified_time\" content=\"2020-05-22T16:14:14+00:00\" \/>\n<meta property=\"og:image\" content=\"https:\/\/vieux.ivado.ca\/wp-content\/uploads\/2020\/05\/IVADO_Vulgarisation-scientifique_646X220_LinkedIn.jpg\" \/>\n<meta name=\"twitter:card\" content=\"summary_large_image\" \/>\n<meta name=\"twitter:label1\" content=\"Est. reading time\" \/>\n\t<meta name=\"twitter:data1\" content=\"4 minutes\" \/>\n<script type=\"application\/ld+json\" class=\"yoast-schema-graph\">{\"@context\":\"https:\/\/schema.org\",\"@graph\":[{\"@type\":\"WebPage\",\"@id\":\"https:\/\/vieux.ivado.ca\/en\/webinaire-formation-vulgarisation-scientifique-et-intelligence-numerique\/\",\"url\":\"https:\/\/vieux.ivado.ca\/en\/webinaire-formation-vulgarisation-scientifique-et-intelligence-numerique\/\",\"name\":\"Formation IVADO - IVADO\",\"isPartOf\":{\"@id\":\"https:\/\/vieux.ivado.ca\/#website\"},\"primaryImageOfPage\":{\"@id\":\"https:\/\/vieux.ivado.ca\/en\/webinaire-formation-vulgarisation-scientifique-et-intelligence-numerique\/#primaryimage\"},\"image\":{\"@id\":\"https:\/\/vieux.ivado.ca\/en\/webinaire-formation-vulgarisation-scientifique-et-intelligence-numerique\/#primaryimage\"},\"thumbnailUrl\":\"https:\/\/vieux.ivado.ca\/wp-content\/uploads\/2020\/05\/IVADO_Vulgarisation-scientifique_646X220_LinkedIn.jpg\",\"datePublished\":\"2020-05-19T19:41:01+00:00\",\"dateModified\":\"2020-05-22T16:14:14+00:00\",\"breadcrumb\":{\"@id\":\"https:\/\/vieux.ivado.ca\/en\/webinaire-formation-vulgarisation-scientifique-et-intelligence-numerique\/#breadcrumb\"},\"inLanguage\":\"en-US\",\"potentialAction\":[{\"@type\":\"ReadAction\",\"target\":[\"https:\/\/vieux.ivado.ca\/en\/webinaire-formation-vulgarisation-scientifique-et-intelligence-numerique\/\"]}]},{\"@type\":\"ImageObject\",\"inLanguage\":\"en-US\",\"@id\":\"https:\/\/vieux.ivado.ca\/en\/webinaire-formation-vulgarisation-scientifique-et-intelligence-numerique\/#primaryimage\",\"url\":\"https:\/\/vieux.ivado.ca\/wp-content\/uploads\/2020\/05\/IVADO_Vulgarisation-scientifique_646X220_LinkedIn.jpg\",\"contentUrl\":\"https:\/\/vieux.ivado.ca\/wp-content\/uploads\/2020\/05\/IVADO_Vulgarisation-scientifique_646X220_LinkedIn.jpg\"},{\"@type\":\"BreadcrumbList\",\"@id\":\"https:\/\/vieux.ivado.ca\/en\/webinaire-formation-vulgarisation-scientifique-et-intelligence-numerique\/#breadcrumb\",\"itemListElement\":[{\"@type\":\"ListItem\",\"position\":1,\"name\":\"Accueil\",\"item\":\"https:\/\/vieux.ivado.ca\/en\/\"},{\"@type\":\"ListItem\",\"position\":2,\"name\":\"Formation IVADO\"}]},{\"@type\":\"WebSite\",\"@id\":\"https:\/\/vieux.ivado.ca\/#website\",\"url\":\"https:\/\/vieux.ivado.ca\/\",\"name\":\"IVADO\",\"description\":\"Institut de valorisation des donn\u00e9es\",\"potentialAction\":[{\"@type\":\"SearchAction\",\"target\":{\"@type\":\"EntryPoint\",\"urlTemplate\":\"https:\/\/vieux.ivado.ca\/?s={search_term_string}\"},\"query-input\":\"required name=search_term_string\"}],\"inLanguage\":\"en-US\"}]}<\/script>\n<!-- \/ Yoast SEO plugin. -->","yoast_head_json":{"title":"Formation IVADO - IVADO","robots":{"index":"noindex","follow":"follow","max-snippet":"max-snippet:-1","max-image-preview":"max-image-preview:large","max-video-preview":"max-video-preview:-1"},"og_locale":"en_US","og_type":"article","og_title":"Formation IVADO - IVADO","og_description":"[vc_row][vc_column][vc_column_text][\/vc_column_text][\/vc_column][\/vc_row][vc_row][vc_column width=&#8221;2\/3&#8243;][vc_empty_space height=&#8221;10px&#8221;][vc_column_text] 4 juin 2020 &#8211; 10 h 00 \u00e0 12 h 00 [\/vc_column_text][vc_empty_space][\/vc_column][vc_column width=&#8221;1\/3&#8243;][\/vc_column][\/vc_row][vc_row equal_height=&#8221;yes&#8221; el_class=&#8221;naked clearboth&#8221; css=&#8221;.vc_custom_1554726987628{margin-top: -40px !important;}&#8221;][vc_column][vc_tta_tabs][vc_tta_section i_type=&#8221;openiconic&#8221; i_icon_openiconic=&#8221;vc-oi vc-oi-mic&#8221; add_icon=&#8221;true&#8221; title=&#8221;\u00c0 propos&#8221; tab_id=&#8221;A-propos&#8221;][vc_empty_space height=&#8221;30px&#8221;][vc_icon... Read More","og_url":"https:\/\/vieux.ivado.ca\/en\/webinaire-formation-vulgarisation-scientifique-et-intelligence-numerique\/","og_site_name":"IVADO","article_modified_time":"2020-05-22T16:14:14+00:00","og_image":[{"url":"https:\/\/vieux.ivado.ca\/wp-content\/uploads\/2020\/05\/IVADO_Vulgarisation-scientifique_646X220_LinkedIn.jpg"}],"twitter_card":"summary_large_image","twitter_misc":{"Est. reading time":"4 minutes"},"schema":{"@context":"https:\/\/schema.org","@graph":[{"@type":"WebPage","@id":"https:\/\/vieux.ivado.ca\/en\/webinaire-formation-vulgarisation-scientifique-et-intelligence-numerique\/","url":"https:\/\/vieux.ivado.ca\/en\/webinaire-formation-vulgarisation-scientifique-et-intelligence-numerique\/","name":"Formation IVADO - IVADO","isPartOf":{"@id":"https:\/\/vieux.ivado.ca\/#website"},"primaryImageOfPage":{"@id":"https:\/\/vieux.ivado.ca\/en\/webinaire-formation-vulgarisation-scientifique-et-intelligence-numerique\/#primaryimage"},"image":{"@id":"https:\/\/vieux.ivado.ca\/en\/webinaire-formation-vulgarisation-scientifique-et-intelligence-numerique\/#primaryimage"},"thumbnailUrl":"https:\/\/vieux.ivado.ca\/wp-content\/uploads\/2020\/05\/IVADO_Vulgarisation-scientifique_646X220_LinkedIn.jpg","datePublished":"2020-05-19T19:41:01+00:00","dateModified":"2020-05-22T16:14:14+00:00","breadcrumb":{"@id":"https:\/\/vieux.ivado.ca\/en\/webinaire-formation-vulgarisation-scientifique-et-intelligence-numerique\/#breadcrumb"},"inLanguage":"en-US","potentialAction":[{"@type":"ReadAction","target":["https:\/\/vieux.ivado.ca\/en\/webinaire-formation-vulgarisation-scientifique-et-intelligence-numerique\/"]}]},{"@type":"ImageObject","inLanguage":"en-US","@id":"https:\/\/vieux.ivado.ca\/en\/webinaire-formation-vulgarisation-scientifique-et-intelligence-numerique\/#primaryimage","url":"https:\/\/vieux.ivado.ca\/wp-content\/uploads\/2020\/05\/IVADO_Vulgarisation-scientifique_646X220_LinkedIn.jpg","contentUrl":"https:\/\/vieux.ivado.ca\/wp-content\/uploads\/2020\/05\/IVADO_Vulgarisation-scientifique_646X220_LinkedIn.jpg"},{"@type":"BreadcrumbList","@id":"https:\/\/vieux.ivado.ca\/en\/webinaire-formation-vulgarisation-scientifique-et-intelligence-numerique\/#breadcrumb","itemListElement":[{"@type":"ListItem","position":1,"name":"Accueil","item":"https:\/\/vieux.ivado.ca\/en\/"},{"@type":"ListItem","position":2,"name":"Formation IVADO"}]},{"@type":"WebSite","@id":"https:\/\/vieux.ivado.ca\/#website","url":"https:\/\/vieux.ivado.ca\/","name":"IVADO","description":"Institut de valorisation des donn\u00e9es","potentialAction":[{"@type":"SearchAction","target":{"@type":"EntryPoint","urlTemplate":"https:\/\/vieux.ivado.ca\/?s={search_term_string}"},"query-input":"required name=search_term_string"}],"inLanguage":"en-US"}]}},"_links":{"self":[{"href":"https:\/\/vieux.ivado.ca\/en\/wp-json\/wp\/v2\/pages\/21502\/"}],"collection":[{"href":"https:\/\/vieux.ivado.ca\/en\/wp-json\/wp\/v2\/pages\/"}],"about":[{"href":"https:\/\/vieux.ivado.ca\/en\/wp-json\/wp\/v2\/types\/page\/"}],"author":[{"embeddable":true,"href":"https:\/\/vieux.ivado.ca\/en\/wp-json\/wp\/v2\/users\/33\/"}],"replies":[{"embeddable":true,"href":"https:\/\/vieux.ivado.ca\/en\/wp-json\/wp\/v2\/comments\/?post=21502"}],"version-history":[{"count":0,"href":"https:\/\/vieux.ivado.ca\/en\/wp-json\/wp\/v2\/pages\/21502\/revisions\/"}],"wp:attachment":[{"href":"https:\/\/vieux.ivado.ca\/en\/wp-json\/wp\/v2\/media\/?parent=21502"}],"curies":[{"name":"wp","href":"https:\/\/api.w.org\/{rel}","templated":true}]}}