{"id":21398,"date":"2020-05-07T10:29:49","date_gmt":"2020-05-07T14:29:49","guid":{"rendered":"https:\/\/vieux.ivado.ca\/stage-postdoctoral-obvia-ivado\/"},"modified":"2020-06-01T12:14:07","modified_gmt":"2020-06-01T16:14:07","slug":"stage-postdoctoral-obvia-ivado","status":"publish","type":"page","link":"https:\/\/vieux.ivado.ca\/en\/stage-postdoctoral-obvia-ivado\/","title":{"rendered":"Stage postdoctoral OBVIA-IVADO"},"content":{"rendered":"<h3><strong>FINANCEMENT DE STAGE POSTDOCTORAL SUR LA TH\u00c9MATIQUE \u00ab&nbsp;POUVOIR, IN\u00c9GALIT\u00c9S ET DISCRIMINATIONS EN IA&nbsp;\u00bb (60&nbsp;000&nbsp;$ &#8211; 1 FINANCEMENT DISPONIBLE POUR 12 MOIS, RENOUVELABLE UNE FOIS)<\/strong><\/h3>\n<p><strong>Pour toute question au sujet de ce programme, veuillez contacter directement Guillaume Macaux, Conseiller scientifique de l&#8217;Observatoire international sur les impacts soci\u00e9taux de l&#8217;intelligence artificielle et du num\u00e9rique (OBVIA)&nbsp;: <\/strong><br \/>\n<a href=\"mailto:guillaume.macaux@observatoire-ia.ulaval.ca\"><strong>guillaume.macaux@observatoire-ia.ulaval.ca<\/strong><\/a><\/p>\n<p>L\u2019Observatoire international sur les impacts soci\u00e9taux de l\u2019IA et du num\u00e9rique (OBVIA) et l\u2019Institut de valorisation des donn\u00e9es (IVADO) offrent en partenariat un financement de 60&nbsp;000&nbsp;$ pour la r\u00e9alisation d\u2019un stage postdoctoral portant sur les enjeux de pouvoir, in\u00e9galit\u00e9s et discriminations en IA.<\/p>\n<p>Ce financement comprend une participation au salaire du stagiaire postdoctoral d\u2019un montant de 50&nbsp;000&nbsp;$ par an et d\u2019une allocation pour frais de mobilit\u00e9 et de repr\u00e9sentation de 10&nbsp;000&nbsp;$ par an.<\/p>\n<p>Le financement est octroy\u00e9 pour une dur\u00e9e de 12 mois et peut \u00eatre renouvel\u00e9e une fois, sous r\u00e9serve de la pr\u00e9sentation de rapports d\u2019\u00e9tape jug\u00e9s satisfaisants par le comit\u00e9 d\u2019\u00e9valuation de l\u2019OBVIA et la direction de recherche.<\/p>\n<p><strong>En raison du contexte actuel, l\u2019OBVIA et IVADO ont d\u00e9cid\u00e9 de prolonger la p\u00e9riode de candidature pour les financements de stage postdoctoraux du Programme de bourses d\u2019appui \u00e0 la rel\u00e8ve. Les personnes int\u00e9ress\u00e9es ont d\u00e9sormais jusqu\u2019au lundi 29 juin (9\u00a0h\u00a0 a.m. HAE) pour soumettre leurs candidatures.<\/strong><\/p>\n<p>Si vous souhaitez profiter du nouveau d\u00e9lai pour apporter des modifications \u00e0 votre candidature, vous pouvez nous acheminer par courriel \u00e0\u00a0<a href=\"mailto:bourses@observatoire-ia.ulaval.ca\">bourses@observatoire-ia.ulaval.ca<\/a>\u00a0votre candidature modifi\u00e9e et compl\u00e8te dans un seul envoi d\u2019ici la date limite.<\/p>\n<p>Suite \u00e0 cette prolongation, l\u2019OBVIA sera en mesure de communiquer les noms des candidats et des projets retenus pour financement d\u2019ici \u00e0 la fin du mois de juillet 2020.<\/p>\n<p><strong>Note aux candidat\u00b7e\u00b7s&nbsp;: veuillez consulter le <a href=\"https:\/\/observatoire-ia.ulaval.ca\/bourses\/\" target=\"_blank\" rel=\"noopener noreferrer\">site de l&#8217;OBVIA<\/a> pour voir l\u2019\u00e9ch\u00e9ancier et les prochaines dates importantes.<\/strong><\/p>\n<p>&nbsp;<\/p>\n","protected":false},"excerpt":{"rendered":"<p>FINANCEMENT DE STAGE POSTDOCTORAL SUR LA TH\u00c9MATIQUE \u00ab&nbsp;POUVOIR, IN\u00c9GALIT\u00c9S ET DISCRIMINATIONS EN IA&nbsp;\u00bb (60&nbsp;000&nbsp;$ &#8211; 1 FINANCEMENT DISPONIBLE POUR 12 MOIS, RENOUVELABLE UNE FOIS) Pour toute question au sujet de&#8230; <\/p>\n<div class=\"clear\"><\/div>\n<p><a href=\"https:\/\/vieux.ivado.ca\/en\/stage-postdoctoral-obvia-ivado\/\" class=\"gdlr-button with-border excerpt-read-more\">Read More<\/a><\/p>\n","protected":false},"author":33,"featured_media":0,"parent":0,"menu_order":0,"comment_status":"closed","ping_status":"closed","template":"","meta":{"footnotes":""},"acf":[],"yoast_head":"<!-- This site is optimized with the Yoast SEO plugin v22.7 - https:\/\/yoast.com\/wordpress\/plugins\/seo\/ -->\n<title>Stage postdoctoral OBVIA-IVADO - IVADO<\/title>\n<meta name=\"robots\" content=\"noindex, follow, max-snippet:-1, max-image-preview:large, max-video-preview:-1\" \/>\n<meta property=\"og:locale\" content=\"en_US\" \/>\n<meta property=\"og:type\" content=\"article\" \/>\n<meta property=\"og:title\" content=\"Stage postdoctoral OBVIA-IVADO - IVADO\" \/>\n<meta property=\"og:description\" content=\"FINANCEMENT DE STAGE POSTDOCTORAL SUR LA TH\u00c9MATIQUE \u00ab&nbsp;POUVOIR, IN\u00c9GALIT\u00c9S ET DISCRIMINATIONS EN IA&nbsp;\u00bb (60&nbsp;000&nbsp;$ &#8211; 1 FINANCEMENT DISPONIBLE POUR 12 MOIS, RENOUVELABLE UNE FOIS) Pour toute question au sujet de... Read More\" \/>\n<meta property=\"og:url\" content=\"https:\/\/vieux.ivado.ca\/en\/stage-postdoctoral-obvia-ivado\/\" \/>\n<meta property=\"og:site_name\" content=\"IVADO\" \/>\n<meta property=\"article:modified_time\" content=\"2020-06-01T16:14:07+00:00\" \/>\n<meta name=\"twitter:card\" content=\"summary_large_image\" \/>\n<meta name=\"twitter:label1\" content=\"Est. reading time\" \/>\n\t<meta name=\"twitter:data1\" content=\"2 minutes\" \/>\n<script type=\"application\/ld+json\" class=\"yoast-schema-graph\">{\"@context\":\"https:\/\/schema.org\",\"@graph\":[{\"@type\":\"WebPage\",\"@id\":\"https:\/\/vieux.ivado.ca\/en\/stage-postdoctoral-obvia-ivado\/\",\"url\":\"https:\/\/vieux.ivado.ca\/en\/stage-postdoctoral-obvia-ivado\/\",\"name\":\"Stage postdoctoral OBVIA-IVADO - IVADO\",\"isPartOf\":{\"@id\":\"https:\/\/vieux.ivado.ca\/#website\"},\"datePublished\":\"2020-05-07T14:29:49+00:00\",\"dateModified\":\"2020-06-01T16:14:07+00:00\",\"breadcrumb\":{\"@id\":\"https:\/\/vieux.ivado.ca\/en\/stage-postdoctoral-obvia-ivado\/#breadcrumb\"},\"inLanguage\":\"en-US\",\"potentialAction\":[{\"@type\":\"ReadAction\",\"target\":[\"https:\/\/vieux.ivado.ca\/en\/stage-postdoctoral-obvia-ivado\/\"]}]},{\"@type\":\"BreadcrumbList\",\"@id\":\"https:\/\/vieux.ivado.ca\/en\/stage-postdoctoral-obvia-ivado\/#breadcrumb\",\"itemListElement\":[{\"@type\":\"ListItem\",\"position\":1,\"name\":\"Accueil\",\"item\":\"https:\/\/vieux.ivado.ca\/en\/\"},{\"@type\":\"ListItem\",\"position\":2,\"name\":\"Stage postdoctoral OBVIA-IVADO\"}]},{\"@type\":\"WebSite\",\"@id\":\"https:\/\/vieux.ivado.ca\/#website\",\"url\":\"https:\/\/vieux.ivado.ca\/\",\"name\":\"IVADO\",\"description\":\"Institut de valorisation des donn\u00e9es\",\"potentialAction\":[{\"@type\":\"SearchAction\",\"target\":{\"@type\":\"EntryPoint\",\"urlTemplate\":\"https:\/\/vieux.ivado.ca\/?s={search_term_string}\"},\"query-input\":\"required name=search_term_string\"}],\"inLanguage\":\"en-US\"}]}<\/script>\n<!-- \/ Yoast SEO plugin. -->","yoast_head_json":{"title":"Stage postdoctoral OBVIA-IVADO - IVADO","robots":{"index":"noindex","follow":"follow","max-snippet":"max-snippet:-1","max-image-preview":"max-image-preview:large","max-video-preview":"max-video-preview:-1"},"og_locale":"en_US","og_type":"article","og_title":"Stage postdoctoral OBVIA-IVADO - IVADO","og_description":"FINANCEMENT DE STAGE POSTDOCTORAL SUR LA TH\u00c9MATIQUE \u00ab&nbsp;POUVOIR, IN\u00c9GALIT\u00c9S ET DISCRIMINATIONS EN IA&nbsp;\u00bb (60&nbsp;000&nbsp;$ &#8211; 1 FINANCEMENT DISPONIBLE POUR 12 MOIS, RENOUVELABLE UNE FOIS) Pour toute question au sujet de... Read More","og_url":"https:\/\/vieux.ivado.ca\/en\/stage-postdoctoral-obvia-ivado\/","og_site_name":"IVADO","article_modified_time":"2020-06-01T16:14:07+00:00","twitter_card":"summary_large_image","twitter_misc":{"Est. reading time":"2 minutes"},"schema":{"@context":"https:\/\/schema.org","@graph":[{"@type":"WebPage","@id":"https:\/\/vieux.ivado.ca\/en\/stage-postdoctoral-obvia-ivado\/","url":"https:\/\/vieux.ivado.ca\/en\/stage-postdoctoral-obvia-ivado\/","name":"Stage postdoctoral OBVIA-IVADO - IVADO","isPartOf":{"@id":"https:\/\/vieux.ivado.ca\/#website"},"datePublished":"2020-05-07T14:29:49+00:00","dateModified":"2020-06-01T16:14:07+00:00","breadcrumb":{"@id":"https:\/\/vieux.ivado.ca\/en\/stage-postdoctoral-obvia-ivado\/#breadcrumb"},"inLanguage":"en-US","potentialAction":[{"@type":"ReadAction","target":["https:\/\/vieux.ivado.ca\/en\/stage-postdoctoral-obvia-ivado\/"]}]},{"@type":"BreadcrumbList","@id":"https:\/\/vieux.ivado.ca\/en\/stage-postdoctoral-obvia-ivado\/#breadcrumb","itemListElement":[{"@type":"ListItem","position":1,"name":"Accueil","item":"https:\/\/vieux.ivado.ca\/en\/"},{"@type":"ListItem","position":2,"name":"Stage postdoctoral OBVIA-IVADO"}]},{"@type":"WebSite","@id":"https:\/\/vieux.ivado.ca\/#website","url":"https:\/\/vieux.ivado.ca\/","name":"IVADO","description":"Institut de valorisation des donn\u00e9es","potentialAction":[{"@type":"SearchAction","target":{"@type":"EntryPoint","urlTemplate":"https:\/\/vieux.ivado.ca\/?s={search_term_string}"},"query-input":"required name=search_term_string"}],"inLanguage":"en-US"}]}},"_links":{"self":[{"href":"https:\/\/vieux.ivado.ca\/en\/wp-json\/wp\/v2\/pages\/21398\/"}],"collection":[{"href":"https:\/\/vieux.ivado.ca\/en\/wp-json\/wp\/v2\/pages\/"}],"about":[{"href":"https:\/\/vieux.ivado.ca\/en\/wp-json\/wp\/v2\/types\/page\/"}],"author":[{"embeddable":true,"href":"https:\/\/vieux.ivado.ca\/en\/wp-json\/wp\/v2\/users\/33\/"}],"replies":[{"embeddable":true,"href":"https:\/\/vieux.ivado.ca\/en\/wp-json\/wp\/v2\/comments\/?post=21398"}],"version-history":[{"count":0,"href":"https:\/\/vieux.ivado.ca\/en\/wp-json\/wp\/v2\/pages\/21398\/revisions\/"}],"wp:attachment":[{"href":"https:\/\/vieux.ivado.ca\/en\/wp-json\/wp\/v2\/media\/?parent=21398"}],"curies":[{"name":"wp","href":"https:\/\/api.w.org\/{rel}","templated":true}]}}