{"id":20663,"date":"2019-02-25T13:50:34","date_gmt":"2019-02-25T18:50:34","guid":{"rendered":"https:\/\/vieux.ivado.ca\/ivado-scholarships\/bourses-de-stage-des-donnees-pour-raconter\/"},"modified":"2020-06-17T15:44:43","modified_gmt":"2020-06-17T19:44:43","slug":"bourses-de-stage-des-donnees-pour-raconter","status":"publish","type":"page","link":"https:\/\/vieux.ivado.ca\/en\/ivado-scholarships\/bourses-de-stage-des-donnees-pour-raconter\/","title":{"rendered":"Bourses de stage&nbsp;: Des donn\u00e9es pour raconter"},"content":{"rendered":"<h3><strong><img loading=\"lazy\" decoding=\"async\" class=\"alignnone size-full wp-image-20273\" src=\"https:\/\/vieux.ivado.ca\/wp-content\/uploads\/2020\/02\/IVADO_boursesJournalisme_646X220_FR_LinkedIn-01.jpg\" alt=\"\" width=\"1346\" height=\"459\" srcset=\"https:\/\/vieux.ivado.ca\/wp-content\/uploads\/2020\/02\/IVADO_boursesJournalisme_646X220_FR_LinkedIn-01.jpg 1346w, https:\/\/vieux.ivado.ca\/wp-content\/uploads\/2020\/02\/IVADO_boursesJournalisme_646X220_FR_LinkedIn-01-300x102.jpg 300w, https:\/\/vieux.ivado.ca\/wp-content\/uploads\/2020\/02\/IVADO_boursesJournalisme_646X220_FR_LinkedIn-01-1024x349.jpg 1024w, https:\/\/vieux.ivado.ca\/wp-content\/uploads\/2020\/02\/IVADO_boursesJournalisme_646X220_FR_LinkedIn-01-768x262.jpg 768w, https:\/\/vieux.ivado.ca\/wp-content\/uploads\/2020\/02\/IVADO_boursesJournalisme_646X220_FR_LinkedIn-01-400x136.jpg 400w, https:\/\/vieux.ivado.ca\/wp-content\/uploads\/2020\/02\/IVADO_boursesJournalisme_646X220_FR_LinkedIn-01-700x239.jpg 700w, https:\/\/vieux.ivado.ca\/wp-content\/uploads\/2020\/02\/IVADO_boursesJournalisme_646X220_FR_LinkedIn-01-120x41.jpg 120w\" sizes=\"(max-width: 1346px) 100vw, 1346px\" \/><\/strong><\/h3>\n<h4 style=\"text-align: center;\"><a href=\"https:\/\/ivado.smapply.io\/\" target=\"_blank\" rel=\"noopener noreferrer\">Postulez ici &gt;&gt;<\/a><\/h4>\n<p>Ce programme de bourses en donn\u00e9es et cr\u00e9ations de contenu (journalisme, communication, etc.) <span style=\"font-weight: 400;\">vise les \u00e9tudiant\u00b7e\u00b7s de premier et deuxi\u00e8me cycle et a pour objectifs de <\/span>:<\/p>\n<ul>\n<li dir=\"ltr\">de d\u00e9velopper leurs comp\u00e9tences sur des probl\u00e8mes r\u00e9els en lien direct avec la soci\u00e9t\u00e9;<\/li>\n<li dir=\"ltr\">de d\u00e9velopper leurs comp\u00e9tences en journalisme de donn\u00e9es sur des sujets n\u00e9cessitant la mise en pratique de techniques et approches innovantes;<\/li>\n<li dir=\"ltr\">de d\u00e9velopper leurs comp\u00e9tences \u00e0 travailler en \u00e9quipe et dans des contextes multidisciplinaires;<\/li>\n<li dir=\"ltr\">de leur permettre de se familiariser avec les m\u00e9thodes et les domaines promus par IVADO.<\/li>\n<\/ul>\n<p><strong>Engagement d\u2019IVADO pour l\u2019\u00e9quit\u00e9, la diversit\u00e9 et l\u2019inclusion et note aux candidat\u00b7e\u00b7s&nbsp;:<\/strong><br \/>\nAfin que l\u2019avancement des connaissances et des opportunit\u00e9s dans le domaine de la science des donn\u00e9es b\u00e9n\u00e9ficie \u00e9quitablement \u00e0 tous les membres de la soci\u00e9t\u00e9, IVADO promeut des principes d\u2019\u00e9quit\u00e9, de diversit\u00e9 et d\u2019inclusion \u00e0 travers l\u2019ensemble de ses programmes. IVADO s\u2019engage \u00e0 offrir un processus de recrutement et un milieu de recherche qui soient inclusifs, non discriminatoires, ouverts et transparents.<\/p>\n<div class=\"gdlr-shortcode-wrapper\"><div class=\"gdlr-item gdlr-tab-item horizontal\" ><div class=\"tab-title-wrapper\" ><h4 class=\"tab-title active\" ><span>Conditions du stage<\/span><\/h4><h4 class=\"tab-title\" ><span>Admissibilit\u00e9<\/span><\/h4><h4 class=\"tab-title\" ><span>Processus d'\u00e9valuation<\/span><\/h4><h4 class=\"tab-title\" ><span>Calendrier<\/span><\/h4><h4 class=\"tab-title\" ><span>Soumettre sa candidature<\/span><\/h4><h4 class=\"tab-title\" ><span>Foire aux questions<\/span><\/h4><h4 class=\"tab-title\" ><span>R\u00e9sultats 2019<\/span><\/h4><h4 class=\"tab-title\" ><span>R\u00e9sultats 2020<\/span><\/h4><\/div><div class=\"tab-content-wrapper\" ><div class=\"tab-content active\" ><p>Le stage doit se d\u00e9rouler \u00e0 temps plein, sur une dur\u00e9e de 12 semaines suivant un calendrier d\u00e9termin\u00e9 entre l\u2019\u00e9tudiant\u00b7e et son\u00b7sa superviseur\u00b7e. L\u2019essentiel du stage se d\u00e9roulera dans le milieu d\u2019accueil, tout en \u00e9tant co-supervis\u00e9 par un\u00b7e chercheur\u00b7euse universitaire.<\/p>\n<p>Les bourses seront attribu\u00e9es \u00e0 un bin\u00f4me d\u2019\u00e9tudiant\u00b7e\u00b7s qui aura \u00e0 travailler en \u00e9troite collaboration. L\u2019un\u00b7e des \u00e9tudiant\u00b7e\u00b7s s\u00e9lectionn\u00e9\u00b7e\u00b7s sera issu\u00b7e d\u2019une formation plus orient\u00e9e \u00ab&nbsp;communications&nbsp;\u00bb (ex. journalisme), l\u2019autre d\u2019une formation plus orient\u00e9e \u00ab&nbsp;science des donn\u00e9es&nbsp;\u00bb (ex. informatique, statistique). Les bin\u00f4mes seront supervis\u00e9s par un\u00b7e professeur\u00b7e et un membre de l\u2019\u00e9quipe du milieu d\u2019accueil.<\/p>\n<p>Les stages pourront \u00eatre effectu\u00e9s dans les milieux suivants&nbsp;:<\/p>\n<ul>\n<li>Le Devoir<\/li>\n<li>Radio-Canada<\/li>\n<li>La Presse<\/li>\n<li><a href=\"https:\/\/synapsec.ca\/\" target=\"_blank\" rel=\"noopener noreferrer\">Synapse-C<\/a><\/li>\n<li><a href=\"https:\/\/www.cirano.qc.ca\/\" target=\"_blank\" rel=\"noopener noreferrer\">Le CIRANO<\/a><\/li>\n<\/ul>\n<p>La bourse, d\u2019un montant de 5&nbsp;000&nbsp;$ par \u00e9tudiant\u00b7e, sera administr\u00e9e par l\u2019encadrant\u00b7e universitaire. L\u2019\u00e9tudiant\u00b7e devra donc \u00eatre inscrit\u00b7e comme stagiaire \u00e0 une universit\u00e9 afin de b\u00e9n\u00e9ficier de sa bourse. Le\u00b7la candidat\u00b7e doit donc s\u2019assurer d\u2019avoir un statut au Canada lui permettant de travailler (canadien\u00b7ne, r\u00e9sident\u00b7e permanent\u00b7e, ou permis d\u2019\u00e9tudes permettant la r\u00e9alisation d\u2019un stage).<\/p>\n<p>\u00c0 l\u2019issue de son stage, l\u2019\u00e9tudiant\u00b7e devra fournir \u00e0 IVADO un bref rapport concernant ses activit\u00e9s. Ce rapport pourrait \u00eatre rendu public pour illustrer les activit\u00e9s financ\u00e9es par IVADO. Le\u00b7la superviseur\u00b7e fournira aussi de son c\u00f4t\u00e9 un bref rapport sur les activit\u00e9s de son\u00b7sa ou ses stagiaires.<\/p>\n<p>Chaque milieu d&#8217;accueil a ses sp\u00e9cificit\u00e9s, tenez-en compte lors de votre application&nbsp;:<\/p>\n<ul>\n<li>Le Devoir\n<ul>\n<li>Exemples de notre travail en visualisation de donn\u00e9es avec les boursiers IVADO 2019&nbsp;:\n<ul>\n<li><a href=\"http:\/\/www.ledevoir.com\/documents\/special\/19-10_analyse-promesses-electorales\/index.html\" target=\"_blank\" rel=\"noopener noreferrer\">Que vous promettent les partis&#8239;?<\/a><\/li>\n<li><a href=\"https:\/\/www.ledevoir.com\/documents\/special\/19-08-penurie_enseignants\/index.html\" target=\"_blank\" rel=\"noopener noreferrer\">Plus d\u2019\u00e9l\u00e8ves, moins de profs &#8211; Survol d\u2019une p\u00e9nurie<\/a><\/li>\n<\/ul>\n<\/li>\n<li>Contexte technique du stage&nbsp;: visualisation de donn\u00e9es dans un contexte de vulgarisation et de mise en perspective<\/li>\n<li>Grande flexibilit\u00e9 pour d\u00e9nicher de l&#8217;information dans un jeu de donn\u00e9es<\/li>\n<li>Avoir un int\u00e9r\u00eat pour l&#8217;information et les actualit\u00e9s est essentiel<\/li>\n<li>Projets \u00e0 long terme avec possibilit\u00e9 d&#8217;intervention sur des projets \u00e0 court terme<\/li>\n<\/ul>\n<\/li>\n<li>Radio-Canada<\/li>\n<li>La Presse\n<ul>\n<li>Exigences\n<ul>\n<li>Capacit\u00e9 \u00e0 rep\u00e9rer de l&#8217;information pertinente dans des donn\u00e9es<\/li>\n<li>Int\u00e9r\u00eat pour les enjeux d\u2019actualit\u00e9<\/li>\n<li>Pour le stagiaire &#8220;science des donn\u00e9es&#8221;&nbsp;: Connaissance d\u2019outils et de techniques permettant de collecter, de traiter, d&#8217;analyser et de visualiser des donn\u00e9es. Par exemple&nbsp;: SQL, python (pandas), node.js, html, css, javascript, d3, SVG, canvas, etc.<\/li>\n<\/ul>\n<\/li>\n<li>Exemples de projets\n<ul>\n<li>2017 &#8211; <a href=\"https:\/\/www.lapresse.ca\/multimedias\/resultats-des-elections-municipales-2017\/\" target=\"_blank\" rel=\"noopener noreferrer\">R\u00e9sultats des \u00e9lections municipales 2017<\/a><\/li>\n<li>2019 &#8211; <a href=\"https:\/\/www.lapresse.ca\/multimedias\/palmares-des-urgences-2019\/\" target=\"_blank\" rel=\"noopener noreferrer\">Palmar\u00e8s des urgences 2019<\/a><\/li>\n<\/ul>\n<\/li>\n<\/ul>\n<\/li>\n<li><a href=\"https:\/\/synapsec.ca\/\" target=\"_blank\" rel=\"noopener noreferrer\">Synapse-C<\/a>\n<ul>\n<li>Contexte technique du stage&nbsp;: d\u00e9veloppement web de visualisations de donn\u00e9es dans un contexte d&#8217;analyse et pr\u00e9sentation de donn\u00e9es culturelles.<\/li>\n<li>Public cible pour les visualisations envisag\u00e9es&nbsp;: acteur.trice\u00b7s du milieu culturel voulant par exemple optimiser leurs strat\u00e9gies de d\u00e9veloppement.<\/li>\n<li>Synapse C dispose de grands jeux de donn\u00e9es li\u00e9s \u00e0 ce milieu pouvant \u00eatre directement utilis\u00e9s&nbsp;: ventes de billets de spectacles, emprunts biblioth\u00e9caires, achats en ligne de livres etc.<\/li>\n<\/ul>\n<\/li>\n<li><a href=\"https:\/\/www.cirano.qc.ca\/\" target=\"_blank\" rel=\"noopener noreferrer\">Le CIRANO<\/a>\n<ul>\n<li>Faites parler les donn\u00e9es du <a href=\"https:\/\/barometre.cirano.qc.ca\/\" target=\"_blank\" rel=\"noopener noreferrer\">Barom\u00e8tre CIRANO<\/a> r\u00e9colt\u00e9es depuis 2011 sur les pr\u00e9occupations et les b\u00e9n\u00e9fices per\u00e7us des Qu\u00e9b\u00e9cois sur 47 enjeux de soci\u00e9t\u00e9.<\/li>\n<li>Proposez des visualisations des donn\u00e9es r\u00e9elles sur de grands enjeux de soci\u00e9t\u00e9 (sant\u00e9, environnement, immigration, \u00e9conomie, technologies \u00e9mergentes \/ perception des b\u00e9n\u00e9fices et des risques de l\u2019IA) et comparez-les aux perceptions de la population.<\/li>\n<li>Fouillez dans les diff\u00e9rentes bases de donn\u00e9es internationales de la plateforme <a href=\"http:\/\/mondointl.cirano.qc.ca\/app-store\/\" target=\"_blank\" rel=\"noopener noreferrer\">Mondo<\/a> et sugg\u00e9rez des visualisations et analyses par grandes th\u00e9matiques en faisant des comparaisons par pays!<\/li>\n<\/ul>\n<\/li>\n<\/ul>\n<p>&nbsp;<\/p>\n<\/div><div class=\"tab-content\" ><h3 class=\"gdlr-heading-shortcode \"  style=\"color: #000000;font-size: 16px;font-weight: bold;\" >Conditions d&#8217;admissibilit\u00e9<\/h3>\n<p>L\u2019\u00e9tudiant\u00b7e&nbsp;:<\/p>\n<ul>\n<li>doit avoir un statut permettant de travailler au Canada dans le cadre d\u2019un stage (Canadien\u00b7e, r\u00e9sident permanent\u00b7e, ou permis d\u2019\u00e9tudes avec autorisation de r\u00e9aliser un stage dans le cadre de ses \u00e9tudes);<\/li>\n<li>doit \u00eatre inscrit\u00b7e \u00e0 un programme de premier ou de second cycle en communication ou en sciences de donn\u00e9es <strong>dans une universit\u00e9 qu\u00e9b\u00e9coise<\/strong>;<\/li>\n<li>doit avoir une moyenne de 3.3\/4.3 ou mieux (ou l\u2019\u00e9quivalent);<\/li>\n<li>doit avoir compl\u00e9t\u00e9 24 cr\u00e9dits pour les \u00e9tudiant\u00b7e\u00b7s au premier cycle.<\/li>\n<\/ul>\n<h3 class=\"gdlr-heading-shortcode \"  style=\"color: #00000;font-size: 16px;font-weight: bold;\" >Dossier de candidature<\/h3>\n<ul>\n<li>La demande comprendra les \u00e9l\u00e9ments suivants&nbsp;:\n<ul>\n<li>Nom, coordonn\u00e9es et programme d\u2019\u00e9tudes de l\u2019\u00e9tudiant;<\/li>\n<li>Choix de l\u2019\u00e9tudiant\u00b7e de d\u00e9poser son dossier dans la cat\u00e9gorie \u00ab&nbsp;communication&nbsp;\u00bb ou \u00ab&nbsp;science des donn\u00e9es&nbsp;\u00bb;<\/li>\n<li>CV de l\u2019\u00e9tudiant\u00b7e, dans un format libre (2 p. max);<\/li>\n<li>Relev\u00e9 de notes des sessions pr\u00e9c\u00e9dentes;<\/li>\n<li>Lettre motivant la participation au concours (1\u00a0p. max).<\/li>\n<\/ul>\n<\/li>\n<\/ul>\n<p>La lettre de motivation est un \u00e9l\u00e9ment crucial du dossier. Il est recommand\u00e9 aux \u00e9tudiant\u00b7e\u00b7s d\u2019y faire figurer&nbsp;:<\/p>\n<ul>\n<li>des exemples r\u00e9cents de journalisme des donn\u00e9es qui les inspirent;<\/li>\n<li>leurs comp\u00e9tences et exp\u00e9riences dans au moins un des domaines suivants ; journalisme de donn\u00e9es, r\u00e9daction, communication scientifique, collecte et nettoyage de donn\u00e9es, analyse de donn\u00e9es et visualisation de donn\u00e9es.<\/li>\n<li>Des \u00e9l\u00e9ments justifiant leur capacit\u00e9 \u00e0 travailler avec un\u00b7e \u00e9tudiant\u00b7e \u00ab&nbsp;de l\u2019autre domaine&nbsp;\u00bb (communication pour l\u2019\u00e9tudiant\u00b7e en science des donn\u00e9es, science des donn\u00e9es pour l\u2019\u00e9tudiant\u00b7e en communication)<\/li>\n<\/ul>\n<\/div><div class=\"tab-content\" ><p>Le comit\u00e9 d\u2019\u00e9valuation sera constitu\u00e9 de professeur\u00b7e\u00b7s et de praticien\u00b7ne\u00b7s oeuvrant dans les domaines pertinents au concours (communication, journalisme, analyse de donn\u00e9es, vulgarisation scientifique, etc.). Les dossiers des candidat\u00b7e\u00b7s seront ordonn\u00e9s essentiellement sur la base du parcours scolaire et\/ou professionnel (CV et lettre de motivation), en tenant \u00e9galement compte de facteurs susceptibles de favoriser la diversit\u00e9 dans la communaut\u00e9 IVADO, et ceux sugg\u00e9rant la capacit\u00e9 \u00e0 travailler en \u00e9quipe multidisciplinaire.<\/p>\n<p>Les \u00e9tudiant\u00b7e\u00b7s les mieux class\u00e9\u00b7e\u00b7s \u00e0 la suite de cette \u00e9valuation auront une opportunit\u00e9 de discussion avec leurs encadrant\u00b7e\u00b7s avant d\u2019accepter, d\u2019un c\u00f4t\u00e9 comme de l\u2019autre, de s\u2019impliquer dans un contexte de stage donn\u00e9 (milieu d\u2019accueil, encadrant\u00b7e\u00b7s, bin\u00f4me d\u2019\u00e9tudiant\u00b7e\u00b7s).<\/p>\n<\/div><div class=\"tab-content\" ><p>Annonce du concours&nbsp;: d\u00e9but f\u00e9vrier<br \/>\nCl\u00f4ture du concours&nbsp;: d\u00e9but mars<br \/>\nAnnonce des r\u00e9sultats&nbsp;: d\u00e9but avril<\/p>\n<\/div><div class=\"tab-content\" ><p>Vous pouvez soumettre votre candidature en ligne&nbsp;: directement mettre le lien vers la plateforme <a href=\"http:\/\/ivado.smapply.io\/\" target=\"_blank\" rel=\"noopener noreferrer\">http:\/\/ivado.smapply.io\/<\/a> (ouverture de la plateforme le 17 f\u00e9vrier)<\/p>\n<\/div><div class=\"tab-content\" ><ul>\n<li style=\"font-weight: 400;\">J\u2019\u00e9tudie en journalisme, mais pas au niveau universitaire (ex. CEGEP), suis-je \u00e9ligible?\n<ul>\n<li>Non, les boursier.\u00b7e\u00b7s doivent \u00eatre en cours d\u2019\u00e9tudes universitaires.<\/li>\n<\/ul>\n<\/li>\n<li>Je ne suis pas \u00e9tudiant\u00b7e dans un domaine des communications\/science des donn\u00e9es, mais j\u2019ai l\u2019intention de m\u2019y r\u00e9orienter et je crois poss\u00e9der des aptitudes dans le domaine. Suis-je \u00e9ligible?\n<ul>\n<li>Vous pouvez d\u00e9poser un dossier en justifiant votre situation dans votre lettre de pr\u00e9sentation, mais les \u00e9valuateur\u00b7trice\u00b7s pourraient d\u00e9cider que votre profil est trop \u00e9loign\u00e9 des besoins du stage.<\/li>\n<\/ul>\n<\/li>\n<li>Quelle ma\u00eetrise du fran\u00e7ais est n\u00e9cessaire?\n<ul>\n<li>L\u2019essentiel du stage aura lieu en fran\u00e7ais&nbsp;: interactions dans le milieu de stage, rapports, projets, etc.<\/li>\n<\/ul>\n<\/li>\n<li>Puis-je postuler en \u00e9tant \u00e9tudiant\u00b7e actuellement inscrit\u00b7e dans une universit\u00e9 \u00e0 l\u2019\u00e9tranger \/ hors Qu\u00e9bec?\n<ul>\n<li>Nous accepterons uniquement les candidatures d\u2019\u00e9tudiant\u00b7e\u00b7s inscrit\u00b7e\u00b7s dans des universit\u00e9s au Qu\u00e9bec.<\/li>\n<\/ul>\n<\/li>\n<li>Si vous avez d\u2019autres questions, vous pouvez \u00e9crire \u00e0\u00a0<a href=\"mailto:programmes-excellence@ivado.ca\">programmes-excellence@ivado.ca<\/a>.<\/li>\n<\/ul>\n<\/div><div class=\"tab-content\" ><p>Stages chez Le Devoir:<\/p>\n<p>Sandrine Vieira, UQAM, sp\u00e9cialit\u00e9 communication<\/p>\n<p>Justine P\u00e9pin, Polytechnique Montr\u00e9al, sp\u00e9cialit\u00e9 science des donn\u00e9es<\/p>\n<p>Olivia G\u00e9linas, Polytechnique Montr\u00e9al, sp\u00e9cialit\u00e9 science des donn\u00e9es<\/p>\n<\/div><div class=\"tab-content\" ><p>Stephanie Cairns, McGill University: stage au CIRANO, sp\u00e9cialit\u00e9 science des donn\u00e9es<\/p>\n<p>Catherine Soum, Universit\u00e9 de Montr\u00e9al: stage au CIRANO, sp\u00e9cialit\u00e9 communication<\/p>\n<p>Philippe Robitaille-Grou, Universit\u00e9 de Montr\u00e9al: stage chez Le Devoir, sp\u00e9cialit\u00e9 science des donn\u00e9es<\/p>\n<p>Ambre Giovanni, Concordia: stage chez Le Devoir, sp\u00e9cialit\u00e9 science des donn\u00e9es<\/p>\n<p>J\u00e9r\u00e9mie Tousignant, Universit\u00e9 de Montr\u00e9al: stage chez Radio-Canada, sp\u00e9cialit\u00e9 science des donn\u00e9es<\/p>\n<p>Marc Boulanger, Universit\u00e9 de Montr\u00e9al: stage chez Radio-Canada, sp\u00e9cialit\u00e9 communication<\/p>\n<p>Ana\u00efs Babio, Universit\u00e9 de Montr\u00e9al: stage chez Synapse-C, sp\u00e9cialit\u00e9 science des donn\u00e9es<\/p>\n<p>\u00c8ve Campeau-Poirier, Universit\u00e9 de Montr\u00e9al: stage chez Synapse-C, sp\u00e9cialit\u00e9 science des donn\u00e9es<\/p>\n<p>Andr\u00e9-Anne C\u00f4t\u00e9, HEC Montr\u00e9al: stage chez Synapse-C, sp\u00e9cialit\u00e9 communication<\/p>\n<\/div><\/div><div class=\"clear\"><\/div><\/div><\/div>\n<p style=\"padding-left: 40px; padding-top: 15px;\"><em>Ce concours est n\u00e9 en 2019 d&#8217;une collaboration entre Le Devoir, le laboratoire JData de Polytechnique Montr\u00e9al et IVADO.<\/em><\/p>\n<p>&nbsp;<\/p>\n","protected":false},"excerpt":{"rendered":"<p>Postulez ici &gt;&gt; Ce programme de bourses en donn\u00e9es et cr\u00e9ations de contenu (journalisme, communication, etc.) vise les \u00e9tudiant\u00b7e\u00b7s de premier et deuxi\u00e8me cycle et a pour objectifs de :&#8230; <\/p>\n<div class=\"clear\"><\/div>\n<p><a href=\"https:\/\/vieux.ivado.ca\/en\/ivado-scholarships\/bourses-de-stage-des-donnees-pour-raconter\/\" class=\"gdlr-button with-border excerpt-read-more\">Read More<\/a><\/p>\n","protected":false},"author":14,"featured_media":0,"parent":9026,"menu_order":0,"comment_status":"closed","ping_status":"closed","template":"","meta":{"footnotes":""},"acf":[],"yoast_head":"<!-- This site is optimized with the Yoast SEO plugin v22.7 - https:\/\/yoast.com\/wordpress\/plugins\/seo\/ -->\n<title>Bourses de stage : Des donn\u00e9es pour raconter - IVADO<\/title>\n<meta name=\"robots\" content=\"noindex, follow, max-snippet:-1, max-image-preview:large, max-video-preview:-1\" \/>\n<meta property=\"og:locale\" content=\"en_US\" \/>\n<meta property=\"og:type\" content=\"article\" \/>\n<meta property=\"og:title\" content=\"Bourses de stage : Des donn\u00e9es pour raconter - IVADO\" \/>\n<meta property=\"og:description\" content=\"Postulez ici &gt;&gt; Ce programme de bourses en donn\u00e9es et cr\u00e9ations de contenu (journalisme, communication, etc.) vise les \u00e9tudiant\u00b7e\u00b7s de premier et deuxi\u00e8me cycle et a pour objectifs de :... Read More\" \/>\n<meta property=\"og:url\" content=\"https:\/\/vieux.ivado.ca\/en\/ivado-scholarships\/bourses-de-stage-des-donnees-pour-raconter\/\" \/>\n<meta property=\"og:site_name\" content=\"IVADO\" \/>\n<meta property=\"article:modified_time\" content=\"2020-06-17T19:44:43+00:00\" \/>\n<meta property=\"og:image\" content=\"https:\/\/vieux.ivado.ca\/wp-content\/uploads\/2020\/02\/IVADO_boursesJournalisme_646X220_FR_LinkedIn-01.jpg\" \/>\n<meta name=\"twitter:card\" content=\"summary_large_image\" \/>\n<meta name=\"twitter:label1\" content=\"Est. reading time\" \/>\n\t<meta name=\"twitter:data1\" content=\"9 minutes\" \/>\n<script type=\"application\/ld+json\" class=\"yoast-schema-graph\">{\"@context\":\"https:\/\/schema.org\",\"@graph\":[{\"@type\":\"WebPage\",\"@id\":\"https:\/\/vieux.ivado.ca\/en\/ivado-scholarships\/bourses-de-stage-des-donnees-pour-raconter\/\",\"url\":\"https:\/\/vieux.ivado.ca\/en\/ivado-scholarships\/bourses-de-stage-des-donnees-pour-raconter\/\",\"name\":\"Bourses de stage : Des donn\u00e9es pour raconter - IVADO\",\"isPartOf\":{\"@id\":\"https:\/\/vieux.ivado.ca\/#website\"},\"primaryImageOfPage\":{\"@id\":\"https:\/\/vieux.ivado.ca\/en\/ivado-scholarships\/bourses-de-stage-des-donnees-pour-raconter\/#primaryimage\"},\"image\":{\"@id\":\"https:\/\/vieux.ivado.ca\/en\/ivado-scholarships\/bourses-de-stage-des-donnees-pour-raconter\/#primaryimage\"},\"thumbnailUrl\":\"https:\/\/vieux.ivado.ca\/wp-content\/uploads\/2020\/02\/IVADO_boursesJournalisme_646X220_FR_LinkedIn-01.jpg\",\"datePublished\":\"2019-02-25T18:50:34+00:00\",\"dateModified\":\"2020-06-17T19:44:43+00:00\",\"breadcrumb\":{\"@id\":\"https:\/\/vieux.ivado.ca\/en\/ivado-scholarships\/bourses-de-stage-des-donnees-pour-raconter\/#breadcrumb\"},\"inLanguage\":\"en-US\",\"potentialAction\":[{\"@type\":\"ReadAction\",\"target\":[\"https:\/\/vieux.ivado.ca\/en\/ivado-scholarships\/bourses-de-stage-des-donnees-pour-raconter\/\"]}]},{\"@type\":\"ImageObject\",\"inLanguage\":\"en-US\",\"@id\":\"https:\/\/vieux.ivado.ca\/en\/ivado-scholarships\/bourses-de-stage-des-donnees-pour-raconter\/#primaryimage\",\"url\":\"https:\/\/vieux.ivado.ca\/wp-content\/uploads\/2020\/02\/IVADO_boursesJournalisme_646X220_FR_LinkedIn-01.jpg\",\"contentUrl\":\"https:\/\/vieux.ivado.ca\/wp-content\/uploads\/2020\/02\/IVADO_boursesJournalisme_646X220_FR_LinkedIn-01.jpg\"},{\"@type\":\"BreadcrumbList\",\"@id\":\"https:\/\/vieux.ivado.ca\/en\/ivado-scholarships\/bourses-de-stage-des-donnees-pour-raconter\/#breadcrumb\",\"itemListElement\":[{\"@type\":\"ListItem\",\"position\":1,\"name\":\"Accueil\",\"item\":\"https:\/\/vieux.ivado.ca\/en\/\"},{\"@type\":\"ListItem\",\"position\":2,\"name\":\"IVADO scholarships\",\"item\":\"https:\/\/vieux.ivado.ca\/en\/ivado-scholarships\/\"},{\"@type\":\"ListItem\",\"position\":3,\"name\":\"Bourses de stage&nbsp;: Des donn\u00e9es pour raconter\"}]},{\"@type\":\"WebSite\",\"@id\":\"https:\/\/vieux.ivado.ca\/#website\",\"url\":\"https:\/\/vieux.ivado.ca\/\",\"name\":\"IVADO\",\"description\":\"Institut de valorisation des donn\u00e9es\",\"potentialAction\":[{\"@type\":\"SearchAction\",\"target\":{\"@type\":\"EntryPoint\",\"urlTemplate\":\"https:\/\/vieux.ivado.ca\/?s={search_term_string}\"},\"query-input\":\"required name=search_term_string\"}],\"inLanguage\":\"en-US\"}]}<\/script>\n<!-- \/ Yoast SEO plugin. -->","yoast_head_json":{"title":"Bourses de stage : Des donn\u00e9es pour raconter - IVADO","robots":{"index":"noindex","follow":"follow","max-snippet":"max-snippet:-1","max-image-preview":"max-image-preview:large","max-video-preview":"max-video-preview:-1"},"og_locale":"en_US","og_type":"article","og_title":"Bourses de stage : Des donn\u00e9es pour raconter - IVADO","og_description":"Postulez ici &gt;&gt; Ce programme de bourses en donn\u00e9es et cr\u00e9ations de contenu (journalisme, communication, etc.) vise les \u00e9tudiant\u00b7e\u00b7s de premier et deuxi\u00e8me cycle et a pour objectifs de :... Read More","og_url":"https:\/\/vieux.ivado.ca\/en\/ivado-scholarships\/bourses-de-stage-des-donnees-pour-raconter\/","og_site_name":"IVADO","article_modified_time":"2020-06-17T19:44:43+00:00","og_image":[{"url":"https:\/\/vieux.ivado.ca\/wp-content\/uploads\/2020\/02\/IVADO_boursesJournalisme_646X220_FR_LinkedIn-01.jpg"}],"twitter_card":"summary_large_image","twitter_misc":{"Est. reading time":"9 minutes"},"schema":{"@context":"https:\/\/schema.org","@graph":[{"@type":"WebPage","@id":"https:\/\/vieux.ivado.ca\/en\/ivado-scholarships\/bourses-de-stage-des-donnees-pour-raconter\/","url":"https:\/\/vieux.ivado.ca\/en\/ivado-scholarships\/bourses-de-stage-des-donnees-pour-raconter\/","name":"Bourses de stage : Des donn\u00e9es pour raconter - IVADO","isPartOf":{"@id":"https:\/\/vieux.ivado.ca\/#website"},"primaryImageOfPage":{"@id":"https:\/\/vieux.ivado.ca\/en\/ivado-scholarships\/bourses-de-stage-des-donnees-pour-raconter\/#primaryimage"},"image":{"@id":"https:\/\/vieux.ivado.ca\/en\/ivado-scholarships\/bourses-de-stage-des-donnees-pour-raconter\/#primaryimage"},"thumbnailUrl":"https:\/\/vieux.ivado.ca\/wp-content\/uploads\/2020\/02\/IVADO_boursesJournalisme_646X220_FR_LinkedIn-01.jpg","datePublished":"2019-02-25T18:50:34+00:00","dateModified":"2020-06-17T19:44:43+00:00","breadcrumb":{"@id":"https:\/\/vieux.ivado.ca\/en\/ivado-scholarships\/bourses-de-stage-des-donnees-pour-raconter\/#breadcrumb"},"inLanguage":"en-US","potentialAction":[{"@type":"ReadAction","target":["https:\/\/vieux.ivado.ca\/en\/ivado-scholarships\/bourses-de-stage-des-donnees-pour-raconter\/"]}]},{"@type":"ImageObject","inLanguage":"en-US","@id":"https:\/\/vieux.ivado.ca\/en\/ivado-scholarships\/bourses-de-stage-des-donnees-pour-raconter\/#primaryimage","url":"https:\/\/vieux.ivado.ca\/wp-content\/uploads\/2020\/02\/IVADO_boursesJournalisme_646X220_FR_LinkedIn-01.jpg","contentUrl":"https:\/\/vieux.ivado.ca\/wp-content\/uploads\/2020\/02\/IVADO_boursesJournalisme_646X220_FR_LinkedIn-01.jpg"},{"@type":"BreadcrumbList","@id":"https:\/\/vieux.ivado.ca\/en\/ivado-scholarships\/bourses-de-stage-des-donnees-pour-raconter\/#breadcrumb","itemListElement":[{"@type":"ListItem","position":1,"name":"Accueil","item":"https:\/\/vieux.ivado.ca\/en\/"},{"@type":"ListItem","position":2,"name":"IVADO scholarships","item":"https:\/\/vieux.ivado.ca\/en\/ivado-scholarships\/"},{"@type":"ListItem","position":3,"name":"Bourses de stage&nbsp;: Des donn\u00e9es pour raconter"}]},{"@type":"WebSite","@id":"https:\/\/vieux.ivado.ca\/#website","url":"https:\/\/vieux.ivado.ca\/","name":"IVADO","description":"Institut de valorisation des donn\u00e9es","potentialAction":[{"@type":"SearchAction","target":{"@type":"EntryPoint","urlTemplate":"https:\/\/vieux.ivado.ca\/?s={search_term_string}"},"query-input":"required name=search_term_string"}],"inLanguage":"en-US"}]}},"_links":{"self":[{"href":"https:\/\/vieux.ivado.ca\/en\/wp-json\/wp\/v2\/pages\/20663\/"}],"collection":[{"href":"https:\/\/vieux.ivado.ca\/en\/wp-json\/wp\/v2\/pages\/"}],"about":[{"href":"https:\/\/vieux.ivado.ca\/en\/wp-json\/wp\/v2\/types\/page\/"}],"author":[{"embeddable":true,"href":"https:\/\/vieux.ivado.ca\/en\/wp-json\/wp\/v2\/users\/14\/"}],"replies":[{"embeddable":true,"href":"https:\/\/vieux.ivado.ca\/en\/wp-json\/wp\/v2\/comments\/?post=20663"}],"version-history":[{"count":0,"href":"https:\/\/vieux.ivado.ca\/en\/wp-json\/wp\/v2\/pages\/20663\/revisions\/"}],"up":[{"embeddable":true,"href":"https:\/\/vieux.ivado.ca\/en\/wp-json\/wp\/v2\/pages\/9026\/"}],"wp:attachment":[{"href":"https:\/\/vieux.ivado.ca\/en\/wp-json\/wp\/v2\/media\/?parent=20663"}],"curies":[{"name":"wp","href":"https:\/\/api.w.org\/{rel}","templated":true}]}}