{"id":20295,"date":"2018-06-27T09:12:05","date_gmt":"2018-06-27T14:12:05","guid":{"rendered":"https:\/\/vieux.ivado.ca\/trainings\/cours-en-ligne\/"},"modified":"2020-02-12T13:14:47","modified_gmt":"2020-02-12T18:14:47","slug":"online-courses","status":"publish","type":"page","link":"https:\/\/vieux.ivado.ca\/en\/trainings\/online-courses\/","title":{"rendered":"Online courses"},"content":{"rendered":"<p>[vc_row][vc_column width=&#8221;1\/2&#8243;][vc_column_text]<img loading=\"lazy\" decoding=\"async\" class=\"alignnone size-full wp-image-20283\" src=\"https:\/\/vieux.ivado.ca\/wp-content\/uploads\/2020\/02\/IVADO_DeepLearning-MOOC_1134X675_v2.jpg\" alt=\"\" width=\"1134\" height=\"675\" srcset=\"https:\/\/vieux.ivado.ca\/wp-content\/uploads\/2020\/02\/IVADO_DeepLearning-MOOC_1134X675_v2.jpg 1134w, https:\/\/vieux.ivado.ca\/wp-content\/uploads\/2020\/02\/IVADO_DeepLearning-MOOC_1134X675_v2-300x179.jpg 300w, https:\/\/vieux.ivado.ca\/wp-content\/uploads\/2020\/02\/IVADO_DeepLearning-MOOC_1134X675_v2-1024x610.jpg 1024w, https:\/\/vieux.ivado.ca\/wp-content\/uploads\/2020\/02\/IVADO_DeepLearning-MOOC_1134X675_v2-768x457.jpg 768w, https:\/\/vieux.ivado.ca\/wp-content\/uploads\/2020\/02\/IVADO_DeepLearning-MOOC_1134X675_v2-400x238.jpg 400w, https:\/\/vieux.ivado.ca\/wp-content\/uploads\/2020\/02\/IVADO_DeepLearning-MOOC_1134X675_v2-672x400.jpg 672w, https:\/\/vieux.ivado.ca\/wp-content\/uploads\/2020\/02\/IVADO_DeepLearning-MOOC_1134X675_v2-120x71.jpg 120w\" sizes=\"(max-width: 1134px) 100vw, 1134px\" \/><\/p>\n<h4>Deep Learning Essentials<\/h4>\n<p>Do you want to learn how machines can learn tasks we thought only human brains could perform? Then take this Deep Learning course developed by IVADO, Mila and Universit\u00e9 de Montr\u00e9al: an extensive overview on the essentials of deep learning, this ground-breaking technology already prevalent in our lives and spanning all sectors.<\/p>\n<h5>About this course<\/h5>\n<p>Gain a good understanding of what Deep Learning is, what types of problems it resolves and what are the fundamental concepts and methods it entails. The course developed by IVADO, Mila and Universit\u00e9 de Montr\u00e9al uses diversified learning tools in order for you to fully grasp the extent of this ground-breaking cross-cutting technology, a critical need in the field.<\/p>\n<p>Do you want a sneak peek? <a href=\"https:\/\/www.youtube.com\/watch?v=MdaDiN4olEY\" target=\"_blank\" rel=\"noopener noreferrer\">Click here<\/a>![\/vc_column_text]<div class=\" ubtn-ctn-center \"><a class=\"ubtn-link ult-adjust-bottom-margin ubtn-center ubtn-normal \" href=\"https:\/\/www.edx.org\/course\/introduction-to-deep-learning\" target=\"_blank\" rel=\"noopener\" ><button type=\"button\" id=\"ubtn-7609\"  class=\"ubtn ult-adjust-bottom-margin ult-responsive ubtn-normal ubtn-no-hover-bg  none  ubtn-sep-icon ubtn-sep-icon-left-push  ubtn-center   tooltip-69dc4606be236\"  data-hover=\"\" data-border-color=\"\" data-bg=\"#ff8139\" data-hover-bg=\"\" data-border-hover=\"\" data-shadow-hover=\"\" data-shadow-click=\"none\" data-shadow=\"\" data-shd-shadow=\"\"  data-ultimate-target='#ubtn-7609'  data-responsive-json-new='{\"font-size\":\"desktop:24px;\",\"line-height\":\"\"}'  style=\"font-weight:bold;border:none;background: #ff8139;color: #ffffff;\"><span class=\"ubtn-data ubtn-icon\"><i class=\"Defaults-edit pencil-square-o\" style=\"font-size:32px;color:;\"><\/i><\/span><span class=\"ubtn-hover\" style=\"background-color:\"><\/span><span class=\"ubtn-data ubtn-text \" >Registration<\/span><\/button><\/a><\/div>[\/vc_column][vc_column width=&#8221;1\/2&#8243;][vc_column_text]<img loading=\"lazy\" decoding=\"async\" class=\"alignnone size-full wp-image-20285\" src=\"https:\/\/vieux.ivado.ca\/wp-content\/uploads\/2020\/02\/IVADO_Bias-MOOC_1134X675_v2.jpg\" alt=\"\" width=\"1134\" height=\"675\" srcset=\"https:\/\/vieux.ivado.ca\/wp-content\/uploads\/2020\/02\/IVADO_Bias-MOOC_1134X675_v2.jpg 1134w, https:\/\/vieux.ivado.ca\/wp-content\/uploads\/2020\/02\/IVADO_Bias-MOOC_1134X675_v2-300x179.jpg 300w, https:\/\/vieux.ivado.ca\/wp-content\/uploads\/2020\/02\/IVADO_Bias-MOOC_1134X675_v2-1024x610.jpg 1024w, https:\/\/vieux.ivado.ca\/wp-content\/uploads\/2020\/02\/IVADO_Bias-MOOC_1134X675_v2-768x457.jpg 768w, https:\/\/vieux.ivado.ca\/wp-content\/uploads\/2020\/02\/IVADO_Bias-MOOC_1134X675_v2-400x238.jpg 400w, https:\/\/vieux.ivado.ca\/wp-content\/uploads\/2020\/02\/IVADO_Bias-MOOC_1134X675_v2-672x400.jpg 672w, https:\/\/vieux.ivado.ca\/wp-content\/uploads\/2020\/02\/IVADO_Bias-MOOC_1134X675_v2-120x71.jpg 120w\" sizes=\"(max-width: 1134px) 100vw, 1134px\" \/><\/p>\n<h4>Bias and Discrimination in AI<\/h4>\n<p>Discover how even computer algorithms may be biased and have a serious impact on our every day lives. In this MOOC, based on an IVADO School involving various international experts in the field, you will learn how to identify and alleviate bias and discrimination in Artificial Intelligence.<\/p>\n<h5>About this course<\/h5>\n<p>Engage in this course pertaining to a highly impactful yet, too rarely discussed, AI-related topic. You will learn from international experts in the field, also speakers at IVADO\u2019s International School on Bias and Discrimination in AI, which took place in Montreal, and explore the social and technical aspects of bias, discrimination and fairness in machine learning and algorithm design.<\/p>\n<p>Do you want a sneak peek? <a href=\"https:\/\/www.youtube.com\/watch?v=kou-4SBnJvg\" target=\"_blank\" rel=\"noopener noreferrer\">Click here<\/a>![\/vc_column_text]<div class=\" ubtn-ctn-center \"><a class=\"ubtn-link ult-adjust-bottom-margin ubtn-center ubtn-normal \" href=\"https:\/\/www.edx.org\/course\/bias-and-discrimination-in-ai\" target=\"_blank\" rel=\"noopener\" ><button type=\"button\" id=\"ubtn-3808\"  class=\"ubtn ult-adjust-bottom-margin ult-responsive ubtn-normal ubtn-no-hover-bg  none  ubtn-sep-icon ubtn-sep-icon-left-push  ubtn-center   tooltip-69dc4606be335\"  data-hover=\"\" data-border-color=\"\" data-bg=\"#ff8139\" data-hover-bg=\"\" data-border-hover=\"\" data-shadow-hover=\"\" data-shadow-click=\"none\" data-shadow=\"\" data-shd-shadow=\"\"  data-ultimate-target='#ubtn-3808'  data-responsive-json-new='{\"font-size\":\"desktop:24px;\",\"line-height\":\"\"}'  style=\"font-weight:bold;border:none;background: #ff8139;color: #ffffff;\"><span class=\"ubtn-data ubtn-icon\"><i class=\"Defaults-edit pencil-square-o\" style=\"font-size:32px;color:;\"><\/i><\/span><span class=\"ubtn-hover\" style=\"background-color:\"><\/span><span class=\"ubtn-data ubtn-text \" >Registration<\/span><\/button><\/a><\/div>[\/vc_column][\/vc_row][vc_row][vc_column width=&#8221;1\/2&#8243;][vc_column_text]<\/p>\n<h2><\/h2>\n<h2><a href=\"https:\/\/cours.edulib.org\/courses\/course-v1:IVADO+IA-101+P2018\/about\"><img loading=\"lazy\" decoding=\"async\" class=\"alignnone size-large wp-image-9415\" src=\"https:\/\/vieux.ivado.ca\/wp-content\/uploads\/2018\/06\/MoocPageWeb-1024x595.png\" alt=\"\" width=\"960\" height=\"558\" srcset=\"https:\/\/vieux.ivado.ca\/wp-content\/uploads\/2018\/06\/MoocPageWeb-1024x595.png 1024w, https:\/\/vieux.ivado.ca\/wp-content\/uploads\/2018\/06\/MoocPageWeb-300x174.png 300w, https:\/\/vieux.ivado.ca\/wp-content\/uploads\/2018\/06\/MoocPageWeb-768x447.png 768w, https:\/\/vieux.ivado.ca\/wp-content\/uploads\/2018\/06\/MoocPageWeb.png 1806w\" sizes=\"(max-width: 960px) 100vw, 960px\" \/><\/a><\/h2>\n<h4>Introduction \u00e0 l&#8217;apprentissage profond<\/h4>\n<h5>\u00c0 propos de ce MOOC<\/h5>\n<p>L&#8217;apprentissage profond (deep learning) est une technique d&#8217;apprentissage automatique (machine learning) qui a consid\u00e9rablement am\u00e9lior\u00e9 les r\u00e9sultats dans de nombreux domaines tels que la vision par ordinateur, la reconnaissance de la parole et la traduction automatique. Les techniques d&#8217;apprentissage profond permettent, \u00e0 l&#8217;aide de donn\u00e9es, de r\u00e9soudre de nombreux probl\u00e8mes dans de nombreux domaines de l&#8217;\u00e9conomie tels que la sant\u00e9, le transport, le commerce, la finance ainsi que l&#8217;\u00e9nergie.<\/p>\n<p>D\u00e9velopp\u00e9 par\u00a0<b>IVADO<\/b>\u00a0et le\u00a0<b>MILA<\/b>, ce cours d&#8217;une\u00a0<b>dur\u00e9e totale de 5 heures<\/b>\u00a0pr\u00e9sente les concepts fondamentaux de l&#8217;apprentissage profond \u00e0 travers\u00a0<b>5 modules de formation propos\u00e9s en fran\u00e7ais<\/b>.<\/p>\n<p>Le cours <a href=\"https:\/\/cours.edulib.org\/courses\/course-v1:IVADO+IA-101+P2018\/about\">Introduction \u00e0 l&#8217;apprentissage profond<\/a> a \u00e9t\u00e9 con\u00e7u pour ceux qui d\u00e9sirent&nbsp;:<\/p>\n<ul>\n<li>Comprendre en quoi consiste l&#8217;apprentissage profond,<\/li>\n<li>Comprendre quels types de probl\u00e8mes peuvent \u00eatre r\u00e9solus \u00e0 l&#8217;aide de ces techniques,<\/li>\n<li>Se familiariser avec les concepts fondamentaux et m\u00e9thodes utilis\u00e9es en apprentissage profond.<\/li>\n<\/ul>\n<p>Le contenu sera pr\u00e9sent\u00e9 \u00e0 l\u2019aide de vid\u00e9os p\u00e9dagogiques pr\u00e9sent\u00e9s par des sp\u00e9cialistes du domaine&nbsp;: Alain Tapp, Yoshua Bengio et Nicolas Le Roux.<\/p>\n<h5>Requis<\/h5>\n<p>Il est fortement recommand\u00e9 aux participants d&#8217;avoir une compr\u00e9hension des concepts de base en math\u00e9matique (alg\u00e8bre lin\u00e9aire, calcul diff\u00e9rentiel) et en informatique (notion d&#8217;algorithmique r\u00e9cursive).[\/vc_column_text]<div class=\" ubtn-ctn-center \"><a class=\"ubtn-link ult-adjust-bottom-margin ubtn-center ubtn-normal \" href=\"https:\/\/cours.edulib.org\/courses\/course-v1:IVADO+IA-101+P2018\/about\" target=\"_blank\" rel=\"noopener\" ><button type=\"button\" id=\"ubtn-3573\"  class=\"ubtn ult-adjust-bottom-margin ult-responsive ubtn-normal ubtn-no-hover-bg  none  ubtn-sep-icon ubtn-sep-icon-left-push  ubtn-center   tooltip-69dc4606be39c\"  data-hover=\"\" data-border-color=\"\" data-bg=\"#ff8139\" data-hover-bg=\"\" data-border-hover=\"\" data-shadow-hover=\"\" data-shadow-click=\"none\" data-shadow=\"\" data-shd-shadow=\"\"  data-ultimate-target='#ubtn-3573'  data-responsive-json-new='{\"font-size\":\"desktop:24px;\",\"line-height\":\"\"}'  style=\"font-weight:bold;border:none;background: #ff8139;color: #ffffff;\"><span class=\"ubtn-data ubtn-icon\"><i class=\"Defaults-edit pencil-square-o\" style=\"font-size:32px;color:;\"><\/i><\/span><span class=\"ubtn-hover\" style=\"background-color:\"><\/span><span class=\"ubtn-data ubtn-text \" >Registration<\/span><\/button><\/a><\/div>[\/vc_column][vc_column width=&#8221;1\/2&#8243;][vc_column_text]<img loading=\"lazy\" decoding=\"async\" class=\"alignnone size-full wp-image-20288\" src=\"https:\/\/vieux.ivado.ca\/wp-content\/uploads\/2020\/02\/IVADO_ScienceDesDonneessante_1134X675_v2.jpg\" alt=\"\" width=\"1134\" height=\"675\" srcset=\"https:\/\/vieux.ivado.ca\/wp-content\/uploads\/2020\/02\/IVADO_ScienceDesDonneessante_1134X675_v2.jpg 1134w, https:\/\/vieux.ivado.ca\/wp-content\/uploads\/2020\/02\/IVADO_ScienceDesDonneessante_1134X675_v2-300x179.jpg 300w, https:\/\/vieux.ivado.ca\/wp-content\/uploads\/2020\/02\/IVADO_ScienceDesDonneessante_1134X675_v2-1024x610.jpg 1024w, https:\/\/vieux.ivado.ca\/wp-content\/uploads\/2020\/02\/IVADO_ScienceDesDonneessante_1134X675_v2-768x457.jpg 768w, https:\/\/vieux.ivado.ca\/wp-content\/uploads\/2020\/02\/IVADO_ScienceDesDonneessante_1134X675_v2-400x238.jpg 400w, https:\/\/vieux.ivado.ca\/wp-content\/uploads\/2020\/02\/IVADO_ScienceDesDonneessante_1134X675_v2-672x400.jpg 672w, https:\/\/vieux.ivado.ca\/wp-content\/uploads\/2020\/02\/IVADO_ScienceDesDonneessante_1134X675_v2-120x71.jpg 120w\" sizes=\"(max-width: 1134px) 100vw, 1134px\" \/><\/p>\n<h4>Science des donn\u00e9es et sant\u00e9<\/h4>\n<h5>\u00c0 propos du cours<\/h5>\n<p>Les d\u00e9veloppements r\u00e9cents en science des donn\u00e9es, apprentissage automatique (machine learning) et apprentissage profond (deep learning) permettent de traiter et d\u2019analyser les donn\u00e9es provenant, entre autres, du domaine de la sant\u00e9. Ces nouvelles m\u00e9thodes permettent de d\u00e9velopper de nouveaux outils d\u2019aide \u00e0 la d\u00e9cision pour les professionnels du domaine de la sant\u00e9, comme par exemple l\u2019aide au diagnostic de maladies par imagerie m\u00e9dicale, les soins de sant\u00e9 personnalis\u00e9s, la d\u00e9couverte de nouveaux m\u00e9dicaments ou encore une meilleure analyse des risques.<\/p>\n<p>D\u00e9velopp\u00e9 en collaboration avec le Mila et l&#8217;IRIC, ce cours pr\u00e9sente&nbsp;:<\/p>\n<ol>\n<li>Les concepts fondamentaux en science des donn\u00e9es, en apprentissage automatique et profond appliqu\u00e9s au secteur de la sant\u00e9;<\/li>\n<li>Une introduction aux outils informatiques;<\/li>\n<li>Des applications concr\u00e8tes de ces m\u00e9thodes et outils \u00e0 diff\u00e9rents domaine de la sant\u00e9.<\/li>\n<\/ol>\n<p>Le contenu sera pr\u00e9sent\u00e9 \u00e0 l\u2019aide de vid\u00e9os p\u00e9dagogiques pr\u00e9sent\u00e9s par des experts scientifiques&nbsp;: Tristan Sylvain, Ga\u00e9tan Marceau-Caron, Jeremy Pinto, Margaux Luck, Joseph Paul Cohen et Tariq Daouda.<\/p>\n<h5>Requis<\/h5>\n<p>Une formation ou exp\u00e9rience de base dans un domaine de la sant\u00e9 (biologie, m\u00e9decine, sciences infirmi\u00e8res, sciences v\u00e9t\u00e9rinaires \u2026) ou en science (math\u00e9matiques, informatique, g\u00e9nie \u2026) est recommand\u00e9e mais non obligatoire.[\/vc_column_text]<div class=\" ubtn-ctn-center \"><a class=\"ubtn-link ult-adjust-bottom-margin ubtn-center ubtn-normal \" href=\"https:\/\/catalogue.edulib.org\/fr\/cours\/ivado-sds-230\/\" target=\"_blank\" rel=\"noopener\" ><button type=\"button\" id=\"ubtn-3473\"  class=\"ubtn ult-adjust-bottom-margin ult-responsive ubtn-normal ubtn-no-hover-bg  none  ubtn-sep-icon ubtn-sep-icon-left-push  ubtn-center   tooltip-69dc4606be407\"  data-hover=\"\" data-border-color=\"\" data-bg=\"#ff8139\" data-hover-bg=\"\" data-border-hover=\"\" data-shadow-hover=\"\" data-shadow-click=\"none\" data-shadow=\"\" data-shd-shadow=\"\"  data-ultimate-target='#ubtn-3473'  data-responsive-json-new='{\"font-size\":\"desktop:24px;\",\"line-height\":\"\"}'  style=\"font-weight:bold;border:none;background: #ff8139;color: #ffffff;\"><span class=\"ubtn-data ubtn-icon\"><i class=\"Defaults-edit pencil-square-o\" style=\"font-size:32px;color:;\"><\/i><\/span><span class=\"ubtn-hover\" style=\"background-color:\"><\/span><span class=\"ubtn-data ubtn-text \" >Registration<\/span><\/button><\/a><\/div>[\/vc_column][\/vc_row]<\/p>\n","protected":false},"excerpt":{"rendered":"<p>[vc_row][vc_column width=&#8221;1\/2&#8243;][vc_column_text] Deep Learning Essentials Do you want to learn how machines can learn tasks we thought only human brains could perform? Then take this Deep Learning course developed by&#8230; <\/p>\n<div class=\"clear\"><\/div>\n<p><a href=\"https:\/\/vieux.ivado.ca\/en\/trainings\/online-courses\/\" class=\"gdlr-button with-border excerpt-read-more\">Read More<\/a><\/p>\n","protected":false},"author":33,"featured_media":0,"parent":4838,"menu_order":0,"comment_status":"closed","ping_status":"closed","template":"","meta":{"footnotes":""},"acf":[],"yoast_head":"<!-- This site is optimized with the Yoast SEO plugin v22.7 - https:\/\/yoast.com\/wordpress\/plugins\/seo\/ -->\n<title>Online courses - IVADO<\/title>\n<meta name=\"robots\" content=\"noindex, follow, max-snippet:-1, max-image-preview:large, max-video-preview:-1\" \/>\n<meta property=\"og:locale\" content=\"en_US\" \/>\n<meta property=\"og:type\" content=\"article\" \/>\n<meta property=\"og:title\" content=\"Online courses - IVADO\" \/>\n<meta property=\"og:description\" content=\"[vc_row][vc_column width=&#8221;1\/2&#8243;][vc_column_text] Deep Learning Essentials Do you want to learn how machines can learn tasks we thought only human brains could perform? Then take this Deep Learning course developed by... Read More\" \/>\n<meta property=\"og:url\" content=\"https:\/\/vieux.ivado.ca\/en\/trainings\/online-courses\/\" \/>\n<meta property=\"og:site_name\" content=\"IVADO\" \/>\n<meta property=\"article:modified_time\" content=\"2020-02-12T18:14:47+00:00\" \/>\n<meta property=\"og:image\" content=\"https:\/\/vieux.ivado.ca\/wp-content\/uploads\/2020\/02\/IVADO_DeepLearning-MOOC_1134X675_v2.jpg\" \/>\n<meta name=\"twitter:card\" content=\"summary_large_image\" \/>\n<meta name=\"twitter:label1\" content=\"Est. reading time\" \/>\n\t<meta name=\"twitter:data1\" content=\"5 minutes\" \/>\n<script type=\"application\/ld+json\" class=\"yoast-schema-graph\">{\"@context\":\"https:\/\/schema.org\",\"@graph\":[{\"@type\":\"WebPage\",\"@id\":\"https:\/\/vieux.ivado.ca\/en\/trainings\/online-courses\/\",\"url\":\"https:\/\/vieux.ivado.ca\/en\/trainings\/online-courses\/\",\"name\":\"Online courses - IVADO\",\"isPartOf\":{\"@id\":\"https:\/\/vieux.ivado.ca\/#website\"},\"primaryImageOfPage\":{\"@id\":\"https:\/\/vieux.ivado.ca\/en\/trainings\/online-courses\/#primaryimage\"},\"image\":{\"@id\":\"https:\/\/vieux.ivado.ca\/en\/trainings\/online-courses\/#primaryimage\"},\"thumbnailUrl\":\"https:\/\/vieux.ivado.ca\/wp-content\/uploads\/2020\/02\/IVADO_DeepLearning-MOOC_1134X675_v2.jpg\",\"datePublished\":\"2018-06-27T14:12:05+00:00\",\"dateModified\":\"2020-02-12T18:14:47+00:00\",\"breadcrumb\":{\"@id\":\"https:\/\/vieux.ivado.ca\/en\/trainings\/online-courses\/#breadcrumb\"},\"inLanguage\":\"en-US\",\"potentialAction\":[{\"@type\":\"ReadAction\",\"target\":[\"https:\/\/vieux.ivado.ca\/en\/trainings\/online-courses\/\"]}]},{\"@type\":\"ImageObject\",\"inLanguage\":\"en-US\",\"@id\":\"https:\/\/vieux.ivado.ca\/en\/trainings\/online-courses\/#primaryimage\",\"url\":\"https:\/\/vieux.ivado.ca\/wp-content\/uploads\/2020\/02\/IVADO_DeepLearning-MOOC_1134X675_v2.jpg\",\"contentUrl\":\"https:\/\/vieux.ivado.ca\/wp-content\/uploads\/2020\/02\/IVADO_DeepLearning-MOOC_1134X675_v2.jpg\"},{\"@type\":\"BreadcrumbList\",\"@id\":\"https:\/\/vieux.ivado.ca\/en\/trainings\/online-courses\/#breadcrumb\",\"itemListElement\":[{\"@type\":\"ListItem\",\"position\":1,\"name\":\"Accueil\",\"item\":\"https:\/\/vieux.ivado.ca\/en\/\"},{\"@type\":\"ListItem\",\"position\":2,\"name\":\"Becoming a Data Scientist\",\"item\":\"https:\/\/vieux.ivado.ca\/en\/trainings\/\"},{\"@type\":\"ListItem\",\"position\":3,\"name\":\"Online courses\"}]},{\"@type\":\"WebSite\",\"@id\":\"https:\/\/vieux.ivado.ca\/#website\",\"url\":\"https:\/\/vieux.ivado.ca\/\",\"name\":\"IVADO\",\"description\":\"Institut de valorisation des donn\u00e9es\",\"potentialAction\":[{\"@type\":\"SearchAction\",\"target\":{\"@type\":\"EntryPoint\",\"urlTemplate\":\"https:\/\/vieux.ivado.ca\/?s={search_term_string}\"},\"query-input\":\"required name=search_term_string\"}],\"inLanguage\":\"en-US\"}]}<\/script>\n<!-- \/ Yoast SEO plugin. -->","yoast_head_json":{"title":"Online courses - IVADO","robots":{"index":"noindex","follow":"follow","max-snippet":"max-snippet:-1","max-image-preview":"max-image-preview:large","max-video-preview":"max-video-preview:-1"},"og_locale":"en_US","og_type":"article","og_title":"Online courses - IVADO","og_description":"[vc_row][vc_column width=&#8221;1\/2&#8243;][vc_column_text] Deep Learning Essentials Do you want to learn how machines can learn tasks we thought only human brains could perform? Then take this Deep Learning course developed by... Read More","og_url":"https:\/\/vieux.ivado.ca\/en\/trainings\/online-courses\/","og_site_name":"IVADO","article_modified_time":"2020-02-12T18:14:47+00:00","og_image":[{"url":"https:\/\/vieux.ivado.ca\/wp-content\/uploads\/2020\/02\/IVADO_DeepLearning-MOOC_1134X675_v2.jpg"}],"twitter_card":"summary_large_image","twitter_misc":{"Est. reading time":"5 minutes"},"schema":{"@context":"https:\/\/schema.org","@graph":[{"@type":"WebPage","@id":"https:\/\/vieux.ivado.ca\/en\/trainings\/online-courses\/","url":"https:\/\/vieux.ivado.ca\/en\/trainings\/online-courses\/","name":"Online courses - IVADO","isPartOf":{"@id":"https:\/\/vieux.ivado.ca\/#website"},"primaryImageOfPage":{"@id":"https:\/\/vieux.ivado.ca\/en\/trainings\/online-courses\/#primaryimage"},"image":{"@id":"https:\/\/vieux.ivado.ca\/en\/trainings\/online-courses\/#primaryimage"},"thumbnailUrl":"https:\/\/vieux.ivado.ca\/wp-content\/uploads\/2020\/02\/IVADO_DeepLearning-MOOC_1134X675_v2.jpg","datePublished":"2018-06-27T14:12:05+00:00","dateModified":"2020-02-12T18:14:47+00:00","breadcrumb":{"@id":"https:\/\/vieux.ivado.ca\/en\/trainings\/online-courses\/#breadcrumb"},"inLanguage":"en-US","potentialAction":[{"@type":"ReadAction","target":["https:\/\/vieux.ivado.ca\/en\/trainings\/online-courses\/"]}]},{"@type":"ImageObject","inLanguage":"en-US","@id":"https:\/\/vieux.ivado.ca\/en\/trainings\/online-courses\/#primaryimage","url":"https:\/\/vieux.ivado.ca\/wp-content\/uploads\/2020\/02\/IVADO_DeepLearning-MOOC_1134X675_v2.jpg","contentUrl":"https:\/\/vieux.ivado.ca\/wp-content\/uploads\/2020\/02\/IVADO_DeepLearning-MOOC_1134X675_v2.jpg"},{"@type":"BreadcrumbList","@id":"https:\/\/vieux.ivado.ca\/en\/trainings\/online-courses\/#breadcrumb","itemListElement":[{"@type":"ListItem","position":1,"name":"Accueil","item":"https:\/\/vieux.ivado.ca\/en\/"},{"@type":"ListItem","position":2,"name":"Becoming a Data Scientist","item":"https:\/\/vieux.ivado.ca\/en\/trainings\/"},{"@type":"ListItem","position":3,"name":"Online courses"}]},{"@type":"WebSite","@id":"https:\/\/vieux.ivado.ca\/#website","url":"https:\/\/vieux.ivado.ca\/","name":"IVADO","description":"Institut de valorisation des donn\u00e9es","potentialAction":[{"@type":"SearchAction","target":{"@type":"EntryPoint","urlTemplate":"https:\/\/vieux.ivado.ca\/?s={search_term_string}"},"query-input":"required name=search_term_string"}],"inLanguage":"en-US"}]}},"_links":{"self":[{"href":"https:\/\/vieux.ivado.ca\/en\/wp-json\/wp\/v2\/pages\/20295\/"}],"collection":[{"href":"https:\/\/vieux.ivado.ca\/en\/wp-json\/wp\/v2\/pages\/"}],"about":[{"href":"https:\/\/vieux.ivado.ca\/en\/wp-json\/wp\/v2\/types\/page\/"}],"author":[{"embeddable":true,"href":"https:\/\/vieux.ivado.ca\/en\/wp-json\/wp\/v2\/users\/33\/"}],"replies":[{"embeddable":true,"href":"https:\/\/vieux.ivado.ca\/en\/wp-json\/wp\/v2\/comments\/?post=20295"}],"version-history":[{"count":0,"href":"https:\/\/vieux.ivado.ca\/en\/wp-json\/wp\/v2\/pages\/20295\/revisions\/"}],"up":[{"embeddable":true,"href":"https:\/\/vieux.ivado.ca\/en\/wp-json\/wp\/v2\/pages\/4838\/"}],"wp:attachment":[{"href":"https:\/\/vieux.ivado.ca\/en\/wp-json\/wp\/v2\/media\/?parent=20295"}],"curies":[{"name":"wp","href":"https:\/\/api.w.org\/{rel}","templated":true}]}}