{"id":20234,"date":"2020-02-11T10:05:26","date_gmt":"2020-02-11T15:05:26","guid":{"rendered":"https:\/\/vieux.ivado.ca\/financement-ivado-genome-quebec-oncopole\/"},"modified":"2020-04-01T09:39:48","modified_gmt":"2020-04-01T13:39:48","slug":"funding-opportunity-by-ivado-genome-quebec-oncopole","status":"publish","type":"page","link":"https:\/\/vieux.ivado.ca\/en\/ivado-scholarships\/funding-opportunity-by-ivado-genome-quebec-oncopole\/","title":{"rendered":"Funding opportunity by  IVADO, G\u00e9nome Qu\u00e9bec, Oncopole"},"content":{"rendered":"<p><img loading=\"lazy\" decoding=\"async\" class=\"alignnone wp-image-20235 size-full\" src=\"https:\/\/vieux.ivado.ca\/wp-content\/uploads\/2020\/02\/IVADO_646X220_CONTEST_eng_GenomeQc-Oncopole_LinkedIn-01.jpg\" alt=\"\" width=\"1346\" height=\"459\" srcset=\"https:\/\/vieux.ivado.ca\/wp-content\/uploads\/2020\/02\/IVADO_646X220_CONTEST_eng_GenomeQc-Oncopole_LinkedIn-01.jpg 1346w, https:\/\/vieux.ivado.ca\/wp-content\/uploads\/2020\/02\/IVADO_646X220_CONTEST_eng_GenomeQc-Oncopole_LinkedIn-01-300x102.jpg 300w, https:\/\/vieux.ivado.ca\/wp-content\/uploads\/2020\/02\/IVADO_646X220_CONTEST_eng_GenomeQc-Oncopole_LinkedIn-01-1024x349.jpg 1024w, https:\/\/vieux.ivado.ca\/wp-content\/uploads\/2020\/02\/IVADO_646X220_CONTEST_eng_GenomeQc-Oncopole_LinkedIn-01-768x262.jpg 768w, https:\/\/vieux.ivado.ca\/wp-content\/uploads\/2020\/02\/IVADO_646X220_CONTEST_eng_GenomeQc-Oncopole_LinkedIn-01-400x136.jpg 400w, https:\/\/vieux.ivado.ca\/wp-content\/uploads\/2020\/02\/IVADO_646X220_CONTEST_eng_GenomeQc-Oncopole_LinkedIn-01-700x239.jpg 700w, https:\/\/vieux.ivado.ca\/wp-content\/uploads\/2020\/02\/IVADO_646X220_CONTEST_eng_GenomeQc-Oncopole_LinkedIn-01-120x41.jpg 120w\" sizes=\"(max-width: 1346px) 100vw, 1346px\" \/>Funding opportunity by G\u00e9nome Qu\u00e9bec, Oncopole et IVADO: Artificial intelligence and omics data in the fight against cancer<\/p>\n<p>G\u00e9nome Qu\u00e9bec, Oncopole and IVADO have joined forces to launch the Omics Data Against Cancer Competition (ODAC). Funding consideration is open to all Qu\u00e9bec researchers.<\/p>\n<p>The goal of this competition is to promote multidisciplinary research in artificial intelligence, omics and cancer research through support of the development of artificial intelligence applications and methodologies that can leverage cancer research datasets.<\/p>\n<p><strong>Note to applicants: please consult the <a href=\"http:\/\/www.genomequebec.com\/66-contests-omics-data-against-cancer-odac-competition\/\" target=\"_blank\" rel=\"noopener noreferrer\">G\u00e9nome Qu\u00e9bec<\/a> website to see the updated schedule and the next important dates.<\/strong><\/p>\n","protected":false},"excerpt":{"rendered":"<p>Funding opportunity by G\u00e9nome Qu\u00e9bec, Oncopole et IVADO: Artificial intelligence and omics data in the fight against cancer G\u00e9nome Qu\u00e9bec, Oncopole and IVADO have joined forces to launch the Omics&#8230; <\/p>\n<div class=\"clear\"><\/div>\n<p><a href=\"https:\/\/vieux.ivado.ca\/en\/ivado-scholarships\/funding-opportunity-by-ivado-genome-quebec-oncopole\/\" class=\"gdlr-button with-border excerpt-read-more\">Read More<\/a><\/p>\n","protected":false},"author":33,"featured_media":0,"parent":9026,"menu_order":0,"comment_status":"closed","ping_status":"closed","template":"","meta":{"footnotes":""},"acf":[],"yoast_head":"<!-- This site is optimized with the Yoast SEO plugin v22.7 - https:\/\/yoast.com\/wordpress\/plugins\/seo\/ -->\n<title>Funding opportunity by IVADO, G\u00e9nome Qu\u00e9bec, Oncopole - IVADO<\/title>\n<meta name=\"robots\" content=\"noindex, follow, max-snippet:-1, max-image-preview:large, max-video-preview:-1\" \/>\n<meta property=\"og:locale\" content=\"en_US\" \/>\n<meta property=\"og:type\" content=\"article\" \/>\n<meta property=\"og:title\" content=\"Funding opportunity by IVADO, G\u00e9nome Qu\u00e9bec, Oncopole - IVADO\" \/>\n<meta property=\"og:description\" content=\"Funding opportunity by G\u00e9nome Qu\u00e9bec, Oncopole et IVADO: Artificial intelligence and omics data in the fight against cancer G\u00e9nome Qu\u00e9bec, Oncopole and IVADO have joined forces to launch the Omics... Read More\" \/>\n<meta property=\"og:url\" content=\"https:\/\/vieux.ivado.ca\/en\/ivado-scholarships\/funding-opportunity-by-ivado-genome-quebec-oncopole\/\" \/>\n<meta property=\"og:site_name\" content=\"IVADO\" \/>\n<meta property=\"article:modified_time\" content=\"2020-04-01T13:39:48+00:00\" \/>\n<meta property=\"og:image\" content=\"https:\/\/vieux.ivado.ca\/wp-content\/uploads\/2020\/02\/IVADO_646X220_CONTEST_eng_GenomeQc-Oncopole_LinkedIn-01.jpg\" \/>\n<meta name=\"twitter:card\" content=\"summary_large_image\" \/>\n<meta name=\"twitter:label1\" content=\"Est. reading time\" \/>\n\t<meta name=\"twitter:data1\" content=\"1 minute\" \/>\n<script type=\"application\/ld+json\" class=\"yoast-schema-graph\">{\"@context\":\"https:\/\/schema.org\",\"@graph\":[{\"@type\":\"WebPage\",\"@id\":\"https:\/\/vieux.ivado.ca\/en\/ivado-scholarships\/funding-opportunity-by-ivado-genome-quebec-oncopole\/\",\"url\":\"https:\/\/vieux.ivado.ca\/en\/ivado-scholarships\/funding-opportunity-by-ivado-genome-quebec-oncopole\/\",\"name\":\"Funding opportunity by IVADO, G\u00e9nome Qu\u00e9bec, Oncopole - IVADO\",\"isPartOf\":{\"@id\":\"https:\/\/vieux.ivado.ca\/#website\"},\"primaryImageOfPage\":{\"@id\":\"https:\/\/vieux.ivado.ca\/en\/ivado-scholarships\/funding-opportunity-by-ivado-genome-quebec-oncopole\/#primaryimage\"},\"image\":{\"@id\":\"https:\/\/vieux.ivado.ca\/en\/ivado-scholarships\/funding-opportunity-by-ivado-genome-quebec-oncopole\/#primaryimage\"},\"thumbnailUrl\":\"https:\/\/vieux.ivado.ca\/wp-content\/uploads\/2020\/02\/IVADO_646X220_CONTEST_eng_GenomeQc-Oncopole_LinkedIn-01.jpg\",\"datePublished\":\"2020-02-11T15:05:26+00:00\",\"dateModified\":\"2020-04-01T13:39:48+00:00\",\"breadcrumb\":{\"@id\":\"https:\/\/vieux.ivado.ca\/en\/ivado-scholarships\/funding-opportunity-by-ivado-genome-quebec-oncopole\/#breadcrumb\"},\"inLanguage\":\"en-US\",\"potentialAction\":[{\"@type\":\"ReadAction\",\"target\":[\"https:\/\/vieux.ivado.ca\/en\/ivado-scholarships\/funding-opportunity-by-ivado-genome-quebec-oncopole\/\"]}]},{\"@type\":\"ImageObject\",\"inLanguage\":\"en-US\",\"@id\":\"https:\/\/vieux.ivado.ca\/en\/ivado-scholarships\/funding-opportunity-by-ivado-genome-quebec-oncopole\/#primaryimage\",\"url\":\"https:\/\/vieux.ivado.ca\/wp-content\/uploads\/2020\/02\/IVADO_646X220_CONTEST_eng_GenomeQc-Oncopole_LinkedIn-01.jpg\",\"contentUrl\":\"https:\/\/vieux.ivado.ca\/wp-content\/uploads\/2020\/02\/IVADO_646X220_CONTEST_eng_GenomeQc-Oncopole_LinkedIn-01.jpg\"},{\"@type\":\"BreadcrumbList\",\"@id\":\"https:\/\/vieux.ivado.ca\/en\/ivado-scholarships\/funding-opportunity-by-ivado-genome-quebec-oncopole\/#breadcrumb\",\"itemListElement\":[{\"@type\":\"ListItem\",\"position\":1,\"name\":\"Accueil\",\"item\":\"https:\/\/vieux.ivado.ca\/en\/\"},{\"@type\":\"ListItem\",\"position\":2,\"name\":\"IVADO scholarships\",\"item\":\"https:\/\/vieux.ivado.ca\/en\/ivado-scholarships\/\"},{\"@type\":\"ListItem\",\"position\":3,\"name\":\"Funding opportunity by IVADO, G\u00e9nome Qu\u00e9bec, Oncopole\"}]},{\"@type\":\"WebSite\",\"@id\":\"https:\/\/vieux.ivado.ca\/#website\",\"url\":\"https:\/\/vieux.ivado.ca\/\",\"name\":\"IVADO\",\"description\":\"Institut de valorisation des donn\u00e9es\",\"potentialAction\":[{\"@type\":\"SearchAction\",\"target\":{\"@type\":\"EntryPoint\",\"urlTemplate\":\"https:\/\/vieux.ivado.ca\/?s={search_term_string}\"},\"query-input\":\"required name=search_term_string\"}],\"inLanguage\":\"en-US\"}]}<\/script>\n<!-- \/ Yoast SEO plugin. -->","yoast_head_json":{"title":"Funding opportunity by IVADO, G\u00e9nome Qu\u00e9bec, Oncopole - IVADO","robots":{"index":"noindex","follow":"follow","max-snippet":"max-snippet:-1","max-image-preview":"max-image-preview:large","max-video-preview":"max-video-preview:-1"},"og_locale":"en_US","og_type":"article","og_title":"Funding opportunity by IVADO, G\u00e9nome Qu\u00e9bec, Oncopole - IVADO","og_description":"Funding opportunity by G\u00e9nome Qu\u00e9bec, Oncopole et IVADO: Artificial intelligence and omics data in the fight against cancer G\u00e9nome Qu\u00e9bec, Oncopole and IVADO have joined forces to launch the Omics... Read More","og_url":"https:\/\/vieux.ivado.ca\/en\/ivado-scholarships\/funding-opportunity-by-ivado-genome-quebec-oncopole\/","og_site_name":"IVADO","article_modified_time":"2020-04-01T13:39:48+00:00","og_image":[{"url":"https:\/\/vieux.ivado.ca\/wp-content\/uploads\/2020\/02\/IVADO_646X220_CONTEST_eng_GenomeQc-Oncopole_LinkedIn-01.jpg"}],"twitter_card":"summary_large_image","twitter_misc":{"Est. reading time":"1 minute"},"schema":{"@context":"https:\/\/schema.org","@graph":[{"@type":"WebPage","@id":"https:\/\/vieux.ivado.ca\/en\/ivado-scholarships\/funding-opportunity-by-ivado-genome-quebec-oncopole\/","url":"https:\/\/vieux.ivado.ca\/en\/ivado-scholarships\/funding-opportunity-by-ivado-genome-quebec-oncopole\/","name":"Funding opportunity by IVADO, G\u00e9nome Qu\u00e9bec, Oncopole - IVADO","isPartOf":{"@id":"https:\/\/vieux.ivado.ca\/#website"},"primaryImageOfPage":{"@id":"https:\/\/vieux.ivado.ca\/en\/ivado-scholarships\/funding-opportunity-by-ivado-genome-quebec-oncopole\/#primaryimage"},"image":{"@id":"https:\/\/vieux.ivado.ca\/en\/ivado-scholarships\/funding-opportunity-by-ivado-genome-quebec-oncopole\/#primaryimage"},"thumbnailUrl":"https:\/\/vieux.ivado.ca\/wp-content\/uploads\/2020\/02\/IVADO_646X220_CONTEST_eng_GenomeQc-Oncopole_LinkedIn-01.jpg","datePublished":"2020-02-11T15:05:26+00:00","dateModified":"2020-04-01T13:39:48+00:00","breadcrumb":{"@id":"https:\/\/vieux.ivado.ca\/en\/ivado-scholarships\/funding-opportunity-by-ivado-genome-quebec-oncopole\/#breadcrumb"},"inLanguage":"en-US","potentialAction":[{"@type":"ReadAction","target":["https:\/\/vieux.ivado.ca\/en\/ivado-scholarships\/funding-opportunity-by-ivado-genome-quebec-oncopole\/"]}]},{"@type":"ImageObject","inLanguage":"en-US","@id":"https:\/\/vieux.ivado.ca\/en\/ivado-scholarships\/funding-opportunity-by-ivado-genome-quebec-oncopole\/#primaryimage","url":"https:\/\/vieux.ivado.ca\/wp-content\/uploads\/2020\/02\/IVADO_646X220_CONTEST_eng_GenomeQc-Oncopole_LinkedIn-01.jpg","contentUrl":"https:\/\/vieux.ivado.ca\/wp-content\/uploads\/2020\/02\/IVADO_646X220_CONTEST_eng_GenomeQc-Oncopole_LinkedIn-01.jpg"},{"@type":"BreadcrumbList","@id":"https:\/\/vieux.ivado.ca\/en\/ivado-scholarships\/funding-opportunity-by-ivado-genome-quebec-oncopole\/#breadcrumb","itemListElement":[{"@type":"ListItem","position":1,"name":"Accueil","item":"https:\/\/vieux.ivado.ca\/en\/"},{"@type":"ListItem","position":2,"name":"IVADO scholarships","item":"https:\/\/vieux.ivado.ca\/en\/ivado-scholarships\/"},{"@type":"ListItem","position":3,"name":"Funding opportunity by IVADO, G\u00e9nome Qu\u00e9bec, Oncopole"}]},{"@type":"WebSite","@id":"https:\/\/vieux.ivado.ca\/#website","url":"https:\/\/vieux.ivado.ca\/","name":"IVADO","description":"Institut de valorisation des donn\u00e9es","potentialAction":[{"@type":"SearchAction","target":{"@type":"EntryPoint","urlTemplate":"https:\/\/vieux.ivado.ca\/?s={search_term_string}"},"query-input":"required name=search_term_string"}],"inLanguage":"en-US"}]}},"_links":{"self":[{"href":"https:\/\/vieux.ivado.ca\/en\/wp-json\/wp\/v2\/pages\/20234\/"}],"collection":[{"href":"https:\/\/vieux.ivado.ca\/en\/wp-json\/wp\/v2\/pages\/"}],"about":[{"href":"https:\/\/vieux.ivado.ca\/en\/wp-json\/wp\/v2\/types\/page\/"}],"author":[{"embeddable":true,"href":"https:\/\/vieux.ivado.ca\/en\/wp-json\/wp\/v2\/users\/33\/"}],"replies":[{"embeddable":true,"href":"https:\/\/vieux.ivado.ca\/en\/wp-json\/wp\/v2\/comments\/?post=20234"}],"version-history":[{"count":0,"href":"https:\/\/vieux.ivado.ca\/en\/wp-json\/wp\/v2\/pages\/20234\/revisions\/"}],"up":[{"embeddable":true,"href":"https:\/\/vieux.ivado.ca\/en\/wp-json\/wp\/v2\/pages\/9026\/"}],"wp:attachment":[{"href":"https:\/\/vieux.ivado.ca\/en\/wp-json\/wp\/v2\/media\/?parent=20234"}],"curies":[{"name":"wp","href":"https:\/\/api.w.org\/{rel}","templated":true}]}}