{"id":13747,"date":"2019-06-10T08:03:47","date_gmt":"2019-06-10T12:03:47","guid":{"rendered":"https:\/\/vieux.ivado.ca\/chaires-de-recherche-frq-ivado"},"modified":"2019-08-12T07:14:15","modified_gmt":"2019-08-12T11:14:15","slug":"frq-ivado-research-chairs","status":"publish","type":"page","link":"https:\/\/vieux.ivado.ca\/en\/spotlight\/frq-ivado-research-chairs\/","title":{"rendered":"APPOINTMENTS TO THREE FRQ\u2013IVADO RESEARCH CHAIRS FOR DIVERSITY AND EQUITY IN DATA SCIENCE"},"content":{"rendered":"<p>[vc_row][vc_column][vc_column_text]<\/p>\n<h5 style=\"text-align: center; font-size: 19px;\"><strong>$1.5 million in funding to support innovative research and training for a qualified workforce of data scientists <\/strong><\/h5>\n<p style=\"text-align: justify;\">The Fonds de recherche du Qu\u00e9bec (FRQ) and the Institute for Data Valorization (IVADO) announced the appointments of three FRQ\u2013IVADO research chairs in diversity and equity in data science.<\/p>\n<p style=\"text-align: justify;\">A pillar of innovative research, the research chair program was created to support the training of a qualified workforce of data scientists within three renowned institutions in Qu\u00e9bec: Universit\u00e9 de Montr\u00e9al, HEC Montr\u00e9al and Polytechnique Montr\u00e9al. In addition to making a significant contribution to cutting-edge data science research, the FRQ\u2013IVADO chairs aim to foster diversity and equity in data science research through the composition of the chairs\u2019 teams, leadership of the chairholders and directions of the research projects.<\/p>\n<p style=\"text-align: justify;\">Each chairholder is awarded funding in the amount of&nbsp;$100\u00a0000\/year for five years\u2014the duration of his or her mandate. Of the total amount, half will be dedicated to recruiting and supporting students and postdoctoral fellows from underrepresented groups.<\/p>\n<p style=\"text-align: justify;\"><strong>FRQ\u2013IVADO data science research chairs<\/strong><\/p>\n<p>[\/vc_column_text][\/vc_column][\/vc_row][vc_row][vc_column width=&#8221;1\/3&#8243;][vc_empty_space height=&#8221;300px&#8221; css=&#8221;.vc_custom_1562068643998{background-image: url(https:\/\/vieux.ivado.ca\/wp-content\/uploads\/2019\/07\/Margarida-Carvalho.jpg?id=14516) !important;}&#8221; el_class=&#8221;background-cover&#8221;][vc_column_text]<strong>Prof. Margarida Carvalho<\/strong><br \/>\n<strong>Universit\u00e9 de Montr\u00e9al<\/strong><\/p>\n<p style=\"text-align: justify;\"><strong>Margarida Carvalho<\/strong> is an assistant professor in the Department of Computer Science and Operations Research. Professor Carvalho specializes in game theory. She is the chair of the <a href=\"https:\/\/nouvelles.umontreal.ca\/article\/2019\/04\/17\/margarida-carvalho-dirigera-une-chaire-frq-ivado-en-science-des-donnees\/\" target=\"_blank\" rel=\"noopener noreferrer\"><strong>FRQ\u2013IVADO Chair in Data Science for Combinatorial Game Theory.<\/strong><\/a><\/p>\n<p>[\/vc_column_text][vc_empty_space height=&#8221;25px&#8221;][\/vc_column][vc_column width=&#8221;1\/3&#8243;][vc_empty_space height=&#8221;300px&#8221; css=&#8221;.vc_custom_1565608446039{background-image: url(https:\/\/vieux.ivado.ca\/wp-content\/uploads\/2019\/08\/Foutse-Khomh-e1565608385547.jpg?id=15440) !important;}&#8221; el_class=&#8221;background-cover&#8221;][vc_column_text]<strong>Prof. Foutse Khomh<\/strong><br \/>\n<strong>Polytechnique Montr\u00e9al<\/strong><\/p>\n<p style=\"text-align: justify;\"><strong>Foutse Khomh<\/strong> is an associate professor in the Department of Computer and Software Engineering at Polytechnique Montr\u00e9al. Professor Khomh has focused his research on software maintenance and evolution, cloud engineering, service-oriented software engineering, experimental software engineering and analytics. He is that chair for the\u00a0<strong><a href=\"https:\/\/www.polymtl.ca\/expertises\/en\/frq-ivado-chair-software-quality-assurance-machine-learning-applications\" target=\"_blank\" rel=\"noopener noreferrer\">FRQ\u2013IVADO Chair in Software Quality Assurance for Machine Learning Software<\/a>.<\/strong><\/p>\n<p>[\/vc_column_text][vc_empty_space height=&#8221;25px&#8221;][\/vc_column][vc_column width=&#8221;1\/3&#8243;][vc_empty_space height=&#8221;300px&#8221; css=&#8221;.vc_custom_1560170297101{background-image: url(https:\/\/vieux.ivado.ca\/wp-content\/uploads\/2019\/06\/Aurelie-labbe.jpg?id=13742) !important;}&#8221; el_class=&#8221;background-cover&#8221;][vc_column_text]<strong>Prof. Aur\u00e9lie Labbe<\/strong><br \/>\n<strong>HEC Montr\u00e9al<\/strong><\/p>\n<p style=\"text-align: justify;\"><strong>Aur\u00e9lie Labbe<\/strong> is an associate professor in the Department of Decision Sciences at HEC Montr\u00e9al. Professor Labbe specializes in data science with applications in health, transport and business and marketing. She is the chair of the\u00a0<strong><a href=\"https:\/\/chairesd.hec.ca\/en\/?noredirect=en_US\" target=\"_blank\" rel=\"noopener noreferrer\">FRQ\u2013IVADO Chair in Data Science<\/a>.<\/strong><\/p>\n<p>[\/vc_column_text][\/vc_column][\/vc_row][vc_row][vc_column][vc_column_text]<a href=\"https:\/\/vieux.ivado.ca\/en\/news\/press-releases\/appointments-to-three-frq-ivado-research-chairs-for-diversity-and-equity-in-data-science\/\">Read the full press release.<\/a>[\/vc_column_text][\/vc_column][\/vc_row]<\/p>\n","protected":false},"excerpt":{"rendered":"<p>[vc_row][vc_column][vc_column_text] $1.5 million in funding to support innovative research and training for a qualified workforce of data scientists The Fonds de recherche du Qu\u00e9bec (FRQ) and the Institute for Data&#8230; <\/p>\n<div class=\"clear\"><\/div>\n<p><a href=\"https:\/\/vieux.ivado.ca\/en\/spotlight\/frq-ivado-research-chairs\/\" class=\"gdlr-button with-border excerpt-read-more\">Read More<\/a><\/p>\n","protected":false},"author":33,"featured_media":0,"parent":4874,"menu_order":0,"comment_status":"closed","ping_status":"closed","template":"","meta":{"footnotes":""},"acf":[],"yoast_head":"<!-- This site is optimized with the Yoast SEO plugin v22.7 - https:\/\/yoast.com\/wordpress\/plugins\/seo\/ -->\n<title>APPOINTMENTS TO THREE FRQ\u2013IVADO RESEARCH CHAIRS FOR DIVERSITY AND EQUITY IN DATA SCIENCE - IVADO<\/title>\n<meta name=\"robots\" content=\"noindex, follow, max-snippet:-1, max-image-preview:large, max-video-preview:-1\" \/>\n<meta property=\"og:locale\" content=\"en_US\" \/>\n<meta property=\"og:type\" content=\"article\" \/>\n<meta property=\"og:title\" content=\"APPOINTMENTS TO THREE FRQ\u2013IVADO RESEARCH CHAIRS FOR DIVERSITY AND EQUITY IN DATA SCIENCE - IVADO\" \/>\n<meta property=\"og:description\" content=\"[vc_row][vc_column][vc_column_text] $1.5 million in funding to support innovative research and training for a qualified workforce of data scientists The Fonds de recherche du Qu\u00e9bec (FRQ) and the Institute for Data... Read More\" \/>\n<meta property=\"og:url\" content=\"https:\/\/vieux.ivado.ca\/en\/spotlight\/frq-ivado-research-chairs\/\" \/>\n<meta property=\"og:site_name\" content=\"IVADO\" \/>\n<meta property=\"article:modified_time\" content=\"2019-08-12T11:14:15+00:00\" \/>\n<meta name=\"twitter:card\" content=\"summary_large_image\" \/>\n<meta name=\"twitter:label1\" content=\"Est. reading time\" \/>\n\t<meta name=\"twitter:data1\" content=\"2 minutes\" \/>\n<script type=\"application\/ld+json\" class=\"yoast-schema-graph\">{\"@context\":\"https:\/\/schema.org\",\"@graph\":[{\"@type\":\"WebPage\",\"@id\":\"https:\/\/vieux.ivado.ca\/en\/spotlight\/frq-ivado-research-chairs\/\",\"url\":\"https:\/\/vieux.ivado.ca\/en\/spotlight\/frq-ivado-research-chairs\/\",\"name\":\"APPOINTMENTS TO THREE FRQ\u2013IVADO RESEARCH CHAIRS FOR DIVERSITY AND EQUITY IN DATA SCIENCE - IVADO\",\"isPartOf\":{\"@id\":\"https:\/\/vieux.ivado.ca\/#website\"},\"datePublished\":\"2019-06-10T12:03:47+00:00\",\"dateModified\":\"2019-08-12T11:14:15+00:00\",\"breadcrumb\":{\"@id\":\"https:\/\/vieux.ivado.ca\/en\/spotlight\/frq-ivado-research-chairs\/#breadcrumb\"},\"inLanguage\":\"en-US\",\"potentialAction\":[{\"@type\":\"ReadAction\",\"target\":[\"https:\/\/vieux.ivado.ca\/en\/spotlight\/frq-ivado-research-chairs\/\"]}]},{\"@type\":\"BreadcrumbList\",\"@id\":\"https:\/\/vieux.ivado.ca\/en\/spotlight\/frq-ivado-research-chairs\/#breadcrumb\",\"itemListElement\":[{\"@type\":\"ListItem\",\"position\":1,\"name\":\"Accueil\",\"item\":\"https:\/\/vieux.ivado.ca\/en\/\"},{\"@type\":\"ListItem\",\"position\":2,\"name\":\"Spotlight\",\"item\":\"https:\/\/vieux.ivado.ca\/en\/spotlight\/\"},{\"@type\":\"ListItem\",\"position\":3,\"name\":\"APPOINTMENTS TO THREE FRQ\u2013IVADO RESEARCH CHAIRS FOR DIVERSITY AND EQUITY IN DATA SCIENCE\"}]},{\"@type\":\"WebSite\",\"@id\":\"https:\/\/vieux.ivado.ca\/#website\",\"url\":\"https:\/\/vieux.ivado.ca\/\",\"name\":\"IVADO\",\"description\":\"Institut de valorisation des donn\u00e9es\",\"potentialAction\":[{\"@type\":\"SearchAction\",\"target\":{\"@type\":\"EntryPoint\",\"urlTemplate\":\"https:\/\/vieux.ivado.ca\/?s={search_term_string}\"},\"query-input\":\"required name=search_term_string\"}],\"inLanguage\":\"en-US\"}]}<\/script>\n<!-- \/ Yoast SEO plugin. -->","yoast_head_json":{"title":"APPOINTMENTS TO THREE FRQ\u2013IVADO RESEARCH CHAIRS FOR DIVERSITY AND EQUITY IN DATA SCIENCE - IVADO","robots":{"index":"noindex","follow":"follow","max-snippet":"max-snippet:-1","max-image-preview":"max-image-preview:large","max-video-preview":"max-video-preview:-1"},"og_locale":"en_US","og_type":"article","og_title":"APPOINTMENTS TO THREE FRQ\u2013IVADO RESEARCH CHAIRS FOR DIVERSITY AND EQUITY IN DATA SCIENCE - IVADO","og_description":"[vc_row][vc_column][vc_column_text] $1.5 million in funding to support innovative research and training for a qualified workforce of data scientists The Fonds de recherche du Qu\u00e9bec (FRQ) and the Institute for Data... Read More","og_url":"https:\/\/vieux.ivado.ca\/en\/spotlight\/frq-ivado-research-chairs\/","og_site_name":"IVADO","article_modified_time":"2019-08-12T11:14:15+00:00","twitter_card":"summary_large_image","twitter_misc":{"Est. reading time":"2 minutes"},"schema":{"@context":"https:\/\/schema.org","@graph":[{"@type":"WebPage","@id":"https:\/\/vieux.ivado.ca\/en\/spotlight\/frq-ivado-research-chairs\/","url":"https:\/\/vieux.ivado.ca\/en\/spotlight\/frq-ivado-research-chairs\/","name":"APPOINTMENTS TO THREE FRQ\u2013IVADO RESEARCH CHAIRS FOR DIVERSITY AND EQUITY IN DATA SCIENCE - IVADO","isPartOf":{"@id":"https:\/\/vieux.ivado.ca\/#website"},"datePublished":"2019-06-10T12:03:47+00:00","dateModified":"2019-08-12T11:14:15+00:00","breadcrumb":{"@id":"https:\/\/vieux.ivado.ca\/en\/spotlight\/frq-ivado-research-chairs\/#breadcrumb"},"inLanguage":"en-US","potentialAction":[{"@type":"ReadAction","target":["https:\/\/vieux.ivado.ca\/en\/spotlight\/frq-ivado-research-chairs\/"]}]},{"@type":"BreadcrumbList","@id":"https:\/\/vieux.ivado.ca\/en\/spotlight\/frq-ivado-research-chairs\/#breadcrumb","itemListElement":[{"@type":"ListItem","position":1,"name":"Accueil","item":"https:\/\/vieux.ivado.ca\/en\/"},{"@type":"ListItem","position":2,"name":"Spotlight","item":"https:\/\/vieux.ivado.ca\/en\/spotlight\/"},{"@type":"ListItem","position":3,"name":"APPOINTMENTS TO THREE FRQ\u2013IVADO RESEARCH CHAIRS FOR DIVERSITY AND EQUITY IN DATA SCIENCE"}]},{"@type":"WebSite","@id":"https:\/\/vieux.ivado.ca\/#website","url":"https:\/\/vieux.ivado.ca\/","name":"IVADO","description":"Institut de valorisation des donn\u00e9es","potentialAction":[{"@type":"SearchAction","target":{"@type":"EntryPoint","urlTemplate":"https:\/\/vieux.ivado.ca\/?s={search_term_string}"},"query-input":"required name=search_term_string"}],"inLanguage":"en-US"}]}},"_links":{"self":[{"href":"https:\/\/vieux.ivado.ca\/en\/wp-json\/wp\/v2\/pages\/13747\/"}],"collection":[{"href":"https:\/\/vieux.ivado.ca\/en\/wp-json\/wp\/v2\/pages\/"}],"about":[{"href":"https:\/\/vieux.ivado.ca\/en\/wp-json\/wp\/v2\/types\/page\/"}],"author":[{"embeddable":true,"href":"https:\/\/vieux.ivado.ca\/en\/wp-json\/wp\/v2\/users\/33\/"}],"replies":[{"embeddable":true,"href":"https:\/\/vieux.ivado.ca\/en\/wp-json\/wp\/v2\/comments\/?post=13747"}],"version-history":[{"count":0,"href":"https:\/\/vieux.ivado.ca\/en\/wp-json\/wp\/v2\/pages\/13747\/revisions\/"}],"up":[{"embeddable":true,"href":"https:\/\/vieux.ivado.ca\/en\/wp-json\/wp\/v2\/pages\/4874\/"}],"wp:attachment":[{"href":"https:\/\/vieux.ivado.ca\/en\/wp-json\/wp\/v2\/media\/?parent=13747"}],"curies":[{"name":"wp","href":"https:\/\/api.w.org\/{rel}","templated":true}]}}