{"id":11156,"date":"2019-02-04T09:21:03","date_gmt":"2019-02-04T14:21:03","guid":{"rendered":"https:\/\/vieux.ivado.ca\/trainings\/schools\/ecole-en-apprentissage-automatique"},"modified":"2020-04-30T16:28:28","modified_gmt":"2020-04-30T20:28:28","slug":"ecole-en-apprentissage-automatique","status":"publish","type":"page","link":"https:\/\/vieux.ivado.ca\/en\/trainings\/schools\/ecole-en-apprentissage-automatique\/","title":{"rendered":"Machine Learning School"},"content":{"rendered":"<h3>March 4-8, 2019 &#8211; Universit\u00e9 Laval, Qu\u00e9bec<\/h3>\n<h3>\u00c9cole en apprentissage automatique (1e \u00e9dition)<\/h3>\n<p>The machine learning school is co-organized by the\u00a0<a href=\"https:\/\/www.ulaval.ca\/la-recherche\/unites-de-recherche\/centres-de-recherche-reconnus\/centre-de-recherche-en-donnees-massives-crdm\" target=\"_blank\" rel=\"noopener noreferrer\">Centre de Recherche en Donn\u00e9es Massives<\/a>, the\u00a0<a href=\"https:\/\/www.fsg.ulaval.ca\">Facult\u00e9 des Sciences et G\u00e9nie de l&#8217;Universit\u00e9 Laval<\/a>, in collaboration with IVADO. The school will be held in French. Please visit <a href=\"https:\/\/vieux.ivado.ca\/formations\/ecoles\/ecole-en-apprentissage-automatique\">this page<\/a> for more information (in French).<\/p>\n","protected":false},"excerpt":{"rendered":"<p>March 4-8, 2019 &#8211; Universit\u00e9 Laval, Qu\u00e9bec \u00c9cole en apprentissage automatique (1e \u00e9dition) The machine learning school is co-organized by the\u00a0Centre de Recherche en Donn\u00e9es Massives, the\u00a0Facult\u00e9 des Sciences et&#8230; <\/p>\n<div class=\"clear\"><\/div>\n<p><a href=\"https:\/\/vieux.ivado.ca\/en\/trainings\/schools\/ecole-en-apprentissage-automatique\/\" class=\"gdlr-button with-border excerpt-read-more\">Read More<\/a><\/p>\n","protected":false},"author":33,"featured_media":0,"parent":9052,"menu_order":0,"comment_status":"closed","ping_status":"closed","template":"","meta":{"footnotes":""},"acf":[],"yoast_head":"<!-- This site is optimized with the Yoast SEO plugin v22.7 - https:\/\/yoast.com\/wordpress\/plugins\/seo\/ -->\n<title>Machine Learning School - IVADO<\/title>\n<meta name=\"robots\" content=\"noindex, follow, max-snippet:-1, max-image-preview:large, max-video-preview:-1\" \/>\n<meta property=\"og:locale\" content=\"en_US\" \/>\n<meta property=\"og:type\" content=\"article\" \/>\n<meta property=\"og:title\" content=\"Machine Learning School - IVADO\" \/>\n<meta property=\"og:description\" content=\"March 4-8, 2019 &#8211; Universit\u00e9 Laval, Qu\u00e9bec \u00c9cole en apprentissage automatique (1e \u00e9dition) The machine learning school is co-organized by the\u00a0Centre de Recherche en Donn\u00e9es Massives, the\u00a0Facult\u00e9 des Sciences et... Read More\" \/>\n<meta property=\"og:url\" content=\"https:\/\/vieux.ivado.ca\/en\/trainings\/schools\/ecole-en-apprentissage-automatique\/\" \/>\n<meta property=\"og:site_name\" content=\"IVADO\" \/>\n<meta property=\"article:modified_time\" content=\"2020-04-30T20:28:28+00:00\" \/>\n<meta name=\"twitter:card\" content=\"summary_large_image\" \/>\n<script type=\"application\/ld+json\" class=\"yoast-schema-graph\">{\"@context\":\"https:\/\/schema.org\",\"@graph\":[{\"@type\":\"WebPage\",\"@id\":\"https:\/\/vieux.ivado.ca\/en\/trainings\/schools\/ecole-en-apprentissage-automatique\/\",\"url\":\"https:\/\/vieux.ivado.ca\/en\/trainings\/schools\/ecole-en-apprentissage-automatique\/\",\"name\":\"Machine Learning School - IVADO\",\"isPartOf\":{\"@id\":\"https:\/\/vieux.ivado.ca\/#website\"},\"datePublished\":\"2019-02-04T14:21:03+00:00\",\"dateModified\":\"2020-04-30T20:28:28+00:00\",\"breadcrumb\":{\"@id\":\"https:\/\/vieux.ivado.ca\/en\/trainings\/schools\/ecole-en-apprentissage-automatique\/#breadcrumb\"},\"inLanguage\":\"en-US\",\"potentialAction\":[{\"@type\":\"ReadAction\",\"target\":[\"https:\/\/vieux.ivado.ca\/en\/trainings\/schools\/ecole-en-apprentissage-automatique\/\"]}]},{\"@type\":\"BreadcrumbList\",\"@id\":\"https:\/\/vieux.ivado.ca\/en\/trainings\/schools\/ecole-en-apprentissage-automatique\/#breadcrumb\",\"itemListElement\":[{\"@type\":\"ListItem\",\"position\":1,\"name\":\"Accueil\",\"item\":\"https:\/\/vieux.ivado.ca\/en\/\"},{\"@type\":\"ListItem\",\"position\":2,\"name\":\"Becoming a Data Scientist\",\"item\":\"https:\/\/vieux.ivado.ca\/en\/trainings\/\"},{\"@type\":\"ListItem\",\"position\":3,\"name\":\"IVADO Schools\",\"item\":\"https:\/\/vieux.ivado.ca\/en\/trainings\/schools\/\"},{\"@type\":\"ListItem\",\"position\":4,\"name\":\"Machine Learning School\"}]},{\"@type\":\"WebSite\",\"@id\":\"https:\/\/vieux.ivado.ca\/#website\",\"url\":\"https:\/\/vieux.ivado.ca\/\",\"name\":\"IVADO\",\"description\":\"Institut de valorisation des donn\u00e9es\",\"potentialAction\":[{\"@type\":\"SearchAction\",\"target\":{\"@type\":\"EntryPoint\",\"urlTemplate\":\"https:\/\/vieux.ivado.ca\/?s={search_term_string}\"},\"query-input\":\"required name=search_term_string\"}],\"inLanguage\":\"en-US\"}]}<\/script>\n<!-- \/ Yoast SEO plugin. -->","yoast_head_json":{"title":"Machine Learning School - IVADO","robots":{"index":"noindex","follow":"follow","max-snippet":"max-snippet:-1","max-image-preview":"max-image-preview:large","max-video-preview":"max-video-preview:-1"},"og_locale":"en_US","og_type":"article","og_title":"Machine Learning School - IVADO","og_description":"March 4-8, 2019 &#8211; Universit\u00e9 Laval, Qu\u00e9bec \u00c9cole en apprentissage automatique (1e \u00e9dition) The machine learning school is co-organized by the\u00a0Centre de Recherche en Donn\u00e9es Massives, the\u00a0Facult\u00e9 des Sciences et... Read More","og_url":"https:\/\/vieux.ivado.ca\/en\/trainings\/schools\/ecole-en-apprentissage-automatique\/","og_site_name":"IVADO","article_modified_time":"2020-04-30T20:28:28+00:00","twitter_card":"summary_large_image","schema":{"@context":"https:\/\/schema.org","@graph":[{"@type":"WebPage","@id":"https:\/\/vieux.ivado.ca\/en\/trainings\/schools\/ecole-en-apprentissage-automatique\/","url":"https:\/\/vieux.ivado.ca\/en\/trainings\/schools\/ecole-en-apprentissage-automatique\/","name":"Machine Learning School - IVADO","isPartOf":{"@id":"https:\/\/vieux.ivado.ca\/#website"},"datePublished":"2019-02-04T14:21:03+00:00","dateModified":"2020-04-30T20:28:28+00:00","breadcrumb":{"@id":"https:\/\/vieux.ivado.ca\/en\/trainings\/schools\/ecole-en-apprentissage-automatique\/#breadcrumb"},"inLanguage":"en-US","potentialAction":[{"@type":"ReadAction","target":["https:\/\/vieux.ivado.ca\/en\/trainings\/schools\/ecole-en-apprentissage-automatique\/"]}]},{"@type":"BreadcrumbList","@id":"https:\/\/vieux.ivado.ca\/en\/trainings\/schools\/ecole-en-apprentissage-automatique\/#breadcrumb","itemListElement":[{"@type":"ListItem","position":1,"name":"Accueil","item":"https:\/\/vieux.ivado.ca\/en\/"},{"@type":"ListItem","position":2,"name":"Becoming a Data Scientist","item":"https:\/\/vieux.ivado.ca\/en\/trainings\/"},{"@type":"ListItem","position":3,"name":"IVADO Schools","item":"https:\/\/vieux.ivado.ca\/en\/trainings\/schools\/"},{"@type":"ListItem","position":4,"name":"Machine Learning School"}]},{"@type":"WebSite","@id":"https:\/\/vieux.ivado.ca\/#website","url":"https:\/\/vieux.ivado.ca\/","name":"IVADO","description":"Institut de valorisation des donn\u00e9es","potentialAction":[{"@type":"SearchAction","target":{"@type":"EntryPoint","urlTemplate":"https:\/\/vieux.ivado.ca\/?s={search_term_string}"},"query-input":"required name=search_term_string"}],"inLanguage":"en-US"}]}},"_links":{"self":[{"href":"https:\/\/vieux.ivado.ca\/en\/wp-json\/wp\/v2\/pages\/11156\/"}],"collection":[{"href":"https:\/\/vieux.ivado.ca\/en\/wp-json\/wp\/v2\/pages\/"}],"about":[{"href":"https:\/\/vieux.ivado.ca\/en\/wp-json\/wp\/v2\/types\/page\/"}],"author":[{"embeddable":true,"href":"https:\/\/vieux.ivado.ca\/en\/wp-json\/wp\/v2\/users\/33\/"}],"replies":[{"embeddable":true,"href":"https:\/\/vieux.ivado.ca\/en\/wp-json\/wp\/v2\/comments\/?post=11156"}],"version-history":[{"count":0,"href":"https:\/\/vieux.ivado.ca\/en\/wp-json\/wp\/v2\/pages\/11156\/revisions\/"}],"up":[{"embeddable":true,"href":"https:\/\/vieux.ivado.ca\/en\/wp-json\/wp\/v2\/pages\/9052\/"}],"wp:attachment":[{"href":"https:\/\/vieux.ivado.ca\/en\/wp-json\/wp\/v2\/media\/?parent=11156"}],"curies":[{"name":"wp","href":"https:\/\/api.w.org\/{rel}","templated":true}]}}