{"id":10710,"date":"2018-05-30T12:54:24","date_gmt":"2018-05-30T17:54:24","guid":{"rendered":"https:\/\/vieux.ivado.ca\/trainings\/formations-credites-campus"},"modified":"2020-01-21T08:38:34","modified_gmt":"2020-01-21T13:38:34","slug":"formations-credites-campus","status":"publish","type":"page","link":"https:\/\/vieux.ivado.ca\/en\/trainings\/formations-credites-campus\/","title":{"rendered":"University Programs"},"content":{"rendered":"<div class=\"gdlr-shortcode-wrapper\"><div class=\"clear\"><\/div><div class=\"gdlr-item gdlr-divider-item\"  ><div class=\"gdlr-divider solid\"  style=\"width: 50%;\" ><\/div><\/div><\/div>\n<p>This page includes all academic programs offered in English by the\u00a0<a href=\"http:\/\/www.umontreal.ca\/\" target=\"_blank\" rel=\"noopener noreferrer\">Universit\u00e9 de Montr\u00e9al<\/a>, <a href=\"http:\/\/www.polymtl.ca\/\" target=\"_blank\" rel=\"noopener noreferrer\">Polytechnique Montr\u00e9al<\/a>\u00a0and\u00a0<a href=\"http:\/\/www.hec.ca\/\" target=\"_blank\" rel=\"noopener noreferrer\">HEC Montr\u00e9al<\/a>. To access programs offered in French, please consult this <a href=\"https:\/\/vieux.ivado.ca\/formations\/formations-credites-campus\">page<\/a>.<\/p>\n<div class=\"gdlr-shortcode-wrapper\"><div class=\"gdlr-item gdlr-tab-item horizontal\" ><div class=\"tab-title-wrapper\" ><h4 class=\"tab-title\" ><span>Undergraduate<\/span><\/h4><h4 class=\"tab-title active\" ><span>Graduate - Master`s<\/span><\/h4><h4 class=\"tab-title\" ><span>Graduate - PhD<\/span><\/h4><\/div><div class=\"tab-content-wrapper\" ><div class=\"tab-content\" ><p>No programs are currently offered in English.<\/p>\n<\/div><div class=\"tab-content active\" ><h4>HEC Montr\u00e9al<\/h4>\n<p><strong><a href=\"https:\/\/www.hec.ca\/en\/programs\/masters\/master-data-science-business-analytics\/index.html\" target=\"_blank\" rel=\"noopener noreferrer\">MASTER OF SCIENCE (MSC) \u2013 DATA SCIENCE AND BUSINESS ANALYTICS<\/a><\/strong><\/p>\n<p>Get the tools to take on one of the greatest management challenges in the age of digital technology and artificial intelligence: become an expert in analytics and data science. You\u2019ll acquire the skills you need for better decision making, making you more competitive and innovative.<\/p>\n<p><strong><a href=\"http:\/\/www.hec.ca\/en\/programs\/masters\/master-user-experience\/index.html\">MASTER OF SCIENCE (MSC) \u2013 USER EXPERIENCE IN A BUSINESS CONTEXT<\/a><\/strong><\/p>\n<p>A range of methods and in-depth skills for process management: exploring user needs; ideation; design of effective interfaces; evaluating the user experience. Complete knowledge of ISO standards applying to UX activities (e.g., ISO 9241-220 and ISO 25066). Unique access to the leading UX lab in North America, the <a href=\"https:\/\/tech3lab.hec.ca\/en\/\">Tech3Lab<\/a>.<\/p>\n<\/div><div class=\"tab-content\" ><h4>HEC Montr\u00e9al<\/h4>\n<p><strong><a href=\"http:\/\/www.hec.ca\/en\/programs\/phd\/phd-data-science\/index.html\">PHD IN ADMINISTRATION &#8211; DATA SCIENCE<\/a><\/strong><\/p>\n<p>Offered by HEC Montr\u00e9al jointly with Concordia and McGill universities and the Universit\u00e9 du Qu\u00e9bec \u00e0 Montr\u00e9al (UQAM). All enrolled students receive an exemption of tuition fees during the first 4 years of studies and an amount of&nbsp;$20,000 to&nbsp;$25,000 (mostly scholarships) per year (<a href=\"http:\/\/www.hec.ca\/en\/programs\/phd\/phd-data-science\/financing\/index.html\">details on website<\/a>).<\/p>\n<p>Research interests: artificial intelligence, bayesian statistics, big data mining, data mining, deep learning, genomics, machine learning, non-parametric methods, recommendation systems and statistics.<\/p>\n<p><strong><a href=\"http:\/\/www.hec.ca\/en\/programs\/phd\/phd-management-science\/index.html\">PHD IN ADMINISTRATION &#8211; MANAGEMENT SCIENCE<\/a><\/strong><\/p>\n<p>Offered by HEC Montr\u00e9al jointly with Concordia and McGill universities and the Universit\u00e9 du Qu\u00e9bec \u00e0 Montr\u00e9al (UQAM). All enrolled students receive an exemption of tuition fees during the first 4 years of studies and an amount of&nbsp;$25,000 (mostly scholarships) per year (<a href=\"http:\/\/www.hec.ca\/en\/programs\/phd\/phd-management-science\/financing\/index.html\">details on website<\/a>).<\/p>\n<p>Research interests: applications of operational research in finance, business analytics, combinatorial optimization, distribution management, supply chains, dynamic optimization, environmental management, game theory, graphs and networks, modelling and energy policy, optimization methods, quantitative methods in marketing and robust optimization.<\/p>\n<\/div><\/div><div class=\"clear\"><\/div><\/div><\/div>\n<h3 class=\"csc-firstHeader\"><\/h3>\n","protected":false},"excerpt":{"rendered":"<p>This page includes all academic programs offered in English by the\u00a0Universit\u00e9 de Montr\u00e9al, Polytechnique Montr\u00e9al\u00a0and\u00a0HEC Montr\u00e9al. To access programs offered in French, please consult this page.<\/p>\n","protected":false},"author":33,"featured_media":0,"parent":4838,"menu_order":0,"comment_status":"closed","ping_status":"closed","template":"","meta":{"footnotes":""},"acf":[],"yoast_head":"<!-- This site is optimized with the Yoast SEO plugin v22.7 - https:\/\/yoast.com\/wordpress\/plugins\/seo\/ -->\n<title>University Programs - IVADO<\/title>\n<meta name=\"robots\" content=\"noindex, follow, max-snippet:-1, max-image-preview:large, max-video-preview:-1\" \/>\n<meta property=\"og:locale\" content=\"en_US\" \/>\n<meta property=\"og:type\" content=\"article\" \/>\n<meta property=\"og:title\" content=\"University Programs - IVADO\" \/>\n<meta property=\"og:description\" content=\"This page includes all academic programs offered in English by the\u00a0Universit\u00e9 de Montr\u00e9al, Polytechnique Montr\u00e9al\u00a0and\u00a0HEC Montr\u00e9al. To access programs offered in French, please consult this page.\" \/>\n<meta property=\"og:url\" content=\"https:\/\/vieux.ivado.ca\/en\/trainings\/formations-credites-campus\/\" \/>\n<meta property=\"og:site_name\" content=\"IVADO\" \/>\n<meta property=\"article:modified_time\" content=\"2020-01-21T13:38:34+00:00\" \/>\n<meta name=\"twitter:card\" content=\"summary_large_image\" \/>\n<meta name=\"twitter:label1\" content=\"Est. reading time\" \/>\n\t<meta name=\"twitter:data1\" content=\"2 minutes\" \/>\n<script type=\"application\/ld+json\" class=\"yoast-schema-graph\">{\"@context\":\"https:\/\/schema.org\",\"@graph\":[{\"@type\":\"WebPage\",\"@id\":\"https:\/\/vieux.ivado.ca\/en\/trainings\/formations-credites-campus\/\",\"url\":\"https:\/\/vieux.ivado.ca\/en\/trainings\/formations-credites-campus\/\",\"name\":\"University Programs - IVADO\",\"isPartOf\":{\"@id\":\"https:\/\/vieux.ivado.ca\/#website\"},\"datePublished\":\"2018-05-30T17:54:24+00:00\",\"dateModified\":\"2020-01-21T13:38:34+00:00\",\"breadcrumb\":{\"@id\":\"https:\/\/vieux.ivado.ca\/en\/trainings\/formations-credites-campus\/#breadcrumb\"},\"inLanguage\":\"en-US\",\"potentialAction\":[{\"@type\":\"ReadAction\",\"target\":[\"https:\/\/vieux.ivado.ca\/en\/trainings\/formations-credites-campus\/\"]}]},{\"@type\":\"BreadcrumbList\",\"@id\":\"https:\/\/vieux.ivado.ca\/en\/trainings\/formations-credites-campus\/#breadcrumb\",\"itemListElement\":[{\"@type\":\"ListItem\",\"position\":1,\"name\":\"Accueil\",\"item\":\"https:\/\/vieux.ivado.ca\/en\/\"},{\"@type\":\"ListItem\",\"position\":2,\"name\":\"Becoming a Data Scientist\",\"item\":\"https:\/\/vieux.ivado.ca\/en\/trainings\/\"},{\"@type\":\"ListItem\",\"position\":3,\"name\":\"University Programs\"}]},{\"@type\":\"WebSite\",\"@id\":\"https:\/\/vieux.ivado.ca\/#website\",\"url\":\"https:\/\/vieux.ivado.ca\/\",\"name\":\"IVADO\",\"description\":\"Institut de valorisation des donn\u00e9es\",\"potentialAction\":[{\"@type\":\"SearchAction\",\"target\":{\"@type\":\"EntryPoint\",\"urlTemplate\":\"https:\/\/vieux.ivado.ca\/?s={search_term_string}\"},\"query-input\":\"required name=search_term_string\"}],\"inLanguage\":\"en-US\"}]}<\/script>\n<!-- \/ Yoast SEO plugin. -->","yoast_head_json":{"title":"University Programs - IVADO","robots":{"index":"noindex","follow":"follow","max-snippet":"max-snippet:-1","max-image-preview":"max-image-preview:large","max-video-preview":"max-video-preview:-1"},"og_locale":"en_US","og_type":"article","og_title":"University Programs - IVADO","og_description":"This page includes all academic programs offered in English by the\u00a0Universit\u00e9 de Montr\u00e9al, Polytechnique Montr\u00e9al\u00a0and\u00a0HEC Montr\u00e9al. To access programs offered in French, please consult this page.","og_url":"https:\/\/vieux.ivado.ca\/en\/trainings\/formations-credites-campus\/","og_site_name":"IVADO","article_modified_time":"2020-01-21T13:38:34+00:00","twitter_card":"summary_large_image","twitter_misc":{"Est. reading time":"2 minutes"},"schema":{"@context":"https:\/\/schema.org","@graph":[{"@type":"WebPage","@id":"https:\/\/vieux.ivado.ca\/en\/trainings\/formations-credites-campus\/","url":"https:\/\/vieux.ivado.ca\/en\/trainings\/formations-credites-campus\/","name":"University Programs - IVADO","isPartOf":{"@id":"https:\/\/vieux.ivado.ca\/#website"},"datePublished":"2018-05-30T17:54:24+00:00","dateModified":"2020-01-21T13:38:34+00:00","breadcrumb":{"@id":"https:\/\/vieux.ivado.ca\/en\/trainings\/formations-credites-campus\/#breadcrumb"},"inLanguage":"en-US","potentialAction":[{"@type":"ReadAction","target":["https:\/\/vieux.ivado.ca\/en\/trainings\/formations-credites-campus\/"]}]},{"@type":"BreadcrumbList","@id":"https:\/\/vieux.ivado.ca\/en\/trainings\/formations-credites-campus\/#breadcrumb","itemListElement":[{"@type":"ListItem","position":1,"name":"Accueil","item":"https:\/\/vieux.ivado.ca\/en\/"},{"@type":"ListItem","position":2,"name":"Becoming a Data Scientist","item":"https:\/\/vieux.ivado.ca\/en\/trainings\/"},{"@type":"ListItem","position":3,"name":"University Programs"}]},{"@type":"WebSite","@id":"https:\/\/vieux.ivado.ca\/#website","url":"https:\/\/vieux.ivado.ca\/","name":"IVADO","description":"Institut de valorisation des donn\u00e9es","potentialAction":[{"@type":"SearchAction","target":{"@type":"EntryPoint","urlTemplate":"https:\/\/vieux.ivado.ca\/?s={search_term_string}"},"query-input":"required name=search_term_string"}],"inLanguage":"en-US"}]}},"_links":{"self":[{"href":"https:\/\/vieux.ivado.ca\/en\/wp-json\/wp\/v2\/pages\/10710\/"}],"collection":[{"href":"https:\/\/vieux.ivado.ca\/en\/wp-json\/wp\/v2\/pages\/"}],"about":[{"href":"https:\/\/vieux.ivado.ca\/en\/wp-json\/wp\/v2\/types\/page\/"}],"author":[{"embeddable":true,"href":"https:\/\/vieux.ivado.ca\/en\/wp-json\/wp\/v2\/users\/33\/"}],"replies":[{"embeddable":true,"href":"https:\/\/vieux.ivado.ca\/en\/wp-json\/wp\/v2\/comments\/?post=10710"}],"version-history":[{"count":0,"href":"https:\/\/vieux.ivado.ca\/en\/wp-json\/wp\/v2\/pages\/10710\/revisions\/"}],"up":[{"embeddable":true,"href":"https:\/\/vieux.ivado.ca\/en\/wp-json\/wp\/v2\/pages\/4838\/"}],"wp:attachment":[{"href":"https:\/\/vieux.ivado.ca\/en\/wp-json\/wp\/v2\/media\/?parent=10710"}],"curies":[{"name":"wp","href":"https:\/\/api.w.org\/{rel}","templated":true}]}}